{"id":8238,"date":"2024-04-27T16:24:53","date_gmt":"2024-04-27T14:24:53","guid":{"rendered":"https:\/\/lesis-creations.com\/product\/louis-tomlinsom-t-shirt-shirt-i-love-him-i-hate-it-back-to-you-louis-fan-merch-womens-cotton-shirt\/"},"modified":"2024-05-25T11:23:47","modified_gmt":"2024-05-25T09:23:47","slug":"louis-tomlinson-t-shirt-shirt-i-love-him-i-hate-it-back-to-you-louis-fan-merch-womens-cotton-shirt","status":"publish","type":"product","link":"https:\/\/lesis-creations.com\/en\/product\/louis-tomlinson-t-shirt-shirt-i-love-him-i-hate-it-back-to-you-louis-fan-merch-womens-cotton-shirt\/","title":{"rendered":"Louis Tomlinson T-shirt Shirt I love him I hate it, back to you, Louis fan merch Women&#8217;s Cotton shirt"},"content":{"rendered":"<p>Make a statement in this iconic Louis Tomlinson T-shirt Shirt I love him I hate it, back to you! Show off your fandom and style with this unique, one-of-a-kind piece. This T-shirt is the perfect addition to any Louis fan&#8217;s wardrobe. Crafted from high-quality, soft and comfortable fabric, it&#8217;s sure to keep you feeling cool and stylish all day long.<\/p>\n<p>The vibrant design of this T-shirt allows fans to show their love for Harry Styles wherever they go.<\/p>\n<p>Don&#8217;t miss out on this must-have item. Whether you are adding to your Harry Styles collection or simply looking to make a statement, this Louis Tomlinson T-shirt Shirt I love him I hate it, back to you is the perfect choice. You&#8217;ll be sure to make a bold statement wherever you go &#8211; this one-of-a-kind piece is sure to show off your style and your fandom. Get one now and add it to your wardrobe today!<\/p>\n<p>The woman&#8217;s softstyle tee is a more feminine take on the classic tee. The sleeves are shortened to reveal some shoulder. The fabric is 100% ringspun cotton for all solid colors. The shoulders are taped with twill to prolong durability. The collar seam is reinforced with ribbed knitting.<\/p>\n<p>&nbsp;<\/p>\n<p>.: 100% ringspun cotton (fiber content may vary for different colors)<\/p>\n<p>.: Light fabric (4.5 oz\/yd\u00b2 (153 g\/m\u00b2))<\/p>\n<p>.: Semi-fitted<\/p>\n<p>.: Tear-away label<\/p>\n<p>.: Runs true to size<\/p>","protected":false},"excerpt":{"rendered":"<p>.: 100% ringspun cotton (fiber content may vary for different colors)<\/p>\n<p>.: Light fabric (4.5 oz\/yd\u00b2 (153 g\/m\u00b2))<\/p>\n<p>.: Semi-fitted<\/p>\n<p>.: Tear-away label<\/p>\n<p>.: Runs true to size<\/p>","protected":false},"featured_media":9280,"comment_status":"open","ping_status":"closed","template":"","meta":{"_et_pb_use_builder":"","_et_pb_old_content":"","_et_gb_content_width":"","_uf_show_specific_survey":0,"_uf_disable_surveys":false},"product_brand":[],"product_cat":[168,272],"product_tag":[275,280,281,274,276,273,279,277,278],"class_list":{"0":"post-8238","1":"product","2":"type-product","3":"status-publish","4":"has-post-thumbnail","6":"product_cat-ostalo","7":"product_cat-print-on-demand","8":"product_tag-hoodie","9":"product_tag-majica","10":"product_tag-print-na-majicu","11":"product_tag-shirt","12":"product_tag-shirts","13":"product_tag-t-shirt","14":"product_tag-tees","15":"product_tag-tops","16":"product_tag-tshirts","18":"first","19":"instock","20":"featured","21":"shipping-taxable","22":"purchasable","23":"product-type-variable","24":"has-default-attributes"},"yoast_head":"<!-- This site is optimized with the Yoast SEO plugin v27.4 - https:\/\/yoast.com\/product\/yoast-seo-wordpress\/ -->\n<title>Louis Tomlinson T-shirt Shirt I love him I hate it, back to you, Louis fan merch Women&#039;s Cotton shirt - Nakit od polimerne gline, ro\u0111endanski komplet, ukrasni jastuci<\/title>\n<meta name=\"description\" content=\"Stvaram jednostavne komade nakita od polimerne gline koje mo\u017eete nositi svaki dan i u posebnim prilikama po Va\u0161im \u017eeljama. Nakit\/nau\u0161nice\/narukvice\/ogrlice, dje\u010dji ro\u0111endanski kompleti\u0107i (bodi, majica, suknja), ukrasni jastuci, gumice (scruchie) za kosu, okviri za uspomenu, privjesak za klju\u010deve\" \/>\n<meta name=\"robots\" content=\"index, follow, max-snippet:-1, max-image-preview:large, max-video-preview:-1\" \/>\n<link rel=\"canonical\" href=\"https:\/\/lesis-creations.com\/en\/product\/louis-tomlinson-t-shirt-shirt-i-love-him-i-hate-it-back-to-you-louis-fan-merch-womens-cotton-shirt\/\" \/>\n<meta property=\"og:locale\" content=\"en_GB\" \/>\n<meta property=\"og:type\" content=\"article\" \/>\n<meta property=\"og:title\" content=\"Louis Tomlinson T-shirt Shirt I love him I hate it, back to you, Louis fan merch Women&#039;s Cotton shirt - Nakit od polimerne gline, ro\u0111endanski komplet, ukrasni jastuci\" \/>\n<meta property=\"og:description\" content=\"Stvaram jednostavne komade nakita od polimerne gline koje mo\u017eete nositi svaki dan i u posebnim prilikama po Va\u0161im \u017eeljama. Nakit\/nau\u0161nice\/narukvice\/ogrlice, dje\u010dji ro\u0111endanski kompleti\u0107i (bodi, majica, suknja), ukrasni jastuci, gumice (scruchie) za kosu, okviri za uspomenu, privjesak za klju\u010deve\" \/>\n<meta property=\"og:url\" content=\"https:\/\/lesis-creations.com\/en\/product\/louis-tomlinson-t-shirt-shirt-i-love-him-i-hate-it-back-to-you-louis-fan-merch-womens-cotton-shirt\/\" \/>\n<meta property=\"og:site_name\" content=\"Nakit od polimerne gline, ro\u0111endanski komplet, ukrasni jastuci\" \/>\n<meta property=\"article:publisher\" content=\"https:\/\/facebook.com\/NakitLesis\" \/>\n<meta property=\"article:modified_time\" content=\"2024-05-25T09:23:47+00:00\" \/>\n<meta property=\"og:image\" content=\"https:\/\/lesis-creations.com\/wp-content\/uploads\/2024\/05\/18542-23.jpg\" \/>\n\t<meta property=\"og:image:width\" content=\"1200\" \/>\n\t<meta property=\"og:image:height\" content=\"1200\" \/>\n\t<meta property=\"og:image:type\" content=\"image\/jpeg\" \/>\n<meta name=\"twitter:card\" content=\"summary_large_image\" \/>\n<meta name=\"twitter:label1\" content=\"Estimated reading time\" \/>\n\t<meta name=\"twitter:data1\" content=\"2 minutes\" \/>\n<script type=\"application\/ld+json\" class=\"yoast-schema-graph\">{\"@context\":\"https:\\\/\\\/schema.org\",\"@graph\":[{\"@type\":\"WebPage\",\"@id\":\"https:\\\/\\\/lesis-creations.com\\\/product\\\/louis-tomlinson-t-shirt-shirt-i-love-him-i-hate-it-back-to-you-louis-fan-merch-womens-cotton-shirt\\\/\",\"url\":\"https:\\\/\\\/lesis-creations.com\\\/product\\\/louis-tomlinson-t-shirt-shirt-i-love-him-i-hate-it-back-to-you-louis-fan-merch-womens-cotton-shirt\\\/\",\"name\":\"Louis Tomlinson T-shirt Shirt I love him I hate it, back to you, Louis fan merch Women's Cotton shirt - Nakit od polimerne gline, ro\u0111endanski komplet, ukrasni jastuci\",\"isPartOf\":{\"@id\":\"https:\\\/\\\/lesis-creations.com\\\/#website\"},\"primaryImageOfPage\":{\"@id\":\"https:\\\/\\\/lesis-creations.com\\\/product\\\/louis-tomlinson-t-shirt-shirt-i-love-him-i-hate-it-back-to-you-louis-fan-merch-womens-cotton-shirt\\\/#primaryimage\"},\"image\":{\"@id\":\"https:\\\/\\\/lesis-creations.com\\\/product\\\/louis-tomlinson-t-shirt-shirt-i-love-him-i-hate-it-back-to-you-louis-fan-merch-womens-cotton-shirt\\\/#primaryimage\"},\"thumbnailUrl\":\"https:\\\/\\\/lesis-creations.com\\\/wp-content\\\/uploads\\\/2024\\\/05\\\/18542-23.jpg\",\"datePublished\":\"2024-04-27T14:24:53+00:00\",\"dateModified\":\"2024-05-25T09:23:47+00:00\",\"description\":\"Stvaram jednostavne komade nakita od polimerne gline koje mo\u017eete nositi svaki dan i u posebnim prilikama po Va\u0161im \u017eeljama. Nakit\\\/nau\u0161nice\\\/narukvice\\\/ogrlice, dje\u010dji ro\u0111endanski kompleti\u0107i (bodi, majica, suknja), ukrasni jastuci, gumice (scruchie) za kosu, okviri za uspomenu, privjesak za klju\u010deve\",\"breadcrumb\":{\"@id\":\"https:\\\/\\\/lesis-creations.com\\\/product\\\/louis-tomlinson-t-shirt-shirt-i-love-him-i-hate-it-back-to-you-louis-fan-merch-womens-cotton-shirt\\\/#breadcrumb\"},\"inLanguage\":\"en-GB\",\"potentialAction\":[{\"@type\":\"ReadAction\",\"target\":[\"https:\\\/\\\/lesis-creations.com\\\/product\\\/louis-tomlinson-t-shirt-shirt-i-love-him-i-hate-it-back-to-you-louis-fan-merch-womens-cotton-shirt\\\/\"]}]},{\"@type\":\"ImageObject\",\"inLanguage\":\"en-GB\",\"@id\":\"https:\\\/\\\/lesis-creations.com\\\/product\\\/louis-tomlinson-t-shirt-shirt-i-love-him-i-hate-it-back-to-you-louis-fan-merch-womens-cotton-shirt\\\/#primaryimage\",\"url\":\"https:\\\/\\\/lesis-creations.com\\\/wp-content\\\/uploads\\\/2024\\\/05\\\/18542-23.jpg\",\"contentUrl\":\"https:\\\/\\\/lesis-creations.com\\\/wp-content\\\/uploads\\\/2024\\\/05\\\/18542-23.jpg\",\"width\":1200,\"height\":1200,\"caption\":\"Louis Tomlinsom T-shirt Shirt I love him I hate it, back to you, Louis fan merch Women's Cotton shirt\"},{\"@type\":\"BreadcrumbList\",\"@id\":\"https:\\\/\\\/lesis-creations.com\\\/product\\\/louis-tomlinson-t-shirt-shirt-i-love-him-i-hate-it-back-to-you-louis-fan-merch-womens-cotton-shirt\\\/#breadcrumb\",\"itemListElement\":[{\"@type\":\"ListItem\",\"position\":1,\"name\":\"Home\",\"item\":\"https:\\\/\\\/lesis-creations.com\\\/\"},{\"@type\":\"ListItem\",\"position\":2,\"name\":\"Shop\",\"item\":\"https:\\\/\\\/lesis-creations.com\\\/shop\\\/\"},{\"@type\":\"ListItem\",\"position\":3,\"name\":\"Louis Tomlinson T-shirt Shirt I love him I hate it, back to you, Louis fan merch Women&#8217;s Cotton shirt\"}]},{\"@type\":\"WebSite\",\"@id\":\"https:\\\/\\\/lesis-creations.com\\\/#website\",\"url\":\"https:\\\/\\\/lesis-creations.com\\\/\",\"name\":\"Nakit od polimerne gline, ro\u0111endanski komplet, ukrasni jastuci\",\"description\":\"Nakit, nau\u0161nice, ogrlice, narukvice, ro\u0111endanski komplet, ukras\",\"publisher\":{\"@id\":\"https:\\\/\\\/lesis-creations.com\\\/#organization\"},\"alternateName\":\"Nakit\\\/nau\u0161nice\\\/narukvice\\\/ogrlice, dje\u010dji ro\u0111endanski kompleti\u0107i (bodi, majica, suknja), ukrasni jednorog jastuci, gumice (scruchie) za kosu, okviri za uspomenu\",\"potentialAction\":[{\"@type\":\"SearchAction\",\"target\":{\"@type\":\"EntryPoint\",\"urlTemplate\":\"https:\\\/\\\/lesis-creations.com\\\/?s={search_term_string}\"},\"query-input\":{\"@type\":\"PropertyValueSpecification\",\"valueRequired\":true,\"valueName\":\"search_term_string\"}}],\"inLanguage\":\"en-GB\"},{\"@type\":\"Organization\",\"@id\":\"https:\\\/\\\/lesis-creations.com\\\/#organization\",\"name\":\"Lesis-creations, obrt za proizvodnju, trgovinu i usluge\",\"alternateName\":\"Nakit\\\/nau\u0161nice\\\/narukvice\\\/ogrlice, dje\u010dji ro\u0111endanski kompleti\u0107i (bodi, majica, suknja), ukrasni jednorog jastuci, gumice (scruchie) za kosu, okviri za uspomenu\",\"url\":\"https:\\\/\\\/lesis-creations.com\\\/\",\"logo\":{\"@type\":\"ImageObject\",\"inLanguage\":\"en-GB\",\"@id\":\"https:\\\/\\\/lesis-creations.com\\\/#\\\/schema\\\/logo\\\/image\\\/\",\"url\":\"https:\\\/\\\/lesis-creations.com\\\/wp-content\\\/uploads\\\/2022\\\/09\\\/le-sis-creations-logo-1.jpg\",\"contentUrl\":\"https:\\\/\\\/lesis-creations.com\\\/wp-content\\\/uploads\\\/2022\\\/09\\\/le-sis-creations-logo-1.jpg\",\"width\":500,\"height\":500,\"caption\":\"Lesis-creations, obrt za proizvodnju, trgovinu i usluge\"},\"image\":{\"@id\":\"https:\\\/\\\/lesis-creations.com\\\/#\\\/schema\\\/logo\\\/image\\\/\"},\"sameAs\":[\"https:\\\/\\\/facebook.com\\\/NakitLesis\",\"https:\\\/\\\/instagram.com\\\/nakitlesis\"]}]}<\/script>\n<!-- \/ Yoast SEO plugin. -->","yoast_head_json":{"title":"Louis Tomlinson T-shirt Shirt I love him I hate it, back to you, Louis fan merch Women's Cotton shirt - Nakit od polimerne gline, ro\u0111endanski komplet, ukrasni jastuci","description":"Stvaram jednostavne komade nakita od polimerne gline koje mo\u017eete nositi svaki dan i u posebnim prilikama po Va\u0161im \u017eeljama. Nakit\/nau\u0161nice\/narukvice\/ogrlice, dje\u010dji ro\u0111endanski kompleti\u0107i (bodi, majica, suknja), ukrasni jastuci, gumice (scruchie) za kosu, okviri za uspomenu, privjesak za klju\u010deve","robots":{"index":"index","follow":"follow","max-snippet":"max-snippet:-1","max-image-preview":"max-image-preview:large","max-video-preview":"max-video-preview:-1"},"canonical":"https:\/\/lesis-creations.com\/en\/product\/louis-tomlinson-t-shirt-shirt-i-love-him-i-hate-it-back-to-you-louis-fan-merch-womens-cotton-shirt\/","og_locale":"en_GB","og_type":"article","og_title":"Louis Tomlinson T-shirt Shirt I love him I hate it, back to you, Louis fan merch Women's Cotton shirt - Nakit od polimerne gline, ro\u0111endanski komplet, ukrasni jastuci","og_description":"Stvaram jednostavne komade nakita od polimerne gline koje mo\u017eete nositi svaki dan i u posebnim prilikama po Va\u0161im \u017eeljama. Nakit\/nau\u0161nice\/narukvice\/ogrlice, dje\u010dji ro\u0111endanski kompleti\u0107i (bodi, majica, suknja), ukrasni jastuci, gumice (scruchie) za kosu, okviri za uspomenu, privjesak za klju\u010deve","og_url":"https:\/\/lesis-creations.com\/en\/product\/louis-tomlinson-t-shirt-shirt-i-love-him-i-hate-it-back-to-you-louis-fan-merch-womens-cotton-shirt\/","og_site_name":"Nakit od polimerne gline, ro\u0111endanski komplet, ukrasni jastuci","article_publisher":"https:\/\/facebook.com\/NakitLesis","article_modified_time":"2024-05-25T09:23:47+00:00","og_image":[{"width":1200,"height":1200,"url":"https:\/\/lesis-creations.com\/wp-content\/uploads\/2024\/05\/18542-23.jpg","type":"image\/jpeg"}],"twitter_card":"summary_large_image","twitter_misc":{"Estimated reading time":"2 minutes"},"schema":{"@context":"https:\/\/schema.org","@graph":[{"@type":"WebPage","@id":"https:\/\/lesis-creations.com\/product\/louis-tomlinson-t-shirt-shirt-i-love-him-i-hate-it-back-to-you-louis-fan-merch-womens-cotton-shirt\/","url":"https:\/\/lesis-creations.com\/product\/louis-tomlinson-t-shirt-shirt-i-love-him-i-hate-it-back-to-you-louis-fan-merch-womens-cotton-shirt\/","name":"Louis Tomlinson T-shirt Shirt I love him I hate it, back to you, Louis fan merch Women's Cotton shirt - Nakit od polimerne gline, ro\u0111endanski komplet, ukrasni jastuci","isPartOf":{"@id":"https:\/\/lesis-creations.com\/#website"},"primaryImageOfPage":{"@id":"https:\/\/lesis-creations.com\/product\/louis-tomlinson-t-shirt-shirt-i-love-him-i-hate-it-back-to-you-louis-fan-merch-womens-cotton-shirt\/#primaryimage"},"image":{"@id":"https:\/\/lesis-creations.com\/product\/louis-tomlinson-t-shirt-shirt-i-love-him-i-hate-it-back-to-you-louis-fan-merch-womens-cotton-shirt\/#primaryimage"},"thumbnailUrl":"https:\/\/lesis-creations.com\/wp-content\/uploads\/2024\/05\/18542-23.jpg","datePublished":"2024-04-27T14:24:53+00:00","dateModified":"2024-05-25T09:23:47+00:00","description":"Stvaram jednostavne komade nakita od polimerne gline koje mo\u017eete nositi svaki dan i u posebnim prilikama po Va\u0161im \u017eeljama. Nakit\/nau\u0161nice\/narukvice\/ogrlice, dje\u010dji ro\u0111endanski kompleti\u0107i (bodi, majica, suknja), ukrasni jastuci, gumice (scruchie) za kosu, okviri za uspomenu, privjesak za klju\u010deve","breadcrumb":{"@id":"https:\/\/lesis-creations.com\/product\/louis-tomlinson-t-shirt-shirt-i-love-him-i-hate-it-back-to-you-louis-fan-merch-womens-cotton-shirt\/#breadcrumb"},"inLanguage":"en-GB","potentialAction":[{"@type":"ReadAction","target":["https:\/\/lesis-creations.com\/product\/louis-tomlinson-t-shirt-shirt-i-love-him-i-hate-it-back-to-you-louis-fan-merch-womens-cotton-shirt\/"]}]},{"@type":"ImageObject","inLanguage":"en-GB","@id":"https:\/\/lesis-creations.com\/product\/louis-tomlinson-t-shirt-shirt-i-love-him-i-hate-it-back-to-you-louis-fan-merch-womens-cotton-shirt\/#primaryimage","url":"https:\/\/lesis-creations.com\/wp-content\/uploads\/2024\/05\/18542-23.jpg","contentUrl":"https:\/\/lesis-creations.com\/wp-content\/uploads\/2024\/05\/18542-23.jpg","width":1200,"height":1200,"caption":"Louis Tomlinsom T-shirt Shirt I love him I hate it, back to you, Louis fan merch Women's Cotton shirt"},{"@type":"BreadcrumbList","@id":"https:\/\/lesis-creations.com\/product\/louis-tomlinson-t-shirt-shirt-i-love-him-i-hate-it-back-to-you-louis-fan-merch-womens-cotton-shirt\/#breadcrumb","itemListElement":[{"@type":"ListItem","position":1,"name":"Home","item":"https:\/\/lesis-creations.com\/"},{"@type":"ListItem","position":2,"name":"Shop","item":"https:\/\/lesis-creations.com\/shop\/"},{"@type":"ListItem","position":3,"name":"Louis Tomlinson T-shirt Shirt I love him I hate it, back to you, Louis fan merch Women&#8217;s Cotton shirt"}]},{"@type":"WebSite","@id":"https:\/\/lesis-creations.com\/#website","url":"https:\/\/lesis-creations.com\/","name":"Nakit od polimerne gline, ro\u0111endanski komplet, ukrasni jastuci","description":"Nakit, nau\u0161nice, ogrlice, narukvice, ro\u0111endanski komplet, ukras","publisher":{"@id":"https:\/\/lesis-creations.com\/#organization"},"alternateName":"Nakit\/nau\u0161nice\/narukvice\/ogrlice, dje\u010dji ro\u0111endanski kompleti\u0107i (bodi, majica, suknja), ukrasni jednorog jastuci, gumice (scruchie) za kosu, okviri za uspomenu","potentialAction":[{"@type":"SearchAction","target":{"@type":"EntryPoint","urlTemplate":"https:\/\/lesis-creations.com\/?s={search_term_string}"},"query-input":{"@type":"PropertyValueSpecification","valueRequired":true,"valueName":"search_term_string"}}],"inLanguage":"en-GB"},{"@type":"Organization","@id":"https:\/\/lesis-creations.com\/#organization","name":"Lesis-creations, obrt za proizvodnju, trgovinu i usluge","alternateName":"Nakit\/nau\u0161nice\/narukvice\/ogrlice, dje\u010dji ro\u0111endanski kompleti\u0107i (bodi, majica, suknja), ukrasni jednorog jastuci, gumice (scruchie) za kosu, okviri za uspomenu","url":"https:\/\/lesis-creations.com\/","logo":{"@type":"ImageObject","inLanguage":"en-GB","@id":"https:\/\/lesis-creations.com\/#\/schema\/logo\/image\/","url":"https:\/\/lesis-creations.com\/wp-content\/uploads\/2022\/09\/le-sis-creations-logo-1.jpg","contentUrl":"https:\/\/lesis-creations.com\/wp-content\/uploads\/2022\/09\/le-sis-creations-logo-1.jpg","width":500,"height":500,"caption":"Lesis-creations, obrt za proizvodnju, trgovinu i usluge"},"image":{"@id":"https:\/\/lesis-creations.com\/#\/schema\/logo\/image\/"},"sameAs":["https:\/\/facebook.com\/NakitLesis","https:\/\/instagram.com\/nakitlesis"]}]}},"_links":{"self":[{"href":"https:\/\/lesis-creations.com\/en\/wp-json\/wp\/v2\/product\/8238","targetHints":{"allow":["GET"]}}],"collection":[{"href":"https:\/\/lesis-creations.com\/en\/wp-json\/wp\/v2\/product"}],"about":[{"href":"https:\/\/lesis-creations.com\/en\/wp-json\/wp\/v2\/types\/product"}],"replies":[{"embeddable":true,"href":"https:\/\/lesis-creations.com\/en\/wp-json\/wp\/v2\/comments?post=8238"}],"wp:featuredmedia":[{"embeddable":true,"href":"https:\/\/lesis-creations.com\/en\/wp-json\/wp\/v2\/media\/9280"}],"wp:attachment":[{"href":"https:\/\/lesis-creations.com\/en\/wp-json\/wp\/v2\/media?parent=8238"}],"wp:term":[{"taxonomy":"product_brand","embeddable":true,"href":"https:\/\/lesis-creations.com\/en\/wp-json\/wp\/v2\/product_brand?post=8238"},{"taxonomy":"product_cat","embeddable":true,"href":"https:\/\/lesis-creations.com\/en\/wp-json\/wp\/v2\/product_cat?post=8238"},{"taxonomy":"product_tag","embeddable":true,"href":"https:\/\/lesis-creations.com\/en\/wp-json\/wp\/v2\/product_tag?post=8238"}],"curies":[{"name":"wp","href":"https:\/\/api.w.org\/{rel}","templated":true}]}}