{"id":6913,"date":"2024-04-25T09:27:33","date_gmt":"2024-04-25T07:27:33","guid":{"rendered":"https:\/\/lesis-creations.com\/product\/well-be-alright-cute-harry-styles-love-on-tour-pictures-2023-fine-line-kiwi-matilda-cotton-canvas-tote-bag-purse-torba-torbica-shopping\/"},"modified":"2024-05-03T14:13:54","modified_gmt":"2024-05-03T12:13:54","slug":"well-be-alright-cute-hs-love-on-tour-pictures-2023-fine-line-kiwi-matilda-cotton-canvas-tote-bag-purse-torba-torbica-shopping","status":"publish","type":"product","link":"https:\/\/lesis-creations.com\/en\/product\/well-be-alright-cute-hs-love-on-tour-pictures-2023-fine-line-kiwi-matilda-cotton-canvas-tote-bag-purse-torba-torbica-shopping\/","title":{"rendered":"We&#8217;ll be alright, Cute HS love on tour pictures 2023 fine line kiwi matilda Cotton Canvas Tote Bag purse torba torbica shopping"},"content":{"rendered":"<p>We&#8217;ll be alright, Cute Harry Styles love on tour pictures 2023 fine line kiwi matilda Cotton Canvas Tote Bag purse torba torbica shopping<\/p>\n<p>This 100% cotton bag comes in one size \u2013 15&#8243; x 16&#8243;\u2013 perfect for everyday wear. While the canvas material will show off your designs in great colors, it&#8217;s durable and will last for years. The bag features 20&#8243; handles (made from the same canvas), making it easy to carry even with a week&#8217;s worth of shopping.<br \/>\n.: 100% cotton canvas<br \/>\n.: Available in natural and black colors<br \/>\n.: Heavy fabric (12 oz\/yd\u00b2 (406.9 g\/m\u00b2))<br \/>\n.: Sewn-in label<\/p>","protected":false},"excerpt":{"rendered":"<p>We&#8217;ll be alright, Cute Harry Styles love on tour pictures 2023 fine line kiwi matilda Cotton Canvas Tote Bag purse torba torbica shopping This 100% cotton bag comes in one size \u2013 15&#8243; x 16&#8243;\u2013 perfect for everyday wear. While the canvas material will show off your designs in great colors, it&#8217;s durable and will [&hellip;]<\/p>\n","protected":false},"featured_media":6920,"comment_status":"open","ping_status":"closed","template":"","meta":{"_et_pb_use_builder":"","_et_pb_old_content":"","_et_gb_content_width":"","_uf_show_specific_survey":0,"_uf_disable_surveys":false},"product_brand":[],"product_cat":[168,272],"product_tag":[294,296,297,177,267,295],"class_list":{"0":"post-6913","1":"product","2":"type-product","3":"status-publish","4":"has-post-thumbnail","6":"product_cat-ostalo","7":"product_cat-print-on-demand","8":"product_tag-cotton-canvas","9":"product_tag-purse","10":"product_tag-shopping","11":"product_tag-torba","12":"product_tag-torbica","13":"product_tag-tote-bag","15":"first","16":"instock","17":"featured","18":"shipping-taxable","19":"purchasable","20":"product-type-variable","21":"has-default-attributes"},"yoast_head":"<!-- This site is optimized with the Yoast SEO plugin v27.5 - https:\/\/yoast.com\/product\/yoast-seo-wordpress\/ -->\n<title>We&#039;ll be alright, Cute HS love on tour pictures 2023 fine line kiwi matilda Cotton Canvas Tote Bag purse torba torbica shopping - Nakit od polimerne gline, ro\u0111endanski komplet, ukrasni jastuci<\/title>\n<meta name=\"description\" content=\"Stvaram jednostavne komade nakita od polimerne gline koje mo\u017eete nositi svaki dan i u posebnim prilikama po Va\u0161im \u017eeljama. Nakit\/nau\u0161nice\/narukvice\/ogrlice, dje\u010dji ro\u0111endanski kompleti\u0107i (bodi, majica, suknja), ukrasni jastuci, gumice (scruchie) za kosu, okviri za uspomenu, privjesak za klju\u010deve\" \/>\n<meta name=\"robots\" content=\"index, follow, max-snippet:-1, max-image-preview:large, max-video-preview:-1\" \/>\n<link rel=\"canonical\" href=\"https:\/\/lesis-creations.com\/en\/product\/well-be-alright-cute-hs-love-on-tour-pictures-2023-fine-line-kiwi-matilda-cotton-canvas-tote-bag-purse-torba-torbica-shopping\/\" \/>\n<meta property=\"og:locale\" content=\"en_GB\" \/>\n<meta property=\"og:type\" content=\"article\" \/>\n<meta property=\"og:title\" content=\"We&#039;ll be alright, Cute HS love on tour pictures 2023 fine line kiwi matilda Cotton Canvas Tote Bag purse torba torbica shopping - Nakit od polimerne gline, ro\u0111endanski komplet, ukrasni jastuci\" \/>\n<meta property=\"og:description\" content=\"Stvaram jednostavne komade nakita od polimerne gline koje mo\u017eete nositi svaki dan i u posebnim prilikama po Va\u0161im \u017eeljama. Nakit\/nau\u0161nice\/narukvice\/ogrlice, dje\u010dji ro\u0111endanski kompleti\u0107i (bodi, majica, suknja), ukrasni jastuci, gumice (scruchie) za kosu, okviri za uspomenu, privjesak za klju\u010deve\" \/>\n<meta property=\"og:url\" content=\"https:\/\/lesis-creations.com\/en\/product\/well-be-alright-cute-hs-love-on-tour-pictures-2023-fine-line-kiwi-matilda-cotton-canvas-tote-bag-purse-torba-torbica-shopping\/\" \/>\n<meta property=\"og:site_name\" content=\"Nakit od polimerne gline, ro\u0111endanski komplet, ukrasni jastuci\" \/>\n<meta property=\"article:publisher\" content=\"https:\/\/facebook.com\/NakitLesis\" \/>\n<meta property=\"article:modified_time\" content=\"2024-05-03T12:13:54+00:00\" \/>\n<meta property=\"og:image\" content=\"https:\/\/lesis-creations.com\/wp-content\/uploads\/2024\/04\/101409-4.jpg\" \/>\n\t<meta property=\"og:image:width\" content=\"1200\" \/>\n\t<meta property=\"og:image:height\" content=\"1200\" \/>\n\t<meta property=\"og:image:type\" content=\"image\/jpeg\" \/>\n<meta name=\"twitter:card\" content=\"summary_large_image\" \/>\n<meta name=\"twitter:label1\" content=\"Estimated reading time\" \/>\n\t<meta name=\"twitter:data1\" content=\"1 minute\" \/>\n<script type=\"application\/ld+json\" class=\"yoast-schema-graph\">{\"@context\":\"https:\\\/\\\/schema.org\",\"@graph\":[{\"@type\":\"WebPage\",\"@id\":\"https:\\\/\\\/lesis-creations.com\\\/product\\\/well-be-alright-cute-hs-love-on-tour-pictures-2023-fine-line-kiwi-matilda-cotton-canvas-tote-bag-purse-torba-torbica-shopping\\\/\",\"url\":\"https:\\\/\\\/lesis-creations.com\\\/product\\\/well-be-alright-cute-hs-love-on-tour-pictures-2023-fine-line-kiwi-matilda-cotton-canvas-tote-bag-purse-torba-torbica-shopping\\\/\",\"name\":\"We'll be alright, Cute HS love on tour pictures 2023 fine line kiwi matilda Cotton Canvas Tote Bag purse torba torbica shopping - Nakit od polimerne gline, ro\u0111endanski komplet, ukrasni jastuci\",\"isPartOf\":{\"@id\":\"https:\\\/\\\/lesis-creations.com\\\/#website\"},\"primaryImageOfPage\":{\"@id\":\"https:\\\/\\\/lesis-creations.com\\\/product\\\/well-be-alright-cute-hs-love-on-tour-pictures-2023-fine-line-kiwi-matilda-cotton-canvas-tote-bag-purse-torba-torbica-shopping\\\/#primaryimage\"},\"image\":{\"@id\":\"https:\\\/\\\/lesis-creations.com\\\/product\\\/well-be-alright-cute-hs-love-on-tour-pictures-2023-fine-line-kiwi-matilda-cotton-canvas-tote-bag-purse-torba-torbica-shopping\\\/#primaryimage\"},\"thumbnailUrl\":\"https:\\\/\\\/lesis-creations.com\\\/wp-content\\\/uploads\\\/2024\\\/04\\\/101409-4.jpg\",\"datePublished\":\"2024-04-25T07:27:33+00:00\",\"dateModified\":\"2024-05-03T12:13:54+00:00\",\"description\":\"Stvaram jednostavne komade nakita od polimerne gline koje mo\u017eete nositi svaki dan i u posebnim prilikama po Va\u0161im \u017eeljama. Nakit\\\/nau\u0161nice\\\/narukvice\\\/ogrlice, dje\u010dji ro\u0111endanski kompleti\u0107i (bodi, majica, suknja), ukrasni jastuci, gumice (scruchie) za kosu, okviri za uspomenu, privjesak za klju\u010deve\",\"breadcrumb\":{\"@id\":\"https:\\\/\\\/lesis-creations.com\\\/product\\\/well-be-alright-cute-hs-love-on-tour-pictures-2023-fine-line-kiwi-matilda-cotton-canvas-tote-bag-purse-torba-torbica-shopping\\\/#breadcrumb\"},\"inLanguage\":\"en-GB\",\"potentialAction\":[{\"@type\":\"ReadAction\",\"target\":[\"https:\\\/\\\/lesis-creations.com\\\/product\\\/well-be-alright-cute-hs-love-on-tour-pictures-2023-fine-line-kiwi-matilda-cotton-canvas-tote-bag-purse-torba-torbica-shopping\\\/\"]}]},{\"@type\":\"ImageObject\",\"inLanguage\":\"en-GB\",\"@id\":\"https:\\\/\\\/lesis-creations.com\\\/product\\\/well-be-alright-cute-hs-love-on-tour-pictures-2023-fine-line-kiwi-matilda-cotton-canvas-tote-bag-purse-torba-torbica-shopping\\\/#primaryimage\",\"url\":\"https:\\\/\\\/lesis-creations.com\\\/wp-content\\\/uploads\\\/2024\\\/04\\\/101409-4.jpg\",\"contentUrl\":\"https:\\\/\\\/lesis-creations.com\\\/wp-content\\\/uploads\\\/2024\\\/04\\\/101409-4.jpg\",\"width\":1200,\"height\":1200,\"caption\":\"We\u2019ll be alright, Cute HS love on tour pictures 2023 fine line kiwi matilda Cotton Canvas Tote Bag purse torba torbica shopping\"},{\"@type\":\"BreadcrumbList\",\"@id\":\"https:\\\/\\\/lesis-creations.com\\\/product\\\/well-be-alright-cute-hs-love-on-tour-pictures-2023-fine-line-kiwi-matilda-cotton-canvas-tote-bag-purse-torba-torbica-shopping\\\/#breadcrumb\",\"itemListElement\":[{\"@type\":\"ListItem\",\"position\":1,\"name\":\"Home\",\"item\":\"https:\\\/\\\/lesis-creations.com\\\/\"},{\"@type\":\"ListItem\",\"position\":2,\"name\":\"Shop\",\"item\":\"https:\\\/\\\/lesis-creations.com\\\/shop\\\/\"},{\"@type\":\"ListItem\",\"position\":3,\"name\":\"We&#8217;ll be alright, Cute HS love on tour pictures 2023 fine line kiwi matilda Cotton Canvas Tote Bag purse torba torbica shopping\"}]},{\"@type\":\"WebSite\",\"@id\":\"https:\\\/\\\/lesis-creations.com\\\/#website\",\"url\":\"https:\\\/\\\/lesis-creations.com\\\/\",\"name\":\"Nakit od polimerne gline, ro\u0111endanski komplet, ukrasni jastuci\",\"description\":\"Nakit, nau\u0161nice, ogrlice, narukvice, ro\u0111endanski komplet, ukras\",\"publisher\":{\"@id\":\"https:\\\/\\\/lesis-creations.com\\\/#organization\"},\"alternateName\":\"Nakit\\\/nau\u0161nice\\\/narukvice\\\/ogrlice, dje\u010dji ro\u0111endanski kompleti\u0107i (bodi, majica, suknja), ukrasni jednorog jastuci, gumice (scruchie) za kosu, okviri za uspomenu\",\"potentialAction\":[{\"@type\":\"SearchAction\",\"target\":{\"@type\":\"EntryPoint\",\"urlTemplate\":\"https:\\\/\\\/lesis-creations.com\\\/?s={search_term_string}\"},\"query-input\":{\"@type\":\"PropertyValueSpecification\",\"valueRequired\":true,\"valueName\":\"search_term_string\"}}],\"inLanguage\":\"en-GB\"},{\"@type\":\"Organization\",\"@id\":\"https:\\\/\\\/lesis-creations.com\\\/#organization\",\"name\":\"Lesis-creations, obrt za proizvodnju, trgovinu i usluge\",\"alternateName\":\"Nakit\\\/nau\u0161nice\\\/narukvice\\\/ogrlice, dje\u010dji ro\u0111endanski kompleti\u0107i (bodi, majica, suknja), ukrasni jednorog jastuci, gumice (scruchie) za kosu, okviri za uspomenu\",\"url\":\"https:\\\/\\\/lesis-creations.com\\\/\",\"logo\":{\"@type\":\"ImageObject\",\"inLanguage\":\"en-GB\",\"@id\":\"https:\\\/\\\/lesis-creations.com\\\/#\\\/schema\\\/logo\\\/image\\\/\",\"url\":\"https:\\\/\\\/lesis-creations.com\\\/wp-content\\\/uploads\\\/2022\\\/09\\\/le-sis-creations-logo-1.jpg\",\"contentUrl\":\"https:\\\/\\\/lesis-creations.com\\\/wp-content\\\/uploads\\\/2022\\\/09\\\/le-sis-creations-logo-1.jpg\",\"width\":500,\"height\":500,\"caption\":\"Lesis-creations, obrt za proizvodnju, trgovinu i usluge\"},\"image\":{\"@id\":\"https:\\\/\\\/lesis-creations.com\\\/#\\\/schema\\\/logo\\\/image\\\/\"},\"sameAs\":[\"https:\\\/\\\/facebook.com\\\/NakitLesis\",\"https:\\\/\\\/instagram.com\\\/nakitlesis\"]}]}<\/script>\n<!-- \/ Yoast SEO plugin. -->","yoast_head_json":{"title":"We'll be alright, Cute HS love on tour pictures 2023 fine line kiwi matilda Cotton Canvas Tote Bag purse torba torbica shopping - Nakit od polimerne gline, ro\u0111endanski komplet, ukrasni jastuci","description":"Stvaram jednostavne komade nakita od polimerne gline koje mo\u017eete nositi svaki dan i u posebnim prilikama po Va\u0161im \u017eeljama. Nakit\/nau\u0161nice\/narukvice\/ogrlice, dje\u010dji ro\u0111endanski kompleti\u0107i (bodi, majica, suknja), ukrasni jastuci, gumice (scruchie) za kosu, okviri za uspomenu, privjesak za klju\u010deve","robots":{"index":"index","follow":"follow","max-snippet":"max-snippet:-1","max-image-preview":"max-image-preview:large","max-video-preview":"max-video-preview:-1"},"canonical":"https:\/\/lesis-creations.com\/en\/product\/well-be-alright-cute-hs-love-on-tour-pictures-2023-fine-line-kiwi-matilda-cotton-canvas-tote-bag-purse-torba-torbica-shopping\/","og_locale":"en_GB","og_type":"article","og_title":"We'll be alright, Cute HS love on tour pictures 2023 fine line kiwi matilda Cotton Canvas Tote Bag purse torba torbica shopping - Nakit od polimerne gline, ro\u0111endanski komplet, ukrasni jastuci","og_description":"Stvaram jednostavne komade nakita od polimerne gline koje mo\u017eete nositi svaki dan i u posebnim prilikama po Va\u0161im \u017eeljama. Nakit\/nau\u0161nice\/narukvice\/ogrlice, dje\u010dji ro\u0111endanski kompleti\u0107i (bodi, majica, suknja), ukrasni jastuci, gumice (scruchie) za kosu, okviri za uspomenu, privjesak za klju\u010deve","og_url":"https:\/\/lesis-creations.com\/en\/product\/well-be-alright-cute-hs-love-on-tour-pictures-2023-fine-line-kiwi-matilda-cotton-canvas-tote-bag-purse-torba-torbica-shopping\/","og_site_name":"Nakit od polimerne gline, ro\u0111endanski komplet, ukrasni jastuci","article_publisher":"https:\/\/facebook.com\/NakitLesis","article_modified_time":"2024-05-03T12:13:54+00:00","og_image":[{"width":1200,"height":1200,"url":"https:\/\/lesis-creations.com\/wp-content\/uploads\/2024\/04\/101409-4.jpg","type":"image\/jpeg"}],"twitter_card":"summary_large_image","twitter_misc":{"Estimated reading time":"1 minute"},"schema":{"@context":"https:\/\/schema.org","@graph":[{"@type":"WebPage","@id":"https:\/\/lesis-creations.com\/product\/well-be-alright-cute-hs-love-on-tour-pictures-2023-fine-line-kiwi-matilda-cotton-canvas-tote-bag-purse-torba-torbica-shopping\/","url":"https:\/\/lesis-creations.com\/product\/well-be-alright-cute-hs-love-on-tour-pictures-2023-fine-line-kiwi-matilda-cotton-canvas-tote-bag-purse-torba-torbica-shopping\/","name":"We'll be alright, Cute HS love on tour pictures 2023 fine line kiwi matilda Cotton Canvas Tote Bag purse torba torbica shopping - Nakit od polimerne gline, ro\u0111endanski komplet, ukrasni jastuci","isPartOf":{"@id":"https:\/\/lesis-creations.com\/#website"},"primaryImageOfPage":{"@id":"https:\/\/lesis-creations.com\/product\/well-be-alright-cute-hs-love-on-tour-pictures-2023-fine-line-kiwi-matilda-cotton-canvas-tote-bag-purse-torba-torbica-shopping\/#primaryimage"},"image":{"@id":"https:\/\/lesis-creations.com\/product\/well-be-alright-cute-hs-love-on-tour-pictures-2023-fine-line-kiwi-matilda-cotton-canvas-tote-bag-purse-torba-torbica-shopping\/#primaryimage"},"thumbnailUrl":"https:\/\/lesis-creations.com\/wp-content\/uploads\/2024\/04\/101409-4.jpg","datePublished":"2024-04-25T07:27:33+00:00","dateModified":"2024-05-03T12:13:54+00:00","description":"Stvaram jednostavne komade nakita od polimerne gline koje mo\u017eete nositi svaki dan i u posebnim prilikama po Va\u0161im \u017eeljama. Nakit\/nau\u0161nice\/narukvice\/ogrlice, dje\u010dji ro\u0111endanski kompleti\u0107i (bodi, majica, suknja), ukrasni jastuci, gumice (scruchie) za kosu, okviri za uspomenu, privjesak za klju\u010deve","breadcrumb":{"@id":"https:\/\/lesis-creations.com\/product\/well-be-alright-cute-hs-love-on-tour-pictures-2023-fine-line-kiwi-matilda-cotton-canvas-tote-bag-purse-torba-torbica-shopping\/#breadcrumb"},"inLanguage":"en-GB","potentialAction":[{"@type":"ReadAction","target":["https:\/\/lesis-creations.com\/product\/well-be-alright-cute-hs-love-on-tour-pictures-2023-fine-line-kiwi-matilda-cotton-canvas-tote-bag-purse-torba-torbica-shopping\/"]}]},{"@type":"ImageObject","inLanguage":"en-GB","@id":"https:\/\/lesis-creations.com\/product\/well-be-alright-cute-hs-love-on-tour-pictures-2023-fine-line-kiwi-matilda-cotton-canvas-tote-bag-purse-torba-torbica-shopping\/#primaryimage","url":"https:\/\/lesis-creations.com\/wp-content\/uploads\/2024\/04\/101409-4.jpg","contentUrl":"https:\/\/lesis-creations.com\/wp-content\/uploads\/2024\/04\/101409-4.jpg","width":1200,"height":1200,"caption":"We\u2019ll be alright, Cute HS love on tour pictures 2023 fine line kiwi matilda Cotton Canvas Tote Bag purse torba torbica shopping"},{"@type":"BreadcrumbList","@id":"https:\/\/lesis-creations.com\/product\/well-be-alright-cute-hs-love-on-tour-pictures-2023-fine-line-kiwi-matilda-cotton-canvas-tote-bag-purse-torba-torbica-shopping\/#breadcrumb","itemListElement":[{"@type":"ListItem","position":1,"name":"Home","item":"https:\/\/lesis-creations.com\/"},{"@type":"ListItem","position":2,"name":"Shop","item":"https:\/\/lesis-creations.com\/shop\/"},{"@type":"ListItem","position":3,"name":"We&#8217;ll be alright, Cute HS love on tour pictures 2023 fine line kiwi matilda Cotton Canvas Tote Bag purse torba torbica shopping"}]},{"@type":"WebSite","@id":"https:\/\/lesis-creations.com\/#website","url":"https:\/\/lesis-creations.com\/","name":"Nakit od polimerne gline, ro\u0111endanski komplet, ukrasni jastuci","description":"Nakit, nau\u0161nice, ogrlice, narukvice, ro\u0111endanski komplet, ukras","publisher":{"@id":"https:\/\/lesis-creations.com\/#organization"},"alternateName":"Nakit\/nau\u0161nice\/narukvice\/ogrlice, dje\u010dji ro\u0111endanski kompleti\u0107i (bodi, majica, suknja), ukrasni jednorog jastuci, gumice (scruchie) za kosu, okviri za uspomenu","potentialAction":[{"@type":"SearchAction","target":{"@type":"EntryPoint","urlTemplate":"https:\/\/lesis-creations.com\/?s={search_term_string}"},"query-input":{"@type":"PropertyValueSpecification","valueRequired":true,"valueName":"search_term_string"}}],"inLanguage":"en-GB"},{"@type":"Organization","@id":"https:\/\/lesis-creations.com\/#organization","name":"Lesis-creations, obrt za proizvodnju, trgovinu i usluge","alternateName":"Nakit\/nau\u0161nice\/narukvice\/ogrlice, dje\u010dji ro\u0111endanski kompleti\u0107i (bodi, majica, suknja), ukrasni jednorog jastuci, gumice (scruchie) za kosu, okviri za uspomenu","url":"https:\/\/lesis-creations.com\/","logo":{"@type":"ImageObject","inLanguage":"en-GB","@id":"https:\/\/lesis-creations.com\/#\/schema\/logo\/image\/","url":"https:\/\/lesis-creations.com\/wp-content\/uploads\/2022\/09\/le-sis-creations-logo-1.jpg","contentUrl":"https:\/\/lesis-creations.com\/wp-content\/uploads\/2022\/09\/le-sis-creations-logo-1.jpg","width":500,"height":500,"caption":"Lesis-creations, obrt za proizvodnju, trgovinu i usluge"},"image":{"@id":"https:\/\/lesis-creations.com\/#\/schema\/logo\/image\/"},"sameAs":["https:\/\/facebook.com\/NakitLesis","https:\/\/instagram.com\/nakitlesis"]}]}},"_links":{"self":[{"href":"https:\/\/lesis-creations.com\/en\/wp-json\/wp\/v2\/product\/6913","targetHints":{"allow":["GET"]}}],"collection":[{"href":"https:\/\/lesis-creations.com\/en\/wp-json\/wp\/v2\/product"}],"about":[{"href":"https:\/\/lesis-creations.com\/en\/wp-json\/wp\/v2\/types\/product"}],"replies":[{"embeddable":true,"href":"https:\/\/lesis-creations.com\/en\/wp-json\/wp\/v2\/comments?post=6913"}],"wp:featuredmedia":[{"embeddable":true,"href":"https:\/\/lesis-creations.com\/en\/wp-json\/wp\/v2\/media\/6920"}],"wp:attachment":[{"href":"https:\/\/lesis-creations.com\/en\/wp-json\/wp\/v2\/media?parent=6913"}],"wp:term":[{"taxonomy":"product_brand","embeddable":true,"href":"https:\/\/lesis-creations.com\/en\/wp-json\/wp\/v2\/product_brand?post=6913"},{"taxonomy":"product_cat","embeddable":true,"href":"https:\/\/lesis-creations.com\/en\/wp-json\/wp\/v2\/product_cat?post=6913"},{"taxonomy":"product_tag","embeddable":true,"href":"https:\/\/lesis-creations.com\/en\/wp-json\/wp\/v2\/product_tag?post=6913"}],"curies":[{"name":"wp","href":"https:\/\/api.w.org\/{rel}","templated":true}]}}