{"id":6831,"date":"2024-04-25T09:06:16","date_gmt":"2024-04-25T07:06:16","guid":{"rendered":"https:\/\/lesis-creations.com\/product\/cool-moms-bags-under-eyes-club-mugs-with-retro-style-two-tone-sassy-mug-gift-for-her-mothers-day-gift-birthday-gift-coffee-mug-11oz\/"},"modified":"2024-05-03T14:14:34","modified_gmt":"2024-05-03T12:14:34","slug":"cool-moms-bags-under-eyes-club-mugs-with-retro-style-two-tone-sassy-mug-gift-for-her-mothers-day-gift-birthday-gift-coffee-mug-11oz","status":"publish","type":"product","link":"https:\/\/lesis-creations.com\/en\/product\/cool-moms-bags-under-eyes-club-mugs-with-retro-style-two-tone-sassy-mug-gift-for-her-mothers-day-gift-birthday-gift-coffee-mug-11oz\/","title":{"rendered":"Cool Moms bags under eyes Club Mugs with retro style. Two-tone sassy mug, gift for her, Mother&#8217;s Day gift, birthday gift, coffee Mug, 11oz"},"content":{"rendered":"<p>Step into the &#8216;Cool bags under eyes Club&#8217; with our retro-style mugs \u2013 the ultimate blend of sass and sophistication!<br \/>\nThe perfect gift for the trendsetting mom in your life, these mugs add a touch of humor to Mother&#8217;s Day, birthdays, or postpartum celebrations. Add some color to your routine with this two-tone, custom accent coffee mug<br \/>\nElevate her coffee game with a dash of retro vibe because coolness knows no limits!<\/p>\n<p>Product Detail:<br \/>\nCrafted with precision, this beautiful two-tone mug will be printed with a glossy finish on the durable, white ceramic base, using premium-quality ORCA coating to ensure durability and long-lasting pleasure with every sip.<\/p>\n<p>.This 11oz mug features an accented C-Handle that is comfortable to use, as well as an accented interior to add more contrast and character. With your design on this mug, you get an instant winner of a product.<\/p>\n<p>&#8211; White ceramic with colored interior and handle<br \/>\n&#8211; One size: 11oz (0.33 l) | Height: 9.5 cm | Diameter: 8 cm<br \/>\n&#8211; Durable white ceramic material with a glossy finish<br \/>\n&#8211; C-shaped easy-grip handle<br \/>\n&#8211; Eye-catching color contrast<br \/>\n&#8211; Lead and BPA-free<br \/>\n&#8211; Available in 4 colors<\/p>\n<p>Thank you for choosing me!<br \/>\nMuch love,<\/p>","protected":false},"excerpt":{"rendered":"<p>Step into the &#8216;Cool bags under eyes Club&#8217; with our retro-style mugs \u2013 the ultimate blend of sass and sophistication! The perfect gift for the trendsetting mom in your life, these mugs add a touch of humor to Mother&#8217;s Day, birthdays, or postpartum celebrations. Add some color to your routine with this two-tone, custom accent [&hellip;]<\/p>\n","protected":false},"featured_media":6859,"comment_status":"open","ping_status":"closed","template":"","meta":{"_et_pb_use_builder":"","_et_pb_old_content":"","_et_gb_content_width":"","_uf_show_specific_survey":0,"_uf_disable_surveys":false},"product_brand":[],"product_cat":[168,272],"product_tag":[290,287,283,292,291,288,289,293,282],"class_list":{"0":"post-6831","1":"product","2":"type-product","3":"status-publish","4":"has-post-thumbnail","6":"product_cat-ostalo","7":"product_cat-print-on-demand","8":"product_tag-birthday-gift-for-mom","9":"product_tag-coffee-mug","10":"product_tag-gift-for-her","11":"product_tag-mama","12":"product_tag-mom-gear","13":"product_tag-mom-life","14":"product_tag-new-mom-gift","15":"product_tag-tired-cool-mum","16":"product_tag-two-tone-sassy-mug","18":"first","19":"instock","20":"featured","21":"shipping-taxable","22":"purchasable","23":"product-type-variable","24":"has-default-attributes"},"yoast_head":"<!-- This site is optimized with the Yoast SEO plugin v27.4 - https:\/\/yoast.com\/product\/yoast-seo-wordpress\/ -->\n<title>Cool Moms bags under eyes Club Mugs with retro style. Two-tone sassy mug, gift for her, Mother&#039;s Day gift, birthday gift, coffee Mug, 11oz - Nakit od polimerne gline, ro\u0111endanski komplet, ukrasni jastuci<\/title>\n<meta name=\"description\" content=\"Stvaram jednostavne komade nakita od polimerne gline koje mo\u017eete nositi svaki dan i u posebnim prilikama po Va\u0161im \u017eeljama. Nakit\/nau\u0161nice\/narukvice\/ogrlice, dje\u010dji ro\u0111endanski kompleti\u0107i (bodi, majica, suknja), ukrasni jastuci, gumice (scruchie) za kosu, okviri za uspomenu, privjesak za klju\u010deve\" \/>\n<meta name=\"robots\" content=\"index, follow, max-snippet:-1, max-image-preview:large, max-video-preview:-1\" \/>\n<link rel=\"canonical\" href=\"https:\/\/lesis-creations.com\/en\/product\/cool-moms-bags-under-eyes-club-mugs-with-retro-style-two-tone-sassy-mug-gift-for-her-mothers-day-gift-birthday-gift-coffee-mug-11oz\/\" \/>\n<meta property=\"og:locale\" content=\"en_GB\" \/>\n<meta property=\"og:type\" content=\"article\" \/>\n<meta property=\"og:title\" content=\"Cool Moms bags under eyes Club Mugs with retro style. Two-tone sassy mug, gift for her, Mother&#039;s Day gift, birthday gift, coffee Mug, 11oz - Nakit od polimerne gline, ro\u0111endanski komplet, ukrasni jastuci\" \/>\n<meta property=\"og:description\" content=\"Stvaram jednostavne komade nakita od polimerne gline koje mo\u017eete nositi svaki dan i u posebnim prilikama po Va\u0161im \u017eeljama. Nakit\/nau\u0161nice\/narukvice\/ogrlice, dje\u010dji ro\u0111endanski kompleti\u0107i (bodi, majica, suknja), ukrasni jastuci, gumice (scruchie) za kosu, okviri za uspomenu, privjesak za klju\u010deve\" \/>\n<meta property=\"og:url\" content=\"https:\/\/lesis-creations.com\/en\/product\/cool-moms-bags-under-eyes-club-mugs-with-retro-style-two-tone-sassy-mug-gift-for-her-mothers-day-gift-birthday-gift-coffee-mug-11oz\/\" \/>\n<meta property=\"og:site_name\" content=\"Nakit od polimerne gline, ro\u0111endanski komplet, ukrasni jastuci\" \/>\n<meta property=\"article:publisher\" content=\"https:\/\/facebook.com\/NakitLesis\" \/>\n<meta property=\"article:modified_time\" content=\"2024-05-03T12:14:34+00:00\" \/>\n<meta property=\"og:image\" content=\"https:\/\/lesis-creations.com\/wp-content\/uploads\/2024\/04\/72184-1.jpg\" \/>\n\t<meta property=\"og:image:width\" content=\"1200\" \/>\n\t<meta property=\"og:image:height\" content=\"1200\" \/>\n\t<meta property=\"og:image:type\" content=\"image\/jpeg\" \/>\n<meta name=\"twitter:card\" content=\"summary_large_image\" \/>\n<meta name=\"twitter:label1\" content=\"Estimated reading time\" \/>\n\t<meta name=\"twitter:data1\" content=\"1 minute\" \/>\n<script type=\"application\/ld+json\" class=\"yoast-schema-graph\">{\"@context\":\"https:\\\/\\\/schema.org\",\"@graph\":[{\"@type\":\"WebPage\",\"@id\":\"https:\\\/\\\/lesis-creations.com\\\/product\\\/cool-moms-bags-under-eyes-club-mugs-with-retro-style-two-tone-sassy-mug-gift-for-her-mothers-day-gift-birthday-gift-coffee-mug-11oz\\\/\",\"url\":\"https:\\\/\\\/lesis-creations.com\\\/product\\\/cool-moms-bags-under-eyes-club-mugs-with-retro-style-two-tone-sassy-mug-gift-for-her-mothers-day-gift-birthday-gift-coffee-mug-11oz\\\/\",\"name\":\"Cool Moms bags under eyes Club Mugs with retro style. Two-tone sassy mug, gift for her, Mother's Day gift, birthday gift, coffee Mug, 11oz - Nakit od polimerne gline, ro\u0111endanski komplet, ukrasni jastuci\",\"isPartOf\":{\"@id\":\"https:\\\/\\\/lesis-creations.com\\\/#website\"},\"primaryImageOfPage\":{\"@id\":\"https:\\\/\\\/lesis-creations.com\\\/product\\\/cool-moms-bags-under-eyes-club-mugs-with-retro-style-two-tone-sassy-mug-gift-for-her-mothers-day-gift-birthday-gift-coffee-mug-11oz\\\/#primaryimage\"},\"image\":{\"@id\":\"https:\\\/\\\/lesis-creations.com\\\/product\\\/cool-moms-bags-under-eyes-club-mugs-with-retro-style-two-tone-sassy-mug-gift-for-her-mothers-day-gift-birthday-gift-coffee-mug-11oz\\\/#primaryimage\"},\"thumbnailUrl\":\"https:\\\/\\\/lesis-creations.com\\\/wp-content\\\/uploads\\\/2024\\\/04\\\/72184-1.jpg\",\"datePublished\":\"2024-04-25T07:06:16+00:00\",\"dateModified\":\"2024-05-03T12:14:34+00:00\",\"description\":\"Stvaram jednostavne komade nakita od polimerne gline koje mo\u017eete nositi svaki dan i u posebnim prilikama po Va\u0161im \u017eeljama. Nakit\\\/nau\u0161nice\\\/narukvice\\\/ogrlice, dje\u010dji ro\u0111endanski kompleti\u0107i (bodi, majica, suknja), ukrasni jastuci, gumice (scruchie) za kosu, okviri za uspomenu, privjesak za klju\u010deve\",\"breadcrumb\":{\"@id\":\"https:\\\/\\\/lesis-creations.com\\\/product\\\/cool-moms-bags-under-eyes-club-mugs-with-retro-style-two-tone-sassy-mug-gift-for-her-mothers-day-gift-birthday-gift-coffee-mug-11oz\\\/#breadcrumb\"},\"inLanguage\":\"en-GB\",\"potentialAction\":[{\"@type\":\"ReadAction\",\"target\":[\"https:\\\/\\\/lesis-creations.com\\\/product\\\/cool-moms-bags-under-eyes-club-mugs-with-retro-style-two-tone-sassy-mug-gift-for-her-mothers-day-gift-birthday-gift-coffee-mug-11oz\\\/\"]}]},{\"@type\":\"ImageObject\",\"inLanguage\":\"en-GB\",\"@id\":\"https:\\\/\\\/lesis-creations.com\\\/product\\\/cool-moms-bags-under-eyes-club-mugs-with-retro-style-two-tone-sassy-mug-gift-for-her-mothers-day-gift-birthday-gift-coffee-mug-11oz\\\/#primaryimage\",\"url\":\"https:\\\/\\\/lesis-creations.com\\\/wp-content\\\/uploads\\\/2024\\\/04\\\/72184-1.jpg\",\"contentUrl\":\"https:\\\/\\\/lesis-creations.com\\\/wp-content\\\/uploads\\\/2024\\\/04\\\/72184-1.jpg\",\"width\":1200,\"height\":1200,\"caption\":\"Cool Moms bags under eyes Club Mugs with retro style. Two-tone sassy mug, gift for her, Mother\u2019s Day gift, birthday gift, coffee Mug, 11oz\"},{\"@type\":\"BreadcrumbList\",\"@id\":\"https:\\\/\\\/lesis-creations.com\\\/product\\\/cool-moms-bags-under-eyes-club-mugs-with-retro-style-two-tone-sassy-mug-gift-for-her-mothers-day-gift-birthday-gift-coffee-mug-11oz\\\/#breadcrumb\",\"itemListElement\":[{\"@type\":\"ListItem\",\"position\":1,\"name\":\"Home\",\"item\":\"https:\\\/\\\/lesis-creations.com\\\/\"},{\"@type\":\"ListItem\",\"position\":2,\"name\":\"Shop\",\"item\":\"https:\\\/\\\/lesis-creations.com\\\/shop\\\/\"},{\"@type\":\"ListItem\",\"position\":3,\"name\":\"Cool Moms bags under eyes Club Mugs with retro style. Two-tone sassy mug, gift for her, Mother&#8217;s Day gift, birthday gift, coffee Mug, 11oz\"}]},{\"@type\":\"WebSite\",\"@id\":\"https:\\\/\\\/lesis-creations.com\\\/#website\",\"url\":\"https:\\\/\\\/lesis-creations.com\\\/\",\"name\":\"Nakit od polimerne gline, ro\u0111endanski komplet, ukrasni jastuci\",\"description\":\"Nakit, nau\u0161nice, ogrlice, narukvice, ro\u0111endanski komplet, ukras\",\"publisher\":{\"@id\":\"https:\\\/\\\/lesis-creations.com\\\/#organization\"},\"alternateName\":\"Nakit\\\/nau\u0161nice\\\/narukvice\\\/ogrlice, dje\u010dji ro\u0111endanski kompleti\u0107i (bodi, majica, suknja), ukrasni jednorog jastuci, gumice (scruchie) za kosu, okviri za uspomenu\",\"potentialAction\":[{\"@type\":\"SearchAction\",\"target\":{\"@type\":\"EntryPoint\",\"urlTemplate\":\"https:\\\/\\\/lesis-creations.com\\\/?s={search_term_string}\"},\"query-input\":{\"@type\":\"PropertyValueSpecification\",\"valueRequired\":true,\"valueName\":\"search_term_string\"}}],\"inLanguage\":\"en-GB\"},{\"@type\":\"Organization\",\"@id\":\"https:\\\/\\\/lesis-creations.com\\\/#organization\",\"name\":\"Lesis-creations, obrt za proizvodnju, trgovinu i usluge\",\"alternateName\":\"Nakit\\\/nau\u0161nice\\\/narukvice\\\/ogrlice, dje\u010dji ro\u0111endanski kompleti\u0107i (bodi, majica, suknja), ukrasni jednorog jastuci, gumice (scruchie) za kosu, okviri za uspomenu\",\"url\":\"https:\\\/\\\/lesis-creations.com\\\/\",\"logo\":{\"@type\":\"ImageObject\",\"inLanguage\":\"en-GB\",\"@id\":\"https:\\\/\\\/lesis-creations.com\\\/#\\\/schema\\\/logo\\\/image\\\/\",\"url\":\"https:\\\/\\\/lesis-creations.com\\\/wp-content\\\/uploads\\\/2022\\\/09\\\/le-sis-creations-logo-1.jpg\",\"contentUrl\":\"https:\\\/\\\/lesis-creations.com\\\/wp-content\\\/uploads\\\/2022\\\/09\\\/le-sis-creations-logo-1.jpg\",\"width\":500,\"height\":500,\"caption\":\"Lesis-creations, obrt za proizvodnju, trgovinu i usluge\"},\"image\":{\"@id\":\"https:\\\/\\\/lesis-creations.com\\\/#\\\/schema\\\/logo\\\/image\\\/\"},\"sameAs\":[\"https:\\\/\\\/facebook.com\\\/NakitLesis\",\"https:\\\/\\\/instagram.com\\\/nakitlesis\"]}]}<\/script>\n<!-- \/ Yoast SEO plugin. -->","yoast_head_json":{"title":"Cool Moms bags under eyes Club Mugs with retro style. Two-tone sassy mug, gift for her, Mother's Day gift, birthday gift, coffee Mug, 11oz - Nakit od polimerne gline, ro\u0111endanski komplet, ukrasni jastuci","description":"Stvaram jednostavne komade nakita od polimerne gline koje mo\u017eete nositi svaki dan i u posebnim prilikama po Va\u0161im \u017eeljama. Nakit\/nau\u0161nice\/narukvice\/ogrlice, dje\u010dji ro\u0111endanski kompleti\u0107i (bodi, majica, suknja), ukrasni jastuci, gumice (scruchie) za kosu, okviri za uspomenu, privjesak za klju\u010deve","robots":{"index":"index","follow":"follow","max-snippet":"max-snippet:-1","max-image-preview":"max-image-preview:large","max-video-preview":"max-video-preview:-1"},"canonical":"https:\/\/lesis-creations.com\/en\/product\/cool-moms-bags-under-eyes-club-mugs-with-retro-style-two-tone-sassy-mug-gift-for-her-mothers-day-gift-birthday-gift-coffee-mug-11oz\/","og_locale":"en_GB","og_type":"article","og_title":"Cool Moms bags under eyes Club Mugs with retro style. Two-tone sassy mug, gift for her, Mother's Day gift, birthday gift, coffee Mug, 11oz - Nakit od polimerne gline, ro\u0111endanski komplet, ukrasni jastuci","og_description":"Stvaram jednostavne komade nakita od polimerne gline koje mo\u017eete nositi svaki dan i u posebnim prilikama po Va\u0161im \u017eeljama. Nakit\/nau\u0161nice\/narukvice\/ogrlice, dje\u010dji ro\u0111endanski kompleti\u0107i (bodi, majica, suknja), ukrasni jastuci, gumice (scruchie) za kosu, okviri za uspomenu, privjesak za klju\u010deve","og_url":"https:\/\/lesis-creations.com\/en\/product\/cool-moms-bags-under-eyes-club-mugs-with-retro-style-two-tone-sassy-mug-gift-for-her-mothers-day-gift-birthday-gift-coffee-mug-11oz\/","og_site_name":"Nakit od polimerne gline, ro\u0111endanski komplet, ukrasni jastuci","article_publisher":"https:\/\/facebook.com\/NakitLesis","article_modified_time":"2024-05-03T12:14:34+00:00","og_image":[{"width":1200,"height":1200,"url":"https:\/\/lesis-creations.com\/wp-content\/uploads\/2024\/04\/72184-1.jpg","type":"image\/jpeg"}],"twitter_card":"summary_large_image","twitter_misc":{"Estimated reading time":"1 minute"},"schema":{"@context":"https:\/\/schema.org","@graph":[{"@type":"WebPage","@id":"https:\/\/lesis-creations.com\/product\/cool-moms-bags-under-eyes-club-mugs-with-retro-style-two-tone-sassy-mug-gift-for-her-mothers-day-gift-birthday-gift-coffee-mug-11oz\/","url":"https:\/\/lesis-creations.com\/product\/cool-moms-bags-under-eyes-club-mugs-with-retro-style-two-tone-sassy-mug-gift-for-her-mothers-day-gift-birthday-gift-coffee-mug-11oz\/","name":"Cool Moms bags under eyes Club Mugs with retro style. Two-tone sassy mug, gift for her, Mother's Day gift, birthday gift, coffee Mug, 11oz - Nakit od polimerne gline, ro\u0111endanski komplet, ukrasni jastuci","isPartOf":{"@id":"https:\/\/lesis-creations.com\/#website"},"primaryImageOfPage":{"@id":"https:\/\/lesis-creations.com\/product\/cool-moms-bags-under-eyes-club-mugs-with-retro-style-two-tone-sassy-mug-gift-for-her-mothers-day-gift-birthday-gift-coffee-mug-11oz\/#primaryimage"},"image":{"@id":"https:\/\/lesis-creations.com\/product\/cool-moms-bags-under-eyes-club-mugs-with-retro-style-two-tone-sassy-mug-gift-for-her-mothers-day-gift-birthday-gift-coffee-mug-11oz\/#primaryimage"},"thumbnailUrl":"https:\/\/lesis-creations.com\/wp-content\/uploads\/2024\/04\/72184-1.jpg","datePublished":"2024-04-25T07:06:16+00:00","dateModified":"2024-05-03T12:14:34+00:00","description":"Stvaram jednostavne komade nakita od polimerne gline koje mo\u017eete nositi svaki dan i u posebnim prilikama po Va\u0161im \u017eeljama. Nakit\/nau\u0161nice\/narukvice\/ogrlice, dje\u010dji ro\u0111endanski kompleti\u0107i (bodi, majica, suknja), ukrasni jastuci, gumice (scruchie) za kosu, okviri za uspomenu, privjesak za klju\u010deve","breadcrumb":{"@id":"https:\/\/lesis-creations.com\/product\/cool-moms-bags-under-eyes-club-mugs-with-retro-style-two-tone-sassy-mug-gift-for-her-mothers-day-gift-birthday-gift-coffee-mug-11oz\/#breadcrumb"},"inLanguage":"en-GB","potentialAction":[{"@type":"ReadAction","target":["https:\/\/lesis-creations.com\/product\/cool-moms-bags-under-eyes-club-mugs-with-retro-style-two-tone-sassy-mug-gift-for-her-mothers-day-gift-birthday-gift-coffee-mug-11oz\/"]}]},{"@type":"ImageObject","inLanguage":"en-GB","@id":"https:\/\/lesis-creations.com\/product\/cool-moms-bags-under-eyes-club-mugs-with-retro-style-two-tone-sassy-mug-gift-for-her-mothers-day-gift-birthday-gift-coffee-mug-11oz\/#primaryimage","url":"https:\/\/lesis-creations.com\/wp-content\/uploads\/2024\/04\/72184-1.jpg","contentUrl":"https:\/\/lesis-creations.com\/wp-content\/uploads\/2024\/04\/72184-1.jpg","width":1200,"height":1200,"caption":"Cool Moms bags under eyes Club Mugs with retro style. Two-tone sassy mug, gift for her, Mother\u2019s Day gift, birthday gift, coffee Mug, 11oz"},{"@type":"BreadcrumbList","@id":"https:\/\/lesis-creations.com\/product\/cool-moms-bags-under-eyes-club-mugs-with-retro-style-two-tone-sassy-mug-gift-for-her-mothers-day-gift-birthday-gift-coffee-mug-11oz\/#breadcrumb","itemListElement":[{"@type":"ListItem","position":1,"name":"Home","item":"https:\/\/lesis-creations.com\/"},{"@type":"ListItem","position":2,"name":"Shop","item":"https:\/\/lesis-creations.com\/shop\/"},{"@type":"ListItem","position":3,"name":"Cool Moms bags under eyes Club Mugs with retro style. Two-tone sassy mug, gift for her, Mother&#8217;s Day gift, birthday gift, coffee Mug, 11oz"}]},{"@type":"WebSite","@id":"https:\/\/lesis-creations.com\/#website","url":"https:\/\/lesis-creations.com\/","name":"Nakit od polimerne gline, ro\u0111endanski komplet, ukrasni jastuci","description":"Nakit, nau\u0161nice, ogrlice, narukvice, ro\u0111endanski komplet, ukras","publisher":{"@id":"https:\/\/lesis-creations.com\/#organization"},"alternateName":"Nakit\/nau\u0161nice\/narukvice\/ogrlice, dje\u010dji ro\u0111endanski kompleti\u0107i (bodi, majica, suknja), ukrasni jednorog jastuci, gumice (scruchie) za kosu, okviri za uspomenu","potentialAction":[{"@type":"SearchAction","target":{"@type":"EntryPoint","urlTemplate":"https:\/\/lesis-creations.com\/?s={search_term_string}"},"query-input":{"@type":"PropertyValueSpecification","valueRequired":true,"valueName":"search_term_string"}}],"inLanguage":"en-GB"},{"@type":"Organization","@id":"https:\/\/lesis-creations.com\/#organization","name":"Lesis-creations, obrt za proizvodnju, trgovinu i usluge","alternateName":"Nakit\/nau\u0161nice\/narukvice\/ogrlice, dje\u010dji ro\u0111endanski kompleti\u0107i (bodi, majica, suknja), ukrasni jednorog jastuci, gumice (scruchie) za kosu, okviri za uspomenu","url":"https:\/\/lesis-creations.com\/","logo":{"@type":"ImageObject","inLanguage":"en-GB","@id":"https:\/\/lesis-creations.com\/#\/schema\/logo\/image\/","url":"https:\/\/lesis-creations.com\/wp-content\/uploads\/2022\/09\/le-sis-creations-logo-1.jpg","contentUrl":"https:\/\/lesis-creations.com\/wp-content\/uploads\/2022\/09\/le-sis-creations-logo-1.jpg","width":500,"height":500,"caption":"Lesis-creations, obrt za proizvodnju, trgovinu i usluge"},"image":{"@id":"https:\/\/lesis-creations.com\/#\/schema\/logo\/image\/"},"sameAs":["https:\/\/facebook.com\/NakitLesis","https:\/\/instagram.com\/nakitlesis"]}]}},"_links":{"self":[{"href":"https:\/\/lesis-creations.com\/en\/wp-json\/wp\/v2\/product\/6831","targetHints":{"allow":["GET"]}}],"collection":[{"href":"https:\/\/lesis-creations.com\/en\/wp-json\/wp\/v2\/product"}],"about":[{"href":"https:\/\/lesis-creations.com\/en\/wp-json\/wp\/v2\/types\/product"}],"replies":[{"embeddable":true,"href":"https:\/\/lesis-creations.com\/en\/wp-json\/wp\/v2\/comments?post=6831"}],"wp:featuredmedia":[{"embeddable":true,"href":"https:\/\/lesis-creations.com\/en\/wp-json\/wp\/v2\/media\/6859"}],"wp:attachment":[{"href":"https:\/\/lesis-creations.com\/en\/wp-json\/wp\/v2\/media?parent=6831"}],"wp:term":[{"taxonomy":"product_brand","embeddable":true,"href":"https:\/\/lesis-creations.com\/en\/wp-json\/wp\/v2\/product_brand?post=6831"},{"taxonomy":"product_cat","embeddable":true,"href":"https:\/\/lesis-creations.com\/en\/wp-json\/wp\/v2\/product_cat?post=6831"},{"taxonomy":"product_tag","embeddable":true,"href":"https:\/\/lesis-creations.com\/en\/wp-json\/wp\/v2\/product_tag?post=6831"}],"curies":[{"name":"wp","href":"https:\/\/api.w.org\/{rel}","templated":true}]}}