{"id":6810,"date":"2024-04-25T08:58:29","date_gmt":"2024-04-25T06:58:29","guid":{"rendered":"https:\/\/lesis-creations.com\/product\/in-my-louis-larry-harry-era-with-retro-style-two-tone-sassy-mug-gift-for-her-larry-gift-harry-gift-louis-gift-coffee-mug-11oz\/"},"modified":"2024-05-03T14:14:58","modified_gmt":"2024-05-03T12:14:58","slug":"in-my-louis-larry-harry-era-with-retro-style-two-tone-sassy-mug-gift-for-her-larry-gift-harry-gift-louis-gift-coffee-mug-11oz","status":"publish","type":"product","link":"https:\/\/lesis-creations.com\/en\/product\/in-my-louis-larry-harry-era-with-retro-style-two-tone-sassy-mug-gift-for-her-larry-gift-harry-gift-louis-gift-coffee-mug-11oz\/","title":{"rendered":"in my Louis Larry Harry Era with retro style. Two-tone sassy mug, gift for her, Larry gift, Harry gift, Louis gift, coffee Mug, 11oz"},"content":{"rendered":"<p>Step into the &#8216;my Louis Larry Harry Era Club&#8217; with our retro-style mugs \u2013 the ultimate blend of sass and sophistication!<br \/>\nThe perfect gift for the trendsetting gift for her, Larry gift, Harry gift, Louis gift, these mugs add a touch of humor to all Harry and Louis fans.  Add some color to your routine with this two-tone, custom accent coffee mug<br \/>\nElevate coffee game with a dash of retro vibe because coolness knows no limits! <\/p>\n<p>Product Detail:<br \/>\nCrafted with precision, this beautiful two-tone mug will be printed with a glossy finish on the durable, white ceramic base, using premium-quality ORCA coating to ensure durability and long-lasting pleasure with every sip.<\/p>\n<p>Personalized mugs are super popular gifts for friends and loved ones. This one changes color and will be the gift that keeps on giving. The heat-reactive surface reveals your custom designs once the mug gets warm. The ceramic cup will go back to its original black outside and white inside when it cools down. The C-shaped handle helps keep a sturdy grip. It comes in one size \u2013 11oz (0.33l) \u2013 plenty for that big morning cup of coffee.<\/p>\n<p>.: One size: 11oz (0.33 l)<br \/>\n.: Ceramic material with black exterior and white interior<br \/>\n.: Lead and BPA-free<br \/>\n.: Heat-reactive design<br \/>\n.: Glossy finish<br \/>\n.: NB! Hand wash recommended<\/p>","protected":false},"excerpt":{"rendered":"<p>Step into the &#8216;my Louis Larry Harry Era Club&#8217; with our retro-style mugs \u2013 the ultimate blend of sass and sophistication! The perfect gift for the trendsetting gift for her, Larry gift, Harry gift, Louis gift, these mugs add a touch of humor to all Harry and Louis fans. Add some color to your routine [&hellip;]<\/p>\n","protected":false},"featured_media":6812,"comment_status":"open","ping_status":"closed","template":"","meta":{"_et_pb_use_builder":"","_et_pb_old_content":"","_et_gb_content_width":"","_uf_show_specific_survey":0,"_uf_disable_surveys":false},"product_brand":[],"product_cat":[168,272],"product_tag":[287,283,285,284,286,282],"class_list":{"0":"post-6810","1":"product","2":"type-product","3":"status-publish","4":"has-post-thumbnail","6":"product_cat-ostalo","7":"product_cat-print-on-demand","8":"product_tag-coffee-mug","9":"product_tag-gift-for-her","10":"product_tag-harry-gift","11":"product_tag-larry-gift","12":"product_tag-louis-gift","13":"product_tag-two-tone-sassy-mug","15":"first","16":"instock","17":"featured","18":"shipping-taxable","19":"purchasable","20":"product-type-variable","21":"has-default-attributes"},"yoast_head":"<!-- This site is optimized with the Yoast SEO plugin v27.5 - https:\/\/yoast.com\/product\/yoast-seo-wordpress\/ -->\n<title>in my Louis Larry Harry Era with retro style. Two-tone sassy mug, gift for her, Larry gift, Harry gift, Louis gift, coffee Mug, 11oz - Nakit od polimerne gline, ro\u0111endanski komplet, ukrasni jastuci<\/title>\n<meta name=\"description\" content=\"Stvaram jednostavne komade nakita od polimerne gline koje mo\u017eete nositi svaki dan i u posebnim prilikama po Va\u0161im \u017eeljama. Nakit\/nau\u0161nice\/narukvice\/ogrlice, dje\u010dji ro\u0111endanski kompleti\u0107i (bodi, majica, suknja), ukrasni jastuci, gumice (scruchie) za kosu, okviri za uspomenu, privjesak za klju\u010deve\" \/>\n<meta name=\"robots\" content=\"index, follow, max-snippet:-1, max-image-preview:large, max-video-preview:-1\" \/>\n<link rel=\"canonical\" href=\"https:\/\/lesis-creations.com\/en\/product\/in-my-louis-larry-harry-era-with-retro-style-two-tone-sassy-mug-gift-for-her-larry-gift-harry-gift-louis-gift-coffee-mug-11oz\/\" \/>\n<meta property=\"og:locale\" content=\"en_GB\" \/>\n<meta property=\"og:type\" content=\"article\" \/>\n<meta property=\"og:title\" content=\"in my Louis Larry Harry Era with retro style. Two-tone sassy mug, gift for her, Larry gift, Harry gift, Louis gift, coffee Mug, 11oz - Nakit od polimerne gline, ro\u0111endanski komplet, ukrasni jastuci\" \/>\n<meta property=\"og:description\" content=\"Stvaram jednostavne komade nakita od polimerne gline koje mo\u017eete nositi svaki dan i u posebnim prilikama po Va\u0161im \u017eeljama. Nakit\/nau\u0161nice\/narukvice\/ogrlice, dje\u010dji ro\u0111endanski kompleti\u0107i (bodi, majica, suknja), ukrasni jastuci, gumice (scruchie) za kosu, okviri za uspomenu, privjesak za klju\u010deve\" \/>\n<meta property=\"og:url\" content=\"https:\/\/lesis-creations.com\/en\/product\/in-my-louis-larry-harry-era-with-retro-style-two-tone-sassy-mug-gift-for-her-larry-gift-harry-gift-louis-gift-coffee-mug-11oz\/\" \/>\n<meta property=\"og:site_name\" content=\"Nakit od polimerne gline, ro\u0111endanski komplet, ukrasni jastuci\" \/>\n<meta property=\"article:publisher\" content=\"https:\/\/facebook.com\/NakitLesis\" \/>\n<meta property=\"article:modified_time\" content=\"2024-05-03T12:14:58+00:00\" \/>\n<meta property=\"og:image\" content=\"https:\/\/lesis-creations.com\/wp-content\/uploads\/2024\/04\/88141.jpg\" \/>\n\t<meta property=\"og:image:width\" content=\"1200\" \/>\n\t<meta property=\"og:image:height\" content=\"1200\" \/>\n\t<meta property=\"og:image:type\" content=\"image\/jpeg\" \/>\n<meta name=\"twitter:card\" content=\"summary_large_image\" \/>\n<meta name=\"twitter:label1\" content=\"Estimated reading time\" \/>\n\t<meta name=\"twitter:data1\" content=\"1 minute\" \/>\n<script type=\"application\/ld+json\" class=\"yoast-schema-graph\">{\"@context\":\"https:\\\/\\\/schema.org\",\"@graph\":[{\"@type\":\"WebPage\",\"@id\":\"https:\\\/\\\/lesis-creations.com\\\/product\\\/in-my-louis-larry-harry-era-with-retro-style-two-tone-sassy-mug-gift-for-her-larry-gift-harry-gift-louis-gift-coffee-mug-11oz\\\/\",\"url\":\"https:\\\/\\\/lesis-creations.com\\\/product\\\/in-my-louis-larry-harry-era-with-retro-style-two-tone-sassy-mug-gift-for-her-larry-gift-harry-gift-louis-gift-coffee-mug-11oz\\\/\",\"name\":\"in my Louis Larry Harry Era with retro style. Two-tone sassy mug, gift for her, Larry gift, Harry gift, Louis gift, coffee Mug, 11oz - Nakit od polimerne gline, ro\u0111endanski komplet, ukrasni jastuci\",\"isPartOf\":{\"@id\":\"https:\\\/\\\/lesis-creations.com\\\/#website\"},\"primaryImageOfPage\":{\"@id\":\"https:\\\/\\\/lesis-creations.com\\\/product\\\/in-my-louis-larry-harry-era-with-retro-style-two-tone-sassy-mug-gift-for-her-larry-gift-harry-gift-louis-gift-coffee-mug-11oz\\\/#primaryimage\"},\"image\":{\"@id\":\"https:\\\/\\\/lesis-creations.com\\\/product\\\/in-my-louis-larry-harry-era-with-retro-style-two-tone-sassy-mug-gift-for-her-larry-gift-harry-gift-louis-gift-coffee-mug-11oz\\\/#primaryimage\"},\"thumbnailUrl\":\"https:\\\/\\\/lesis-creations.com\\\/wp-content\\\/uploads\\\/2024\\\/04\\\/88141.jpg\",\"datePublished\":\"2024-04-25T06:58:29+00:00\",\"dateModified\":\"2024-05-03T12:14:58+00:00\",\"description\":\"Stvaram jednostavne komade nakita od polimerne gline koje mo\u017eete nositi svaki dan i u posebnim prilikama po Va\u0161im \u017eeljama. Nakit\\\/nau\u0161nice\\\/narukvice\\\/ogrlice, dje\u010dji ro\u0111endanski kompleti\u0107i (bodi, majica, suknja), ukrasni jastuci, gumice (scruchie) za kosu, okviri za uspomenu, privjesak za klju\u010deve\",\"breadcrumb\":{\"@id\":\"https:\\\/\\\/lesis-creations.com\\\/product\\\/in-my-louis-larry-harry-era-with-retro-style-two-tone-sassy-mug-gift-for-her-larry-gift-harry-gift-louis-gift-coffee-mug-11oz\\\/#breadcrumb\"},\"inLanguage\":\"en-GB\",\"potentialAction\":[{\"@type\":\"ReadAction\",\"target\":[\"https:\\\/\\\/lesis-creations.com\\\/product\\\/in-my-louis-larry-harry-era-with-retro-style-two-tone-sassy-mug-gift-for-her-larry-gift-harry-gift-louis-gift-coffee-mug-11oz\\\/\"]}]},{\"@type\":\"ImageObject\",\"inLanguage\":\"en-GB\",\"@id\":\"https:\\\/\\\/lesis-creations.com\\\/product\\\/in-my-louis-larry-harry-era-with-retro-style-two-tone-sassy-mug-gift-for-her-larry-gift-harry-gift-louis-gift-coffee-mug-11oz\\\/#primaryimage\",\"url\":\"https:\\\/\\\/lesis-creations.com\\\/wp-content\\\/uploads\\\/2024\\\/04\\\/88141.jpg\",\"contentUrl\":\"https:\\\/\\\/lesis-creations.com\\\/wp-content\\\/uploads\\\/2024\\\/04\\\/88141.jpg\",\"width\":1200,\"height\":1200,\"caption\":\"in my Louis Larry Harry Era with retro style. Two-tone sassy mug, gift for her, Larry gift, Harry gift, Louis gift, coffee Mug, 11oz\"},{\"@type\":\"BreadcrumbList\",\"@id\":\"https:\\\/\\\/lesis-creations.com\\\/product\\\/in-my-louis-larry-harry-era-with-retro-style-two-tone-sassy-mug-gift-for-her-larry-gift-harry-gift-louis-gift-coffee-mug-11oz\\\/#breadcrumb\",\"itemListElement\":[{\"@type\":\"ListItem\",\"position\":1,\"name\":\"Home\",\"item\":\"https:\\\/\\\/lesis-creations.com\\\/\"},{\"@type\":\"ListItem\",\"position\":2,\"name\":\"Shop\",\"item\":\"https:\\\/\\\/lesis-creations.com\\\/shop\\\/\"},{\"@type\":\"ListItem\",\"position\":3,\"name\":\"in my Louis Larry Harry Era with retro style. Two-tone sassy mug, gift for her, Larry gift, Harry gift, Louis gift, coffee Mug, 11oz\"}]},{\"@type\":\"WebSite\",\"@id\":\"https:\\\/\\\/lesis-creations.com\\\/#website\",\"url\":\"https:\\\/\\\/lesis-creations.com\\\/\",\"name\":\"Nakit od polimerne gline, ro\u0111endanski komplet, ukrasni jastuci\",\"description\":\"Nakit, nau\u0161nice, ogrlice, narukvice, ro\u0111endanski komplet, ukras\",\"publisher\":{\"@id\":\"https:\\\/\\\/lesis-creations.com\\\/#organization\"},\"alternateName\":\"Nakit\\\/nau\u0161nice\\\/narukvice\\\/ogrlice, dje\u010dji ro\u0111endanski kompleti\u0107i (bodi, majica, suknja), ukrasni jednorog jastuci, gumice (scruchie) za kosu, okviri za uspomenu\",\"potentialAction\":[{\"@type\":\"SearchAction\",\"target\":{\"@type\":\"EntryPoint\",\"urlTemplate\":\"https:\\\/\\\/lesis-creations.com\\\/?s={search_term_string}\"},\"query-input\":{\"@type\":\"PropertyValueSpecification\",\"valueRequired\":true,\"valueName\":\"search_term_string\"}}],\"inLanguage\":\"en-GB\"},{\"@type\":\"Organization\",\"@id\":\"https:\\\/\\\/lesis-creations.com\\\/#organization\",\"name\":\"Lesis-creations, obrt za proizvodnju, trgovinu i usluge\",\"alternateName\":\"Nakit\\\/nau\u0161nice\\\/narukvice\\\/ogrlice, dje\u010dji ro\u0111endanski kompleti\u0107i (bodi, majica, suknja), ukrasni jednorog jastuci, gumice (scruchie) za kosu, okviri za uspomenu\",\"url\":\"https:\\\/\\\/lesis-creations.com\\\/\",\"logo\":{\"@type\":\"ImageObject\",\"inLanguage\":\"en-GB\",\"@id\":\"https:\\\/\\\/lesis-creations.com\\\/#\\\/schema\\\/logo\\\/image\\\/\",\"url\":\"https:\\\/\\\/lesis-creations.com\\\/wp-content\\\/uploads\\\/2022\\\/09\\\/le-sis-creations-logo-1.jpg\",\"contentUrl\":\"https:\\\/\\\/lesis-creations.com\\\/wp-content\\\/uploads\\\/2022\\\/09\\\/le-sis-creations-logo-1.jpg\",\"width\":500,\"height\":500,\"caption\":\"Lesis-creations, obrt za proizvodnju, trgovinu i usluge\"},\"image\":{\"@id\":\"https:\\\/\\\/lesis-creations.com\\\/#\\\/schema\\\/logo\\\/image\\\/\"},\"sameAs\":[\"https:\\\/\\\/facebook.com\\\/NakitLesis\",\"https:\\\/\\\/instagram.com\\\/nakitlesis\"]}]}<\/script>\n<!-- \/ Yoast SEO plugin. -->","yoast_head_json":{"title":"in my Louis Larry Harry Era with retro style. Two-tone sassy mug, gift for her, Larry gift, Harry gift, Louis gift, coffee Mug, 11oz - Nakit od polimerne gline, ro\u0111endanski komplet, ukrasni jastuci","description":"Stvaram jednostavne komade nakita od polimerne gline koje mo\u017eete nositi svaki dan i u posebnim prilikama po Va\u0161im \u017eeljama. Nakit\/nau\u0161nice\/narukvice\/ogrlice, dje\u010dji ro\u0111endanski kompleti\u0107i (bodi, majica, suknja), ukrasni jastuci, gumice (scruchie) za kosu, okviri za uspomenu, privjesak za klju\u010deve","robots":{"index":"index","follow":"follow","max-snippet":"max-snippet:-1","max-image-preview":"max-image-preview:large","max-video-preview":"max-video-preview:-1"},"canonical":"https:\/\/lesis-creations.com\/en\/product\/in-my-louis-larry-harry-era-with-retro-style-two-tone-sassy-mug-gift-for-her-larry-gift-harry-gift-louis-gift-coffee-mug-11oz\/","og_locale":"en_GB","og_type":"article","og_title":"in my Louis Larry Harry Era with retro style. Two-tone sassy mug, gift for her, Larry gift, Harry gift, Louis gift, coffee Mug, 11oz - Nakit od polimerne gline, ro\u0111endanski komplet, ukrasni jastuci","og_description":"Stvaram jednostavne komade nakita od polimerne gline koje mo\u017eete nositi svaki dan i u posebnim prilikama po Va\u0161im \u017eeljama. Nakit\/nau\u0161nice\/narukvice\/ogrlice, dje\u010dji ro\u0111endanski kompleti\u0107i (bodi, majica, suknja), ukrasni jastuci, gumice (scruchie) za kosu, okviri za uspomenu, privjesak za klju\u010deve","og_url":"https:\/\/lesis-creations.com\/en\/product\/in-my-louis-larry-harry-era-with-retro-style-two-tone-sassy-mug-gift-for-her-larry-gift-harry-gift-louis-gift-coffee-mug-11oz\/","og_site_name":"Nakit od polimerne gline, ro\u0111endanski komplet, ukrasni jastuci","article_publisher":"https:\/\/facebook.com\/NakitLesis","article_modified_time":"2024-05-03T12:14:58+00:00","og_image":[{"width":1200,"height":1200,"url":"https:\/\/lesis-creations.com\/wp-content\/uploads\/2024\/04\/88141.jpg","type":"image\/jpeg"}],"twitter_card":"summary_large_image","twitter_misc":{"Estimated reading time":"1 minute"},"schema":{"@context":"https:\/\/schema.org","@graph":[{"@type":"WebPage","@id":"https:\/\/lesis-creations.com\/product\/in-my-louis-larry-harry-era-with-retro-style-two-tone-sassy-mug-gift-for-her-larry-gift-harry-gift-louis-gift-coffee-mug-11oz\/","url":"https:\/\/lesis-creations.com\/product\/in-my-louis-larry-harry-era-with-retro-style-two-tone-sassy-mug-gift-for-her-larry-gift-harry-gift-louis-gift-coffee-mug-11oz\/","name":"in my Louis Larry Harry Era with retro style. Two-tone sassy mug, gift for her, Larry gift, Harry gift, Louis gift, coffee Mug, 11oz - Nakit od polimerne gline, ro\u0111endanski komplet, ukrasni jastuci","isPartOf":{"@id":"https:\/\/lesis-creations.com\/#website"},"primaryImageOfPage":{"@id":"https:\/\/lesis-creations.com\/product\/in-my-louis-larry-harry-era-with-retro-style-two-tone-sassy-mug-gift-for-her-larry-gift-harry-gift-louis-gift-coffee-mug-11oz\/#primaryimage"},"image":{"@id":"https:\/\/lesis-creations.com\/product\/in-my-louis-larry-harry-era-with-retro-style-two-tone-sassy-mug-gift-for-her-larry-gift-harry-gift-louis-gift-coffee-mug-11oz\/#primaryimage"},"thumbnailUrl":"https:\/\/lesis-creations.com\/wp-content\/uploads\/2024\/04\/88141.jpg","datePublished":"2024-04-25T06:58:29+00:00","dateModified":"2024-05-03T12:14:58+00:00","description":"Stvaram jednostavne komade nakita od polimerne gline koje mo\u017eete nositi svaki dan i u posebnim prilikama po Va\u0161im \u017eeljama. Nakit\/nau\u0161nice\/narukvice\/ogrlice, dje\u010dji ro\u0111endanski kompleti\u0107i (bodi, majica, suknja), ukrasni jastuci, gumice (scruchie) za kosu, okviri za uspomenu, privjesak za klju\u010deve","breadcrumb":{"@id":"https:\/\/lesis-creations.com\/product\/in-my-louis-larry-harry-era-with-retro-style-two-tone-sassy-mug-gift-for-her-larry-gift-harry-gift-louis-gift-coffee-mug-11oz\/#breadcrumb"},"inLanguage":"en-GB","potentialAction":[{"@type":"ReadAction","target":["https:\/\/lesis-creations.com\/product\/in-my-louis-larry-harry-era-with-retro-style-two-tone-sassy-mug-gift-for-her-larry-gift-harry-gift-louis-gift-coffee-mug-11oz\/"]}]},{"@type":"ImageObject","inLanguage":"en-GB","@id":"https:\/\/lesis-creations.com\/product\/in-my-louis-larry-harry-era-with-retro-style-two-tone-sassy-mug-gift-for-her-larry-gift-harry-gift-louis-gift-coffee-mug-11oz\/#primaryimage","url":"https:\/\/lesis-creations.com\/wp-content\/uploads\/2024\/04\/88141.jpg","contentUrl":"https:\/\/lesis-creations.com\/wp-content\/uploads\/2024\/04\/88141.jpg","width":1200,"height":1200,"caption":"in my Louis Larry Harry Era with retro style. Two-tone sassy mug, gift for her, Larry gift, Harry gift, Louis gift, coffee Mug, 11oz"},{"@type":"BreadcrumbList","@id":"https:\/\/lesis-creations.com\/product\/in-my-louis-larry-harry-era-with-retro-style-two-tone-sassy-mug-gift-for-her-larry-gift-harry-gift-louis-gift-coffee-mug-11oz\/#breadcrumb","itemListElement":[{"@type":"ListItem","position":1,"name":"Home","item":"https:\/\/lesis-creations.com\/"},{"@type":"ListItem","position":2,"name":"Shop","item":"https:\/\/lesis-creations.com\/shop\/"},{"@type":"ListItem","position":3,"name":"in my Louis Larry Harry Era with retro style. Two-tone sassy mug, gift for her, Larry gift, Harry gift, Louis gift, coffee Mug, 11oz"}]},{"@type":"WebSite","@id":"https:\/\/lesis-creations.com\/#website","url":"https:\/\/lesis-creations.com\/","name":"Nakit od polimerne gline, ro\u0111endanski komplet, ukrasni jastuci","description":"Nakit, nau\u0161nice, ogrlice, narukvice, ro\u0111endanski komplet, ukras","publisher":{"@id":"https:\/\/lesis-creations.com\/#organization"},"alternateName":"Nakit\/nau\u0161nice\/narukvice\/ogrlice, dje\u010dji ro\u0111endanski kompleti\u0107i (bodi, majica, suknja), ukrasni jednorog jastuci, gumice (scruchie) za kosu, okviri za uspomenu","potentialAction":[{"@type":"SearchAction","target":{"@type":"EntryPoint","urlTemplate":"https:\/\/lesis-creations.com\/?s={search_term_string}"},"query-input":{"@type":"PropertyValueSpecification","valueRequired":true,"valueName":"search_term_string"}}],"inLanguage":"en-GB"},{"@type":"Organization","@id":"https:\/\/lesis-creations.com\/#organization","name":"Lesis-creations, obrt za proizvodnju, trgovinu i usluge","alternateName":"Nakit\/nau\u0161nice\/narukvice\/ogrlice, dje\u010dji ro\u0111endanski kompleti\u0107i (bodi, majica, suknja), ukrasni jednorog jastuci, gumice (scruchie) za kosu, okviri za uspomenu","url":"https:\/\/lesis-creations.com\/","logo":{"@type":"ImageObject","inLanguage":"en-GB","@id":"https:\/\/lesis-creations.com\/#\/schema\/logo\/image\/","url":"https:\/\/lesis-creations.com\/wp-content\/uploads\/2022\/09\/le-sis-creations-logo-1.jpg","contentUrl":"https:\/\/lesis-creations.com\/wp-content\/uploads\/2022\/09\/le-sis-creations-logo-1.jpg","width":500,"height":500,"caption":"Lesis-creations, obrt za proizvodnju, trgovinu i usluge"},"image":{"@id":"https:\/\/lesis-creations.com\/#\/schema\/logo\/image\/"},"sameAs":["https:\/\/facebook.com\/NakitLesis","https:\/\/instagram.com\/nakitlesis"]}]}},"_links":{"self":[{"href":"https:\/\/lesis-creations.com\/en\/wp-json\/wp\/v2\/product\/6810","targetHints":{"allow":["GET"]}}],"collection":[{"href":"https:\/\/lesis-creations.com\/en\/wp-json\/wp\/v2\/product"}],"about":[{"href":"https:\/\/lesis-creations.com\/en\/wp-json\/wp\/v2\/types\/product"}],"replies":[{"embeddable":true,"href":"https:\/\/lesis-creations.com\/en\/wp-json\/wp\/v2\/comments?post=6810"}],"wp:featuredmedia":[{"embeddable":true,"href":"https:\/\/lesis-creations.com\/en\/wp-json\/wp\/v2\/media\/6812"}],"wp:attachment":[{"href":"https:\/\/lesis-creations.com\/en\/wp-json\/wp\/v2\/media?parent=6810"}],"wp:term":[{"taxonomy":"product_brand","embeddable":true,"href":"https:\/\/lesis-creations.com\/en\/wp-json\/wp\/v2\/product_brand?post=6810"},{"taxonomy":"product_cat","embeddable":true,"href":"https:\/\/lesis-creations.com\/en\/wp-json\/wp\/v2\/product_cat?post=6810"},{"taxonomy":"product_tag","embeddable":true,"href":"https:\/\/lesis-creations.com\/en\/wp-json\/wp\/v2\/product_tag?post=6810"}],"curies":[{"name":"wp","href":"https:\/\/api.w.org\/{rel}","templated":true}]}}