{"id":6725,"date":"2024-04-25T08:41:37","date_gmt":"2024-04-25T06:41:37","guid":{"rendered":"https:\/\/lesis-creations.com\/product\/confident-today-positivity-empower-sia-song-lyric-unisex-short-sleeve-t-shirt-hoodie-sweatshirt-shirt-gift-power-woman\/"},"modified":"2024-05-03T14:06:45","modified_gmt":"2024-05-03T12:06:45","slug":"confident-today-positivity-empower-sia-song-lyric-unisex-short-sleeve-t-shirt-hoodie-sweatshirt-shirt-gift-power-woman","status":"publish","type":"product","link":"https:\/\/lesis-creations.com\/en\/product\/confident-today-positivity-empower-sia-song-lyric-unisex-short-sleeve-t-shirt-hoodie-sweatshirt-shirt-gift-power-woman\/","title":{"rendered":"Confident Today, Positivity, Empower, Sia, Song Lyric, Unisex, short Sleeve T-Shirt, Hoodie, Sweatshirt, Shirt, gift, power, woman"},"content":{"rendered":"<p>Hi to you all<\/p>\n<p>*If you really love this design but would like it on a different garment (sweatshirt, tank top, mug, bag, etc&#8230;) please reach out and I will happily do a custom order for you!<\/p>\n<p>&#8212; We also do Custom Orders, we have Shirts for all Adults and Kids. If you don&#8217;t find what you want please contact us and we will be glad to make your ideas happen.<\/p>\n<p>\u2757\ufe0f Please be aware that the Sweatshirt is a Unisex Cut it may be oversized. Please check the size charts from the pictures to measure yourself just to be sure you will receive a good sized item, as we don\u2019t accept returns for this product because it is made to order especially for you. \u2757\ufe0f<\/p>\n<p>&#8212; Care instructions: The Shirt can only be bleached with non-chloride bleach to maintain the colors.<br \/>\nTumble dry low or hang dry. Do not dry clean it. Iron it only inside out avoiding the print area.<\/p>\n<p>The position, colors and size of the print may differ slightly from the illustrations.<\/p>\n<p>The woman&#8217;s softstyle tee is a more feminine take on the classic tee. The sleeves are shortened to reveal some shoulder. The fabric is 100% ringspun cotton for all solid colors. The shoulders are taped with twill to prolong durability. The collar seam is reinforced with ribbed knitting.<br \/>\n.: 100% ringspun cotton (fiber content may vary for different colors)<br \/>\n.: Light fabric (4.5 oz\/yd\u00b2 (153 g\/m\u00b2))<br \/>\n.: Semi-fitted<br \/>\n.: Tear-away label<br \/>\n.: Runs true to size<\/p>\n<p>&#8212; Purchasing from us means that you agree with our policies and that you have read them.<\/p>\n<p>I am available anytime to talk about your wishes for personalized gifts and items. If you have an idea I\u2019ll be glad to make it happening for you. If you have any questions or requests please contact me.<\/p>","protected":false},"excerpt":{"rendered":"<p>Hi to you all *If you really love this design but would like it on a different garment (sweatshirt, tank top, mug, bag, etc&#8230;) please reach out and I will happily do a custom order for you! &#8212; We also do Custom Orders, we have Shirts for all Adults and Kids. If you don&#8217;t find [&hellip;]<\/p>\n","protected":false},"featured_media":6756,"comment_status":"open","ping_status":"closed","template":"","meta":{"_et_pb_use_builder":"","_et_pb_old_content":"","_et_gb_content_width":"","_uf_show_specific_survey":0,"_uf_disable_surveys":false},"product_brand":[],"product_cat":[168,272],"product_tag":[275,280,281,274,276,273,279,277,278],"class_list":{"0":"post-6725","1":"product","2":"type-product","3":"status-publish","4":"has-post-thumbnail","6":"product_cat-ostalo","7":"product_cat-print-on-demand","8":"product_tag-hoodie","9":"product_tag-majica","10":"product_tag-print-na-majicu","11":"product_tag-shirt","12":"product_tag-shirts","13":"product_tag-t-shirt","14":"product_tag-tees","15":"product_tag-tops","16":"product_tag-tshirts","18":"first","19":"instock","20":"featured","21":"shipping-taxable","22":"purchasable","23":"product-type-variable","24":"has-default-attributes"},"yoast_head":"<!-- This site is optimized with the Yoast SEO plugin v27.4 - https:\/\/yoast.com\/product\/yoast-seo-wordpress\/ -->\n<title>Confident Today, Positivity, Empower, Sia, Song Lyric, Unisex, short Sleeve T-Shirt, Hoodie, Sweatshirt, Shirt, gift, power, woman - Nakit od polimerne gline, ro\u0111endanski komplet, ukrasni jastuci<\/title>\n<meta name=\"description\" content=\"Stvaram jednostavne komade nakita od polimerne gline koje mo\u017eete nositi svaki dan i u posebnim prilikama po Va\u0161im \u017eeljama. Nakit\/nau\u0161nice\/narukvice\/ogrlice, dje\u010dji ro\u0111endanski kompleti\u0107i (bodi, majica, suknja), ukrasni jastuci, gumice (scruchie) za kosu, okviri za uspomenu, privjesak za klju\u010deve\" \/>\n<meta name=\"robots\" content=\"index, follow, max-snippet:-1, max-image-preview:large, max-video-preview:-1\" \/>\n<link rel=\"canonical\" href=\"https:\/\/lesis-creations.com\/en\/product\/confident-today-positivity-empower-sia-song-lyric-unisex-short-sleeve-t-shirt-hoodie-sweatshirt-shirt-gift-power-woman\/\" \/>\n<meta property=\"og:locale\" content=\"en_GB\" \/>\n<meta property=\"og:type\" content=\"article\" \/>\n<meta property=\"og:title\" content=\"Confident Today, Positivity, Empower, Sia, Song Lyric, Unisex, short Sleeve T-Shirt, Hoodie, Sweatshirt, Shirt, gift, power, woman - Nakit od polimerne gline, ro\u0111endanski komplet, ukrasni jastuci\" \/>\n<meta property=\"og:description\" content=\"Stvaram jednostavne komade nakita od polimerne gline koje mo\u017eete nositi svaki dan i u posebnim prilikama po Va\u0161im \u017eeljama. Nakit\/nau\u0161nice\/narukvice\/ogrlice, dje\u010dji ro\u0111endanski kompleti\u0107i (bodi, majica, suknja), ukrasni jastuci, gumice (scruchie) za kosu, okviri za uspomenu, privjesak za klju\u010deve\" \/>\n<meta property=\"og:url\" content=\"https:\/\/lesis-creations.com\/en\/product\/confident-today-positivity-empower-sia-song-lyric-unisex-short-sleeve-t-shirt-hoodie-sweatshirt-shirt-gift-power-woman\/\" \/>\n<meta property=\"og:site_name\" content=\"Nakit od polimerne gline, ro\u0111endanski komplet, ukrasni jastuci\" \/>\n<meta property=\"article:publisher\" content=\"https:\/\/facebook.com\/NakitLesis\" \/>\n<meta property=\"article:modified_time\" content=\"2024-05-03T12:06:45+00:00\" \/>\n<meta property=\"og:image\" content=\"https:\/\/lesis-creations.com\/wp-content\/uploads\/2024\/04\/33867.jpg\" \/>\n\t<meta property=\"og:image:width\" content=\"1200\" \/>\n\t<meta property=\"og:image:height\" content=\"1200\" \/>\n\t<meta property=\"og:image:type\" content=\"image\/jpeg\" \/>\n<meta name=\"twitter:card\" content=\"summary_large_image\" \/>\n<meta name=\"twitter:label1\" content=\"Estimated reading time\" \/>\n\t<meta name=\"twitter:data1\" content=\"2 minutes\" \/>\n<script type=\"application\/ld+json\" class=\"yoast-schema-graph\">{\"@context\":\"https:\\\/\\\/schema.org\",\"@graph\":[{\"@type\":\"WebPage\",\"@id\":\"https:\\\/\\\/lesis-creations.com\\\/product\\\/confident-today-positivity-empower-sia-song-lyric-unisex-short-sleeve-t-shirt-hoodie-sweatshirt-shirt-gift-power-woman\\\/\",\"url\":\"https:\\\/\\\/lesis-creations.com\\\/product\\\/confident-today-positivity-empower-sia-song-lyric-unisex-short-sleeve-t-shirt-hoodie-sweatshirt-shirt-gift-power-woman\\\/\",\"name\":\"Confident Today, Positivity, Empower, Sia, Song Lyric, Unisex, short Sleeve T-Shirt, Hoodie, Sweatshirt, Shirt, gift, power, woman - Nakit od polimerne gline, ro\u0111endanski komplet, ukrasni jastuci\",\"isPartOf\":{\"@id\":\"https:\\\/\\\/lesis-creations.com\\\/#website\"},\"primaryImageOfPage\":{\"@id\":\"https:\\\/\\\/lesis-creations.com\\\/product\\\/confident-today-positivity-empower-sia-song-lyric-unisex-short-sleeve-t-shirt-hoodie-sweatshirt-shirt-gift-power-woman\\\/#primaryimage\"},\"image\":{\"@id\":\"https:\\\/\\\/lesis-creations.com\\\/product\\\/confident-today-positivity-empower-sia-song-lyric-unisex-short-sleeve-t-shirt-hoodie-sweatshirt-shirt-gift-power-woman\\\/#primaryimage\"},\"thumbnailUrl\":\"https:\\\/\\\/lesis-creations.com\\\/wp-content\\\/uploads\\\/2024\\\/04\\\/33867.jpg\",\"datePublished\":\"2024-04-25T06:41:37+00:00\",\"dateModified\":\"2024-05-03T12:06:45+00:00\",\"description\":\"Stvaram jednostavne komade nakita od polimerne gline koje mo\u017eete nositi svaki dan i u posebnim prilikama po Va\u0161im \u017eeljama. Nakit\\\/nau\u0161nice\\\/narukvice\\\/ogrlice, dje\u010dji ro\u0111endanski kompleti\u0107i (bodi, majica, suknja), ukrasni jastuci, gumice (scruchie) za kosu, okviri za uspomenu, privjesak za klju\u010deve\",\"breadcrumb\":{\"@id\":\"https:\\\/\\\/lesis-creations.com\\\/product\\\/confident-today-positivity-empower-sia-song-lyric-unisex-short-sleeve-t-shirt-hoodie-sweatshirt-shirt-gift-power-woman\\\/#breadcrumb\"},\"inLanguage\":\"en-GB\",\"potentialAction\":[{\"@type\":\"ReadAction\",\"target\":[\"https:\\\/\\\/lesis-creations.com\\\/product\\\/confident-today-positivity-empower-sia-song-lyric-unisex-short-sleeve-t-shirt-hoodie-sweatshirt-shirt-gift-power-woman\\\/\"]}]},{\"@type\":\"ImageObject\",\"inLanguage\":\"en-GB\",\"@id\":\"https:\\\/\\\/lesis-creations.com\\\/product\\\/confident-today-positivity-empower-sia-song-lyric-unisex-short-sleeve-t-shirt-hoodie-sweatshirt-shirt-gift-power-woman\\\/#primaryimage\",\"url\":\"https:\\\/\\\/lesis-creations.com\\\/wp-content\\\/uploads\\\/2024\\\/04\\\/33867.jpg\",\"contentUrl\":\"https:\\\/\\\/lesis-creations.com\\\/wp-content\\\/uploads\\\/2024\\\/04\\\/33867.jpg\",\"width\":1200,\"height\":1200,\"caption\":\"Confident Today, Positivity, Empower, Sia, Song Lyric, Unisex, short Sleeve T-Shirt, Hoodie, Sweatshirt, Shirt, gift, power, woman\"},{\"@type\":\"BreadcrumbList\",\"@id\":\"https:\\\/\\\/lesis-creations.com\\\/product\\\/confident-today-positivity-empower-sia-song-lyric-unisex-short-sleeve-t-shirt-hoodie-sweatshirt-shirt-gift-power-woman\\\/#breadcrumb\",\"itemListElement\":[{\"@type\":\"ListItem\",\"position\":1,\"name\":\"Home\",\"item\":\"https:\\\/\\\/lesis-creations.com\\\/\"},{\"@type\":\"ListItem\",\"position\":2,\"name\":\"Shop\",\"item\":\"https:\\\/\\\/lesis-creations.com\\\/shop\\\/\"},{\"@type\":\"ListItem\",\"position\":3,\"name\":\"Confident Today, Positivity, Empower, Sia, Song Lyric, Unisex, short Sleeve T-Shirt, Hoodie, Sweatshirt, Shirt, gift, power, woman\"}]},{\"@type\":\"WebSite\",\"@id\":\"https:\\\/\\\/lesis-creations.com\\\/#website\",\"url\":\"https:\\\/\\\/lesis-creations.com\\\/\",\"name\":\"Nakit od polimerne gline, ro\u0111endanski komplet, ukrasni jastuci\",\"description\":\"Nakit, nau\u0161nice, ogrlice, narukvice, ro\u0111endanski komplet, ukras\",\"publisher\":{\"@id\":\"https:\\\/\\\/lesis-creations.com\\\/#organization\"},\"alternateName\":\"Nakit\\\/nau\u0161nice\\\/narukvice\\\/ogrlice, dje\u010dji ro\u0111endanski kompleti\u0107i (bodi, majica, suknja), ukrasni jednorog jastuci, gumice (scruchie) za kosu, okviri za uspomenu\",\"potentialAction\":[{\"@type\":\"SearchAction\",\"target\":{\"@type\":\"EntryPoint\",\"urlTemplate\":\"https:\\\/\\\/lesis-creations.com\\\/?s={search_term_string}\"},\"query-input\":{\"@type\":\"PropertyValueSpecification\",\"valueRequired\":true,\"valueName\":\"search_term_string\"}}],\"inLanguage\":\"en-GB\"},{\"@type\":\"Organization\",\"@id\":\"https:\\\/\\\/lesis-creations.com\\\/#organization\",\"name\":\"Lesis-creations, obrt za proizvodnju, trgovinu i usluge\",\"alternateName\":\"Nakit\\\/nau\u0161nice\\\/narukvice\\\/ogrlice, dje\u010dji ro\u0111endanski kompleti\u0107i (bodi, majica, suknja), ukrasni jednorog jastuci, gumice (scruchie) za kosu, okviri za uspomenu\",\"url\":\"https:\\\/\\\/lesis-creations.com\\\/\",\"logo\":{\"@type\":\"ImageObject\",\"inLanguage\":\"en-GB\",\"@id\":\"https:\\\/\\\/lesis-creations.com\\\/#\\\/schema\\\/logo\\\/image\\\/\",\"url\":\"https:\\\/\\\/lesis-creations.com\\\/wp-content\\\/uploads\\\/2022\\\/09\\\/le-sis-creations-logo-1.jpg\",\"contentUrl\":\"https:\\\/\\\/lesis-creations.com\\\/wp-content\\\/uploads\\\/2022\\\/09\\\/le-sis-creations-logo-1.jpg\",\"width\":500,\"height\":500,\"caption\":\"Lesis-creations, obrt za proizvodnju, trgovinu i usluge\"},\"image\":{\"@id\":\"https:\\\/\\\/lesis-creations.com\\\/#\\\/schema\\\/logo\\\/image\\\/\"},\"sameAs\":[\"https:\\\/\\\/facebook.com\\\/NakitLesis\",\"https:\\\/\\\/instagram.com\\\/nakitlesis\"]}]}<\/script>\n<!-- \/ Yoast SEO plugin. -->","yoast_head_json":{"title":"Confident Today, Positivity, Empower, Sia, Song Lyric, Unisex, short Sleeve T-Shirt, Hoodie, Sweatshirt, Shirt, gift, power, woman - Nakit od polimerne gline, ro\u0111endanski komplet, ukrasni jastuci","description":"Stvaram jednostavne komade nakita od polimerne gline koje mo\u017eete nositi svaki dan i u posebnim prilikama po Va\u0161im \u017eeljama. Nakit\/nau\u0161nice\/narukvice\/ogrlice, dje\u010dji ro\u0111endanski kompleti\u0107i (bodi, majica, suknja), ukrasni jastuci, gumice (scruchie) za kosu, okviri za uspomenu, privjesak za klju\u010deve","robots":{"index":"index","follow":"follow","max-snippet":"max-snippet:-1","max-image-preview":"max-image-preview:large","max-video-preview":"max-video-preview:-1"},"canonical":"https:\/\/lesis-creations.com\/en\/product\/confident-today-positivity-empower-sia-song-lyric-unisex-short-sleeve-t-shirt-hoodie-sweatshirt-shirt-gift-power-woman\/","og_locale":"en_GB","og_type":"article","og_title":"Confident Today, Positivity, Empower, Sia, Song Lyric, Unisex, short Sleeve T-Shirt, Hoodie, Sweatshirt, Shirt, gift, power, woman - Nakit od polimerne gline, ro\u0111endanski komplet, ukrasni jastuci","og_description":"Stvaram jednostavne komade nakita od polimerne gline koje mo\u017eete nositi svaki dan i u posebnim prilikama po Va\u0161im \u017eeljama. Nakit\/nau\u0161nice\/narukvice\/ogrlice, dje\u010dji ro\u0111endanski kompleti\u0107i (bodi, majica, suknja), ukrasni jastuci, gumice (scruchie) za kosu, okviri za uspomenu, privjesak za klju\u010deve","og_url":"https:\/\/lesis-creations.com\/en\/product\/confident-today-positivity-empower-sia-song-lyric-unisex-short-sleeve-t-shirt-hoodie-sweatshirt-shirt-gift-power-woman\/","og_site_name":"Nakit od polimerne gline, ro\u0111endanski komplet, ukrasni jastuci","article_publisher":"https:\/\/facebook.com\/NakitLesis","article_modified_time":"2024-05-03T12:06:45+00:00","og_image":[{"width":1200,"height":1200,"url":"https:\/\/lesis-creations.com\/wp-content\/uploads\/2024\/04\/33867.jpg","type":"image\/jpeg"}],"twitter_card":"summary_large_image","twitter_misc":{"Estimated reading time":"2 minutes"},"schema":{"@context":"https:\/\/schema.org","@graph":[{"@type":"WebPage","@id":"https:\/\/lesis-creations.com\/product\/confident-today-positivity-empower-sia-song-lyric-unisex-short-sleeve-t-shirt-hoodie-sweatshirt-shirt-gift-power-woman\/","url":"https:\/\/lesis-creations.com\/product\/confident-today-positivity-empower-sia-song-lyric-unisex-short-sleeve-t-shirt-hoodie-sweatshirt-shirt-gift-power-woman\/","name":"Confident Today, Positivity, Empower, Sia, Song Lyric, Unisex, short Sleeve T-Shirt, Hoodie, Sweatshirt, Shirt, gift, power, woman - Nakit od polimerne gline, ro\u0111endanski komplet, ukrasni jastuci","isPartOf":{"@id":"https:\/\/lesis-creations.com\/#website"},"primaryImageOfPage":{"@id":"https:\/\/lesis-creations.com\/product\/confident-today-positivity-empower-sia-song-lyric-unisex-short-sleeve-t-shirt-hoodie-sweatshirt-shirt-gift-power-woman\/#primaryimage"},"image":{"@id":"https:\/\/lesis-creations.com\/product\/confident-today-positivity-empower-sia-song-lyric-unisex-short-sleeve-t-shirt-hoodie-sweatshirt-shirt-gift-power-woman\/#primaryimage"},"thumbnailUrl":"https:\/\/lesis-creations.com\/wp-content\/uploads\/2024\/04\/33867.jpg","datePublished":"2024-04-25T06:41:37+00:00","dateModified":"2024-05-03T12:06:45+00:00","description":"Stvaram jednostavne komade nakita od polimerne gline koje mo\u017eete nositi svaki dan i u posebnim prilikama po Va\u0161im \u017eeljama. Nakit\/nau\u0161nice\/narukvice\/ogrlice, dje\u010dji ro\u0111endanski kompleti\u0107i (bodi, majica, suknja), ukrasni jastuci, gumice (scruchie) za kosu, okviri za uspomenu, privjesak za klju\u010deve","breadcrumb":{"@id":"https:\/\/lesis-creations.com\/product\/confident-today-positivity-empower-sia-song-lyric-unisex-short-sleeve-t-shirt-hoodie-sweatshirt-shirt-gift-power-woman\/#breadcrumb"},"inLanguage":"en-GB","potentialAction":[{"@type":"ReadAction","target":["https:\/\/lesis-creations.com\/product\/confident-today-positivity-empower-sia-song-lyric-unisex-short-sleeve-t-shirt-hoodie-sweatshirt-shirt-gift-power-woman\/"]}]},{"@type":"ImageObject","inLanguage":"en-GB","@id":"https:\/\/lesis-creations.com\/product\/confident-today-positivity-empower-sia-song-lyric-unisex-short-sleeve-t-shirt-hoodie-sweatshirt-shirt-gift-power-woman\/#primaryimage","url":"https:\/\/lesis-creations.com\/wp-content\/uploads\/2024\/04\/33867.jpg","contentUrl":"https:\/\/lesis-creations.com\/wp-content\/uploads\/2024\/04\/33867.jpg","width":1200,"height":1200,"caption":"Confident Today, Positivity, Empower, Sia, Song Lyric, Unisex, short Sleeve T-Shirt, Hoodie, Sweatshirt, Shirt, gift, power, woman"},{"@type":"BreadcrumbList","@id":"https:\/\/lesis-creations.com\/product\/confident-today-positivity-empower-sia-song-lyric-unisex-short-sleeve-t-shirt-hoodie-sweatshirt-shirt-gift-power-woman\/#breadcrumb","itemListElement":[{"@type":"ListItem","position":1,"name":"Home","item":"https:\/\/lesis-creations.com\/"},{"@type":"ListItem","position":2,"name":"Shop","item":"https:\/\/lesis-creations.com\/shop\/"},{"@type":"ListItem","position":3,"name":"Confident Today, Positivity, Empower, Sia, Song Lyric, Unisex, short Sleeve T-Shirt, Hoodie, Sweatshirt, Shirt, gift, power, woman"}]},{"@type":"WebSite","@id":"https:\/\/lesis-creations.com\/#website","url":"https:\/\/lesis-creations.com\/","name":"Nakit od polimerne gline, ro\u0111endanski komplet, ukrasni jastuci","description":"Nakit, nau\u0161nice, ogrlice, narukvice, ro\u0111endanski komplet, ukras","publisher":{"@id":"https:\/\/lesis-creations.com\/#organization"},"alternateName":"Nakit\/nau\u0161nice\/narukvice\/ogrlice, dje\u010dji ro\u0111endanski kompleti\u0107i (bodi, majica, suknja), ukrasni jednorog jastuci, gumice (scruchie) za kosu, okviri za uspomenu","potentialAction":[{"@type":"SearchAction","target":{"@type":"EntryPoint","urlTemplate":"https:\/\/lesis-creations.com\/?s={search_term_string}"},"query-input":{"@type":"PropertyValueSpecification","valueRequired":true,"valueName":"search_term_string"}}],"inLanguage":"en-GB"},{"@type":"Organization","@id":"https:\/\/lesis-creations.com\/#organization","name":"Lesis-creations, obrt za proizvodnju, trgovinu i usluge","alternateName":"Nakit\/nau\u0161nice\/narukvice\/ogrlice, dje\u010dji ro\u0111endanski kompleti\u0107i (bodi, majica, suknja), ukrasni jednorog jastuci, gumice (scruchie) za kosu, okviri za uspomenu","url":"https:\/\/lesis-creations.com\/","logo":{"@type":"ImageObject","inLanguage":"en-GB","@id":"https:\/\/lesis-creations.com\/#\/schema\/logo\/image\/","url":"https:\/\/lesis-creations.com\/wp-content\/uploads\/2022\/09\/le-sis-creations-logo-1.jpg","contentUrl":"https:\/\/lesis-creations.com\/wp-content\/uploads\/2022\/09\/le-sis-creations-logo-1.jpg","width":500,"height":500,"caption":"Lesis-creations, obrt za proizvodnju, trgovinu i usluge"},"image":{"@id":"https:\/\/lesis-creations.com\/#\/schema\/logo\/image\/"},"sameAs":["https:\/\/facebook.com\/NakitLesis","https:\/\/instagram.com\/nakitlesis"]}]}},"_links":{"self":[{"href":"https:\/\/lesis-creations.com\/en\/wp-json\/wp\/v2\/product\/6725","targetHints":{"allow":["GET"]}}],"collection":[{"href":"https:\/\/lesis-creations.com\/en\/wp-json\/wp\/v2\/product"}],"about":[{"href":"https:\/\/lesis-creations.com\/en\/wp-json\/wp\/v2\/types\/product"}],"replies":[{"embeddable":true,"href":"https:\/\/lesis-creations.com\/en\/wp-json\/wp\/v2\/comments?post=6725"}],"wp:featuredmedia":[{"embeddable":true,"href":"https:\/\/lesis-creations.com\/en\/wp-json\/wp\/v2\/media\/6756"}],"wp:attachment":[{"href":"https:\/\/lesis-creations.com\/en\/wp-json\/wp\/v2\/media?parent=6725"}],"wp:term":[{"taxonomy":"product_brand","embeddable":true,"href":"https:\/\/lesis-creations.com\/en\/wp-json\/wp\/v2\/product_brand?post=6725"},{"taxonomy":"product_cat","embeddable":true,"href":"https:\/\/lesis-creations.com\/en\/wp-json\/wp\/v2\/product_cat?post=6725"},{"taxonomy":"product_tag","embeddable":true,"href":"https:\/\/lesis-creations.com\/en\/wp-json\/wp\/v2\/product_tag?post=6725"}],"curies":[{"name":"wp","href":"https:\/\/api.w.org\/{rel}","templated":true}]}}