{"id":2139,"date":"2023-01-08T01:12:36","date_gmt":"2023-01-08T00:12:36","guid":{"rendered":"https:\/\/lesis-creations.com\/?post_type=product&#038;p=2139"},"modified":"2024-12-06T15:02:55","modified_gmt":"2024-12-06T14:02:55","slug":"snow-queen-11","status":"publish","type":"product","link":"https:\/\/lesis-creations.com\/en\/product\/snow-queen-11\/","title":{"rendered":"Snow queen 11"},"content":{"rendered":"<p>[et_pb_section fb_built=&#8221;1&#8243; _builder_version=&#8221;4.16&#8243; custom_padding=&#8221;0px||||false|false&#8221; global_colors_info=&#8221;{}&#8221;][et_pb_row _builder_version=&#8221;4.16&#8243; background_size=&#8221;initial&#8221; background_position=&#8221;top_left&#8221; background_repeat=&#8221;repeat&#8221; width=&#8221;100%&#8221; custom_padding=&#8221;0px||0px||false|false&#8221; global_colors_info=&#8221;{}&#8221;][et_pb_column type=&#8221;4_4&#8243; _builder_version=&#8221;4.16&#8243; custom_padding=&#8221;|||&#8221; global_colors_info=&#8221;{}&#8221; custom_padding__hover=&#8221;|||&#8221;][et_pb_wc_breadcrumb _builder_version=&#8221;4.16&#8243; global_colors_info=&#8221;{}&#8221;][\/et_pb_wc_breadcrumb][et_pb_wc_cart_notice _builder_version=&#8221;4.19.2&#8243; title_font=&#8221;Hachi Maru Pop||||||||&#8221; error_font=&#8221;Hachi Maru Pop||||||||&#8221; content_font=&#8221;Hachi Maru Pop||||||||&#8221; background_color=&#8221;#9b657b&#8221; custom_button=&#8221;on&#8221; button_text_color=&#8221;#9b4a68&#8243; global_colors_info=&#8221;{}&#8221;][\/et_pb_wc_cart_notice][\/et_pb_column][\/et_pb_row][et_pb_row column_structure=&#8221;1_2,1_2&#8243; _builder_version=&#8221;4.16&#8243; background_size=&#8221;initial&#8221; background_position=&#8221;top_left&#8221; background_repeat=&#8221;repeat&#8221; width=&#8221;100%&#8221; custom_padding=&#8221;0px||||false|false&#8221; global_colors_info=&#8221;{}&#8221;][et_pb_column type=&#8221;1_2&#8243; _builder_version=&#8221;4.16&#8243; custom_padding=&#8221;|||&#8221; global_colors_info=&#8221;{}&#8221; custom_padding__hover=&#8221;|||&#8221;][et_pb_wc_images _builder_version=&#8221;4.16&#8243; global_colors_info=&#8221;{}&#8221;][\/et_pb_wc_images][\/et_pb_column][et_pb_column type=&#8221;1_2&#8243; _builder_version=&#8221;4.16&#8243; custom_padding=&#8221;|||&#8221; global_colors_info=&#8221;{}&#8221; custom_padding__hover=&#8221;|||&#8221;][et_pb_wc_title _builder_version=&#8221;4.19.2&#8243; header_font=&#8221;Gayathri||||||||&#8221; header_text_color=&#8221;#9b4a68&#8243; global_colors_info=&#8221;{}&#8221;][\/et_pb_wc_title][et_pb_wc_rating _builder_version=&#8221;4.19.2&#8243; rating_text_color=&#8221;#E09900&#8243; body_font=&#8221;Happy Monkey||||||||&#8221; body_text_color=&#8221;#000000&#8243; global_colors_info=&#8221;{}&#8221;][\/et_pb_wc_rating][et_pb_wc_price _builder_version=&#8221;4.19.2&#8243; body_font=&#8221;Gayathri||||||||&#8221; body_text_color=&#8221;#9b4a68&#8243; global_colors_info=&#8221;{}&#8221;][\/et_pb_wc_price][et_pb_wc_description _builder_version=&#8221;4.16&#8243; global_colors_info=&#8221;{}&#8221;][\/et_pb_wc_description][et_pb_wc_add_to_cart _builder_version=&#8221;4.19.2&#8243; custom_button=&#8221;on&#8221; button_text_color=&#8221;#9b4a68&#8243; button_border_radius=&#8221;90px&#8221; button_font=&#8221;Gayathri||||||||&#8221; button_custom_padding=&#8221;10px|20px|10px|20px|true|true&#8221; global_colors_info=&#8221;{}&#8221;][\/et_pb_wc_add_to_cart][et_pb_wc_meta show_tags=&#8221;off&#8221; _builder_version=&#8221;4.19.2&#8243; body_font=&#8221;Gayathri||||||||&#8221; global_colors_info=&#8221;{}&#8221;][\/et_pb_wc_meta][\/et_pb_column][\/et_pb_row][et_pb_row _builder_version=&#8221;4.16&#8243; background_size=&#8221;initial&#8221; background_position=&#8221;top_left&#8221; background_repeat=&#8221;repeat&#8221; width=&#8221;100%&#8221; global_colors_info=&#8221;{}&#8221;][et_pb_column type=&#8221;4_4&#8243; _builder_version=&#8221;4.16&#8243; custom_padding=&#8221;|||&#8221; global_colors_info=&#8221;{}&#8221; custom_padding__hover=&#8221;|||&#8221;][et_pb_wc_tabs _builder_version=&#8221;4.19.2&#8243; global_colors_info=&#8221;{}&#8221;] [\/et_pb_wc_tabs][et_pb_wc_upsells _builder_version=&#8221;4.16&#8243; global_colors_info=&#8221;{}&#8221;][\/et_pb_wc_upsells][et_pb_wc_related_products _builder_version=&#8221;4.16&#8243; global_colors_info=&#8221;{}&#8221;][\/et_pb_wc_related_products][\/et_pb_column][\/et_pb_row][\/et_pb_section]<\/p>\n","protected":false},"excerpt":{"rendered":"","protected":false},"featured_media":1345,"comment_status":"open","ping_status":"closed","template":"","meta":{"_et_pb_use_builder":"on","_et_pb_old_content":"Nau\u0161nice od polimerne gline. Izra\u0111ene su od plave i bijele gline sa mica prahom. Proizvod nije mogu\u0107e ponoviti.\r\n<h4>Opis proizvoda:<\/h4>\r\n<strong>Materijal: <\/strong>polimerna glina, nehr\u0111aju\u0107i \u010delik\u00a0 <strong>Debljina: <\/strong>3mm","_et_gb_content_width":"","_uf_show_specific_survey":0,"_uf_disable_surveys":false},"product_brand":[],"product_cat":[323,46,47,88],"product_tag":[82,49,50,108,99,110,109],"class_list":{"0":"post-2139","1":"product","2":"type-product","3":"status-publish","4":"has-post-thumbnail","6":"product_cat-blagdanska-ponuda","7":"product_cat-nakit","8":"product_cat-nausnice","9":"product_cat-snow-queen","10":"product_tag-bijela","11":"product_tag-nakit","12":"product_tag-nausnice","13":"product_tag-pahulja","14":"product_tag-plava","15":"product_tag-snijeg","16":"product_tag-zima","18":"first","19":"instock","20":"featured","21":"shipping-taxable","22":"purchasable","23":"product-type-simple"},"yoast_head":"<!-- This site is optimized with the Yoast SEO plugin v27.4 - https:\/\/yoast.com\/product\/yoast-seo-wordpress\/ -->\n<title>Snow queen 11 - Nakit od polimerne gline, ro\u0111endanski komplet, ukrasni jastuci<\/title>\n<meta name=\"description\" content=\"Stvaram jednostavne komade nakita od polimerne gline koje mo\u017eete nositi svaki dan i u posebnim prilikama po Va\u0161im \u017eeljama. Nakit\/nau\u0161nice\/narukvice\/ogrlice, dje\u010dji ro\u0111endanski kompleti\u0107i (bodi, majica, suknja), ukrasni jastuci, gumice (scruchie) za kosu, okviri za uspomenu, privjesak za klju\u010deve\" \/>\n<meta name=\"robots\" content=\"index, follow, max-snippet:-1, max-image-preview:large, max-video-preview:-1\" \/>\n<link rel=\"canonical\" href=\"https:\/\/lesis-creations.com\/en\/product\/snow-queen-11\/\" \/>\n<meta property=\"og:locale\" content=\"en_GB\" \/>\n<meta property=\"og:type\" content=\"article\" \/>\n<meta property=\"og:title\" content=\"Snow queen 11 - Nakit od polimerne gline, ro\u0111endanski komplet, ukrasni jastuci\" \/>\n<meta property=\"og:description\" content=\"Stvaram jednostavne komade nakita od polimerne gline koje mo\u017eete nositi svaki dan i u posebnim prilikama po Va\u0161im \u017eeljama. Nakit\/nau\u0161nice\/narukvice\/ogrlice, dje\u010dji ro\u0111endanski kompleti\u0107i (bodi, majica, suknja), ukrasni jastuci, gumice (scruchie) za kosu, okviri za uspomenu, privjesak za klju\u010deve\" \/>\n<meta property=\"og:url\" content=\"https:\/\/lesis-creations.com\/en\/product\/snow-queen-11\/\" \/>\n<meta property=\"og:site_name\" content=\"Nakit od polimerne gline, ro\u0111endanski komplet, ukrasni jastuci\" \/>\n<meta property=\"article:publisher\" content=\"https:\/\/facebook.com\/NakitLesis\" \/>\n<meta property=\"article:modified_time\" content=\"2024-12-06T14:02:55+00:00\" \/>\n<meta property=\"og:image\" content=\"https:\/\/lesis-creations.com\/wp-content\/uploads\/2022\/12\/nausnice-snow-queen-plava-pearl-pahulje-srebro-6-scaled.jpg\" \/>\n\t<meta property=\"og:image:width\" content=\"600\" \/>\n\t<meta property=\"og:image:height\" content=\"600\" \/>\n\t<meta property=\"og:image:type\" content=\"image\/jpeg\" \/>\n<meta name=\"twitter:card\" content=\"summary_large_image\" \/>\n<meta name=\"twitter:label1\" content=\"Estimated reading time\" \/>\n\t<meta name=\"twitter:data1\" content=\"1 minute\" \/>\n<script type=\"application\/ld+json\" class=\"yoast-schema-graph\">{\"@context\":\"https:\\\/\\\/schema.org\",\"@graph\":[{\"@type\":\"WebPage\",\"@id\":\"https:\\\/\\\/lesis-creations.com\\\/product\\\/snow-queen-11\\\/\",\"url\":\"https:\\\/\\\/lesis-creations.com\\\/product\\\/snow-queen-11\\\/\",\"name\":\"Snow queen 11 - Nakit od polimerne gline, ro\u0111endanski komplet, ukrasni jastuci\",\"isPartOf\":{\"@id\":\"https:\\\/\\\/lesis-creations.com\\\/#website\"},\"primaryImageOfPage\":{\"@id\":\"https:\\\/\\\/lesis-creations.com\\\/product\\\/snow-queen-11\\\/#primaryimage\"},\"image\":{\"@id\":\"https:\\\/\\\/lesis-creations.com\\\/product\\\/snow-queen-11\\\/#primaryimage\"},\"thumbnailUrl\":\"https:\\\/\\\/lesis-creations.com\\\/wp-content\\\/uploads\\\/2022\\\/12\\\/nausnice-snow-queen-plava-pearl-pahulje-srebro-6-scaled.jpg\",\"datePublished\":\"2023-01-08T00:12:36+00:00\",\"dateModified\":\"2024-12-06T14:02:55+00:00\",\"description\":\"Stvaram jednostavne komade nakita od polimerne gline koje mo\u017eete nositi svaki dan i u posebnim prilikama po Va\u0161im \u017eeljama. Nakit\\\/nau\u0161nice\\\/narukvice\\\/ogrlice, dje\u010dji ro\u0111endanski kompleti\u0107i (bodi, majica, suknja), ukrasni jastuci, gumice (scruchie) za kosu, okviri za uspomenu, privjesak za klju\u010deve\",\"breadcrumb\":{\"@id\":\"https:\\\/\\\/lesis-creations.com\\\/product\\\/snow-queen-11\\\/#breadcrumb\"},\"inLanguage\":\"en-GB\",\"potentialAction\":[{\"@type\":\"ReadAction\",\"target\":[\"https:\\\/\\\/lesis-creations.com\\\/product\\\/snow-queen-11\\\/\"]}]},{\"@type\":\"ImageObject\",\"inLanguage\":\"en-GB\",\"@id\":\"https:\\\/\\\/lesis-creations.com\\\/product\\\/snow-queen-11\\\/#primaryimage\",\"url\":\"https:\\\/\\\/lesis-creations.com\\\/wp-content\\\/uploads\\\/2022\\\/12\\\/nausnice-snow-queen-plava-pearl-pahulje-srebro-6-scaled.jpg\",\"contentUrl\":\"https:\\\/\\\/lesis-creations.com\\\/wp-content\\\/uploads\\\/2022\\\/12\\\/nausnice-snow-queen-plava-pearl-pahulje-srebro-6-scaled.jpg\",\"width\":600,\"height\":600,\"caption\":\"nau\u0161nice-snow-queen-plava-pearl-pahulje-srebro\"},{\"@type\":\"BreadcrumbList\",\"@id\":\"https:\\\/\\\/lesis-creations.com\\\/product\\\/snow-queen-11\\\/#breadcrumb\",\"itemListElement\":[{\"@type\":\"ListItem\",\"position\":1,\"name\":\"Home\",\"item\":\"https:\\\/\\\/lesis-creations.com\\\/\"},{\"@type\":\"ListItem\",\"position\":2,\"name\":\"Shop\",\"item\":\"https:\\\/\\\/lesis-creations.com\\\/shop\\\/\"},{\"@type\":\"ListItem\",\"position\":3,\"name\":\"Snow queen 11\"}]},{\"@type\":\"WebSite\",\"@id\":\"https:\\\/\\\/lesis-creations.com\\\/#website\",\"url\":\"https:\\\/\\\/lesis-creations.com\\\/\",\"name\":\"Nakit od polimerne gline, ro\u0111endanski komplet, ukrasni jastuci\",\"description\":\"Nakit, nau\u0161nice, ogrlice, narukvice, ro\u0111endanski komplet, ukras\",\"publisher\":{\"@id\":\"https:\\\/\\\/lesis-creations.com\\\/#organization\"},\"alternateName\":\"Nakit\\\/nau\u0161nice\\\/narukvice\\\/ogrlice, dje\u010dji ro\u0111endanski kompleti\u0107i (bodi, majica, suknja), ukrasni jednorog jastuci, gumice (scruchie) za kosu, okviri za uspomenu\",\"potentialAction\":[{\"@type\":\"SearchAction\",\"target\":{\"@type\":\"EntryPoint\",\"urlTemplate\":\"https:\\\/\\\/lesis-creations.com\\\/?s={search_term_string}\"},\"query-input\":{\"@type\":\"PropertyValueSpecification\",\"valueRequired\":true,\"valueName\":\"search_term_string\"}}],\"inLanguage\":\"en-GB\"},{\"@type\":\"Organization\",\"@id\":\"https:\\\/\\\/lesis-creations.com\\\/#organization\",\"name\":\"Lesis-creations, obrt za proizvodnju, trgovinu i usluge\",\"alternateName\":\"Nakit\\\/nau\u0161nice\\\/narukvice\\\/ogrlice, dje\u010dji ro\u0111endanski kompleti\u0107i (bodi, majica, suknja), ukrasni jednorog jastuci, gumice (scruchie) za kosu, okviri za uspomenu\",\"url\":\"https:\\\/\\\/lesis-creations.com\\\/\",\"logo\":{\"@type\":\"ImageObject\",\"inLanguage\":\"en-GB\",\"@id\":\"https:\\\/\\\/lesis-creations.com\\\/#\\\/schema\\\/logo\\\/image\\\/\",\"url\":\"https:\\\/\\\/lesis-creations.com\\\/wp-content\\\/uploads\\\/2022\\\/09\\\/le-sis-creations-logo-1.jpg\",\"contentUrl\":\"https:\\\/\\\/lesis-creations.com\\\/wp-content\\\/uploads\\\/2022\\\/09\\\/le-sis-creations-logo-1.jpg\",\"width\":500,\"height\":500,\"caption\":\"Lesis-creations, obrt za proizvodnju, trgovinu i usluge\"},\"image\":{\"@id\":\"https:\\\/\\\/lesis-creations.com\\\/#\\\/schema\\\/logo\\\/image\\\/\"},\"sameAs\":[\"https:\\\/\\\/facebook.com\\\/NakitLesis\",\"https:\\\/\\\/instagram.com\\\/nakitlesis\"]}]}<\/script>\n<!-- \/ Yoast SEO plugin. -->","yoast_head_json":{"title":"Snow queen 11 - Nakit od polimerne gline, ro\u0111endanski komplet, ukrasni jastuci","description":"Stvaram jednostavne komade nakita od polimerne gline koje mo\u017eete nositi svaki dan i u posebnim prilikama po Va\u0161im \u017eeljama. Nakit\/nau\u0161nice\/narukvice\/ogrlice, dje\u010dji ro\u0111endanski kompleti\u0107i (bodi, majica, suknja), ukrasni jastuci, gumice (scruchie) za kosu, okviri za uspomenu, privjesak za klju\u010deve","robots":{"index":"index","follow":"follow","max-snippet":"max-snippet:-1","max-image-preview":"max-image-preview:large","max-video-preview":"max-video-preview:-1"},"canonical":"https:\/\/lesis-creations.com\/en\/product\/snow-queen-11\/","og_locale":"en_GB","og_type":"article","og_title":"Snow queen 11 - Nakit od polimerne gline, ro\u0111endanski komplet, ukrasni jastuci","og_description":"Stvaram jednostavne komade nakita od polimerne gline koje mo\u017eete nositi svaki dan i u posebnim prilikama po Va\u0161im \u017eeljama. Nakit\/nau\u0161nice\/narukvice\/ogrlice, dje\u010dji ro\u0111endanski kompleti\u0107i (bodi, majica, suknja), ukrasni jastuci, gumice (scruchie) za kosu, okviri za uspomenu, privjesak za klju\u010deve","og_url":"https:\/\/lesis-creations.com\/en\/product\/snow-queen-11\/","og_site_name":"Nakit od polimerne gline, ro\u0111endanski komplet, ukrasni jastuci","article_publisher":"https:\/\/facebook.com\/NakitLesis","article_modified_time":"2024-12-06T14:02:55+00:00","og_image":[{"width":600,"height":600,"url":"https:\/\/lesis-creations.com\/wp-content\/uploads\/2022\/12\/nausnice-snow-queen-plava-pearl-pahulje-srebro-6-scaled.jpg","type":"image\/jpeg"}],"twitter_card":"summary_large_image","twitter_misc":{"Estimated reading time":"1 minute"},"schema":{"@context":"https:\/\/schema.org","@graph":[{"@type":"WebPage","@id":"https:\/\/lesis-creations.com\/product\/snow-queen-11\/","url":"https:\/\/lesis-creations.com\/product\/snow-queen-11\/","name":"Snow queen 11 - Nakit od polimerne gline, ro\u0111endanski komplet, ukrasni jastuci","isPartOf":{"@id":"https:\/\/lesis-creations.com\/#website"},"primaryImageOfPage":{"@id":"https:\/\/lesis-creations.com\/product\/snow-queen-11\/#primaryimage"},"image":{"@id":"https:\/\/lesis-creations.com\/product\/snow-queen-11\/#primaryimage"},"thumbnailUrl":"https:\/\/lesis-creations.com\/wp-content\/uploads\/2022\/12\/nausnice-snow-queen-plava-pearl-pahulje-srebro-6-scaled.jpg","datePublished":"2023-01-08T00:12:36+00:00","dateModified":"2024-12-06T14:02:55+00:00","description":"Stvaram jednostavne komade nakita od polimerne gline koje mo\u017eete nositi svaki dan i u posebnim prilikama po Va\u0161im \u017eeljama. Nakit\/nau\u0161nice\/narukvice\/ogrlice, dje\u010dji ro\u0111endanski kompleti\u0107i (bodi, majica, suknja), ukrasni jastuci, gumice (scruchie) za kosu, okviri za uspomenu, privjesak za klju\u010deve","breadcrumb":{"@id":"https:\/\/lesis-creations.com\/product\/snow-queen-11\/#breadcrumb"},"inLanguage":"en-GB","potentialAction":[{"@type":"ReadAction","target":["https:\/\/lesis-creations.com\/product\/snow-queen-11\/"]}]},{"@type":"ImageObject","inLanguage":"en-GB","@id":"https:\/\/lesis-creations.com\/product\/snow-queen-11\/#primaryimage","url":"https:\/\/lesis-creations.com\/wp-content\/uploads\/2022\/12\/nausnice-snow-queen-plava-pearl-pahulje-srebro-6-scaled.jpg","contentUrl":"https:\/\/lesis-creations.com\/wp-content\/uploads\/2022\/12\/nausnice-snow-queen-plava-pearl-pahulje-srebro-6-scaled.jpg","width":600,"height":600,"caption":"nau\u0161nice-snow-queen-plava-pearl-pahulje-srebro"},{"@type":"BreadcrumbList","@id":"https:\/\/lesis-creations.com\/product\/snow-queen-11\/#breadcrumb","itemListElement":[{"@type":"ListItem","position":1,"name":"Home","item":"https:\/\/lesis-creations.com\/"},{"@type":"ListItem","position":2,"name":"Shop","item":"https:\/\/lesis-creations.com\/shop\/"},{"@type":"ListItem","position":3,"name":"Snow queen 11"}]},{"@type":"WebSite","@id":"https:\/\/lesis-creations.com\/#website","url":"https:\/\/lesis-creations.com\/","name":"Nakit od polimerne gline, ro\u0111endanski komplet, ukrasni jastuci","description":"Nakit, nau\u0161nice, ogrlice, narukvice, ro\u0111endanski komplet, ukras","publisher":{"@id":"https:\/\/lesis-creations.com\/#organization"},"alternateName":"Nakit\/nau\u0161nice\/narukvice\/ogrlice, dje\u010dji ro\u0111endanski kompleti\u0107i (bodi, majica, suknja), ukrasni jednorog jastuci, gumice (scruchie) za kosu, okviri za uspomenu","potentialAction":[{"@type":"SearchAction","target":{"@type":"EntryPoint","urlTemplate":"https:\/\/lesis-creations.com\/?s={search_term_string}"},"query-input":{"@type":"PropertyValueSpecification","valueRequired":true,"valueName":"search_term_string"}}],"inLanguage":"en-GB"},{"@type":"Organization","@id":"https:\/\/lesis-creations.com\/#organization","name":"Lesis-creations, obrt za proizvodnju, trgovinu i usluge","alternateName":"Nakit\/nau\u0161nice\/narukvice\/ogrlice, dje\u010dji ro\u0111endanski kompleti\u0107i (bodi, majica, suknja), ukrasni jednorog jastuci, gumice (scruchie) za kosu, okviri za uspomenu","url":"https:\/\/lesis-creations.com\/","logo":{"@type":"ImageObject","inLanguage":"en-GB","@id":"https:\/\/lesis-creations.com\/#\/schema\/logo\/image\/","url":"https:\/\/lesis-creations.com\/wp-content\/uploads\/2022\/09\/le-sis-creations-logo-1.jpg","contentUrl":"https:\/\/lesis-creations.com\/wp-content\/uploads\/2022\/09\/le-sis-creations-logo-1.jpg","width":500,"height":500,"caption":"Lesis-creations, obrt za proizvodnju, trgovinu i usluge"},"image":{"@id":"https:\/\/lesis-creations.com\/#\/schema\/logo\/image\/"},"sameAs":["https:\/\/facebook.com\/NakitLesis","https:\/\/instagram.com\/nakitlesis"]}]}},"_links":{"self":[{"href":"https:\/\/lesis-creations.com\/en\/wp-json\/wp\/v2\/product\/2139","targetHints":{"allow":["GET"]}}],"collection":[{"href":"https:\/\/lesis-creations.com\/en\/wp-json\/wp\/v2\/product"}],"about":[{"href":"https:\/\/lesis-creations.com\/en\/wp-json\/wp\/v2\/types\/product"}],"replies":[{"embeddable":true,"href":"https:\/\/lesis-creations.com\/en\/wp-json\/wp\/v2\/comments?post=2139"}],"wp:featuredmedia":[{"embeddable":true,"href":"https:\/\/lesis-creations.com\/en\/wp-json\/wp\/v2\/media\/1345"}],"wp:attachment":[{"href":"https:\/\/lesis-creations.com\/en\/wp-json\/wp\/v2\/media?parent=2139"}],"wp:term":[{"taxonomy":"product_brand","embeddable":true,"href":"https:\/\/lesis-creations.com\/en\/wp-json\/wp\/v2\/product_brand?post=2139"},{"taxonomy":"product_cat","embeddable":true,"href":"https:\/\/lesis-creations.com\/en\/wp-json\/wp\/v2\/product_cat?post=2139"},{"taxonomy":"product_tag","embeddable":true,"href":"https:\/\/lesis-creations.com\/en\/wp-json\/wp\/v2\/product_tag?post=2139"}],"curies":[{"name":"wp","href":"https:\/\/api.w.org\/{rel}","templated":true}]}}