{"id":3,"date":"2022-09-08T08:24:14","date_gmt":"2022-09-08T06:24:14","guid":{"rendered":"http:\/\/lesis-creations.com\/?page_id=3"},"modified":"2023-04-19T11:50:40","modified_gmt":"2023-04-19T09:50:40","slug":"opci_uvjeti_poslovanja","status":"publish","type":"page","link":"https:\/\/lesis-creations.com\/en\/opci_uvjeti_poslovanja\/","title":{"rendered":"Op\u0107i uvjeti poslovanja"},"content":{"rendered":"<p>[et_pb_section fb_built=&#8221;1&#8243; _builder_version=&#8221;4.20.2&#8243; _module_preset=&#8221;default&#8221; global_colors_info=&#8221;{}&#8221;][et_pb_row _builder_version=&#8221;4.20.2&#8243; _module_preset=&#8221;default&#8221; custom_padding=&#8221;6px||6px|||&#8221; global_colors_info=&#8221;{}&#8221;][et_pb_column type=&#8221;4_4&#8243; _builder_version=&#8221;4.20.2&#8243; _module_preset=&#8221;default&#8221; global_colors_info=&#8221;{}&#8221;][et_pb_text _builder_version=&#8221;4.20.2&#8243; _module_preset=&#8221;default&#8221; header_font=&#8221;Caudex||||||||&#8221; header_text_color=&#8221;#9b4a68&#8243; global_colors_info=&#8221;{}&#8221;]<\/p>\n<h1>Op\u0107i uvjeti poslovanja<\/h1>\n<p>[\/et_pb_text][\/et_pb_column][\/et_pb_row][et_pb_row _builder_version=&#8221;4.20.2&#8243; _module_preset=&#8221;default&#8221; global_colors_info=&#8221;{}&#8221;][et_pb_column type=&#8221;4_4&#8243; _builder_version=&#8221;4.20.2&#8243; _module_preset=&#8221;default&#8221; global_colors_info=&#8221;{}&#8221;][et_pb_text _builder_version=&#8221;4.20.4&#8243; _module_preset=&#8221;default&#8221; text_font=&#8221;Caudex||||||||&#8221; text_text_color=&#8221;#686868&#8243; text_font_size=&#8221;16px&#8221; header_2_font=&#8221;Caudex||||||||&#8221; header_2_text_color=&#8221;#686868&#8243; header_2_font_size=&#8221;18px&#8221; hover_enabled=&#8221;0&#8243; global_colors_info=&#8221;{}&#8221; sticky_enabled=&#8221;0&#8243;]<\/p>\n<p>Molimo Vas da prije kori\u0161tenja internet stranice lesis-creations.com na bilo koji na\u010din, pozorno pro\u010ditate uvjete kori\u0161tenja. Usluge internetske trgovine vrijede za kupce sa prebivali\u0161tem na podru\u010dju Republike Hrvatske.<br \/>Kori\u0161tenjem usluge internet trgovine i svih pridru\u017eenih stranica i servisa na domeni lesis-creations.com smatra se da su potro\u0161a\u010di u svakom trenutku upoznati s ovim Uvjetima prodaje (dalje u tekstu: Uvjeti), te da ih u cijelosti razumiju i prihva\u0107aju.<\/p>\n<p>Pru\u017eatelj usluge internet prodaje putem internet trgovine je Lesis-creations, obrt za proizvodnju, trgovinu i usluge, vl. Andrea Bo\u017ei\u0107, Kli\u0161ki put 4, 21210 Solin.<\/p>\n<p>&nbsp;<\/p>\n<p>Podaci o obrtu su sljede\u0107i:<br \/>Puni naziv: Lesis-creations, obrt za proizvodnju, trgovinu i usluge, vl. Andrea Bo\u017ei\u0107, Kli\u0161ki put 4, 21210 Solin<br \/>OIB: 97746606183<br \/>Kratko ime: Lesis-creations, vl.Andrea Bo\u017ei\u0107<br \/>Adresa: Kli\u0161ki put 4, 21210 Solin.<br \/>Transakcijski ra\u010dun: <span>HR7324020061140493965 <\/span>(Erste bank)<br \/>Mati\u010dni broj: 98551442<br \/>E-po\u0161ta: lesiscreations@gmail.com<br \/>Telefon: +385 (0)91 5175111<\/p>\n<p>Obrt je dana 20.03.2023. upisan u Obrtni registar.<\/p>\n<p>Ugovor o kupoprodaji proizvoda izme\u0111u Kupca i Prodavatelja zaklju\u010den je trenutkom kada Prodavatelj primi elektroni\u010dku poruku koja sadr\u017ei izjavu kupca da prihva\u0107a ponudu, odnosno u trenutku narud\u017ebe proizvoda.<\/p>\n<p>&nbsp;<\/p>\n<p>UVJETI KUPNJE<\/p>\n<p>Isporu\u010ditelj naru\u010dene robe je Lesis-creations, obrt za proizvodnju, trgovinu i usluge koja putem Internet trgovine omogu\u0107uje kupnju proizvoda.<\/p>\n<p>Kupac je fizi\u010dka ili pravna osoba koja naru\u010duje ili pla\u0107a uslugu dostave proizvoda Lesis-creations, obrt za proizvodnju, trgovinu i usluge, posredstvom Internet trgovine. Artikli se isporu\u010duju po cijenama va\u017ee\u0107im na dan naru\u010divanja.<\/p>\n<p>&nbsp;<\/p>\n<p>KORI\u0160TENJE USLUGA INTERNET TRGOVINE<br \/>Kori\u0161tenje usluga internet trgovine nije dozvoljeno osobama mla\u0111im od 18 godina.<br \/>Ukoliko do\u0111e do bilo kakve promjene podataka koje ste unijeli prilikom kupnje, molimo Vas da nas u \u010dim skorijem roku obavijestite o nastalim promjenama putem e-mail adrese: lesiscreations@gmail.com<br \/>Kupac odgovara za ispravnost svih unesenih podataka prilikom kupnje artikala.<\/p>\n<p>&nbsp;<\/p>\n<p>NARU\u010cIVANJE ROBE<br \/>Proizvodi se naru\u010duju elektroni\u010dkim putem. Proizvodi se smatraju naru\u010denim u trenutku kada kupac pro\u0111e cijeli Proces \u201eNaplate\u201c.Pristup web shopu lesis-creations.com mogu\u0107 je bez registracije, kao gost korisnik.<\/p>\n<p>Kupcu se omogu\u0107uje kupnja svih dostupnih proizvoda te se uneseni podaci koriste samo za trenuta\u010dnu kupnju, ali ne\u0107e biti pohranjeni u bazu kupaca Internet prodavaonice.<\/p>\n<p>Slike proizvoda na Internet prodavaonici su ilustrativne prirode te slika proizvoda na internetskoj stranici ne mora u potpunosti odgovarati stvarnom izgledu finalnog proizvoda. Navedeno se osobito odnosi na boje koje mogu biti razli\u010dite zbog razli\u010ditih pode\u0161enja svjetlosti na raznim ekranima. Tako\u0111er radi ponovnog mije\u0161anja polimerne gline boja mo\u017ee odstupati od boje reklamnog primjerka.<\/p>\n<p>&nbsp;<\/p>\n<p>POSTUPAK KUPOVINE<br \/>Kada je narud\u017eba primljena, odlazi u postupak obrade. Lesis-creations.com putem elektronske po\u0161te prima obavijest da je narud\u017eba zaprimljena.<\/p>\n<p><span>Nakon obavljene narud\u017ebe\/rezervacije (iskazane namjere korisnika da sklopi Ugovor), korisniku \u0107e biti dostavljena automatizirana Obavijesti o primitku narud\u017ebe, odnosno predugovorna obavijest iz Zakona o za\u0161titi potro\u0161a\u010da te ovim Uvjetima (putem linka) odnosno obavijest o pravu potro\u0161a\u010da na jednostrani raskid Ugovora, zajedno s obrascem za jednostrani raskid Ugovora iz Zakona o za\u0161titi potro\u0161a\u010da (tako\u0111er putem linka).<\/span><\/p>\n<p><span>Ugovor ne stupa na snagu samom obavljenom narud\u017ebom\/rezervacijom (klikom na \u201cNaru\u010dujem\/Rezerviraj\u201d) i primitkom automatizirane poruke od strane sustava web trgovine Prodavatelja, jer u trenutku obavljene narud\u017ebe roba mo\u017ee promijeniti raspolo\u017eivost, cijenu ili specifikacije.<\/span><\/p>\n<p>&nbsp;<\/p>\n<p>DOSTAVA ROBE I ROK ISPORUKE<br \/>Naru\u010dena roba isporu\u010duje se zapakirana tako da se <span>Naru\u010dene\/rezervirane proizvode \u0161aljemo Naru\u010ditelju tek po zaprimljenoj uplati cjelokupnog iznosa narud\u017ebe, uve\u0107anog za eventualne tro\u0161kove dostave, sukladno odredbama ovih Op\u0107ih uvjeta poslovanja.<\/span>uobi\u010dajenom manipulacijom u transportu ne mo\u017ee o\u0161tetiti.<\/p>\n<p><span>Ukoliko je Naru\u010ditelj kao na\u010din pla\u0107anja odabrao pla\u0107anje na transakcijski ra\u010dun, no ne uplati cjelokupni iznos narud\u017ebe u roku od 5 dana od dana primitka podataka za uplatu,\u00a0 smatra se da je odustao od narud\u017ebe.<\/span><\/p>\n<p>Kupac je du\u017ean eventualna vidljiva o\u0161te\u0107enja odmah prijaviti.<br \/>Rok dostave proizvoda u pravilu je 5-7 radnih dana nakon vidljive uplate.<br \/>Kupac je du\u017ean preuzeti narud\u017ebu prilikom isporuke. Vra\u0107ene narud\u017ebe zbog nepreuzimanja od strane kupca mogu biti ponovno poslane kupcu o njegovom tro\u0161ku.<\/p>\n<p>&nbsp;<\/p>\n<p>PLA\u0106ANJE ROBE<br \/>U internet trgovini lesis-creations.com omogu\u0107eno je pla\u0107anje direktnom bankovnom transakcijom na ra\u010dun obrta Lesis-creations, obrt za proizvodnju, trgovinu i usluge u banci.<\/p>\n<h2><\/h2>\n<p>Lesis-creations, obrt za proizvodnju, trgovinu i usluge<br \/>Kli\u0161ki put 4, Solin<br \/>OIB: 97746606183<br \/>IBAN: <span>HR7324020061140493965<\/span><br \/><span>Erste&amp;Steierm\u00e4rkische Bank d.d.<\/span><\/p>\n<h2><\/h2>\n<p>Na svoju email adresu \u0107ete dobiti ponudu sa svim podacima potrebnim za uplatu, uklju\u010duju\u0107i broj ra\u010duna na koji trebate uplatiti vrijednost narud\u017ebe. Uplatu potom mo\u017eete izvr\u0161iti kori\u0161tenjem internet bankarstva ili na\u010dinom na koji ina\u010de pla\u0107ate svoje ra\u010dune \u2013 putem banke, po\u0161te, Fine ili sl. Po primitku sredstava na na\u0161 poslovni ra\u010dun, roba \u0107e biti poslana na adresu za dostavu. Tro\u0161ak dostave je 2,79-3\u20ac za podru\u010dje Republike Hrvatske. Dostava za hrvatsku za narud\u017ebe iznad 66\u20ac je besplatna.<\/p>\n<p>&nbsp;<\/p>\n<p>REKLAMACIJE<br \/>U slu\u010daju povrata robe kupac je du\u017ean uputiti reklamaciju e-mailom u kojoj je potrebno navesti broj narud\u017ebe i stavke na koje se reklmacija odnosi.<\/p>\n<p><span>U slu\u010daju da je Naru\u010ditelju dostavljen o\u0161te\u0107en proizvod (bez obzira na uzrok o\u0161te\u0107enja) ili ne odgovara opisu proizvoda, po\u0161aljite nam fotografiju\/e u rezoluciji na kojoj se jasno vidi o\u0161te\u0107enje\/nedostaci\/odstupanja od opisa proizvoda na\u00a0<\/span><span>lesiscreations@gmail.com<\/span><\/p>\n<p>Kupac ima pravo u roku od 14 kalendarskih dana od dana dostave proizvoda na reklamaciju kupljenog proizvoda ili povrat proizvoda. Lesis-creations, obrt za proizvodnju, trgovinu i usluge \u0107e kupcu izvr\u0161iti povrat novca ili zamijeniti proizvod s novim u roku od 14 dana od datuma primitka vra\u0107enog proizvoda. Kupac je proizvod du\u017ean vratiti na vlastiti tro\u0161ak i u stanju u kojem mu je proizvod dostavljen.<\/p>\n<p>&nbsp;<\/p>\n<p>RASKID UGOVORA<br \/>U skladu sa Zakonom o za\u0161titi potro\u0161a\u010da, kupac ima pravo, ne navode\u0107i razloge za to, jednostrano raskinuti ugovor u roku od 14 dana od dana primitka proizvoda.<\/p>\n<p>Kako bi kupac mogao ostvariti pravo na jednostrani raskid ovog ugovora, isti mora obavijestiti o svojoj odluci o jednostranom raskidu ugovora prije isteka roka i to nedvosmislenom izjavom poslanom elektroni\u010dkom po\u0161tom, u kojoj \u0107e navesti svoje ime i prezime, adresu, broj telefona ili adresu elektroni\u010dke po\u0161te.<br \/>Ukoliko se kupac odlu\u010di na jednostrani raskid ugovora, o svojoj odluci je du\u017ean obavijestiti prodavatelja pisanim putem, u navedenom roku, te sam snositi tro\u0161ak povrata proizvoda prodavatelju.<\/p>\n<p>Za povrat kupljenih proizvoda u roku za odustajanje od kupoprodajnog ugovora dovoljna je pisana obavijest o odustajanju. Jedini tro\u0161ak za korisnika (kupca) pri povratu proizvoda je tro\u0161ak dostave Trgovcu koji snosi Kupac.<br \/>Kupljene proizvode potrebno je vratiti Trgovcu najkasnije u roku 14 dana od narud\u017ebe i obavijesti o odustajanju kupoprodajnog ugovora.<\/p>\n<p>Povrat novca bit \u0107e izvr\u0161en na isti na\u010din na koji je izvr\u0161ena uplata. U slu\u010daju da kupac pristaje na drugi na\u010din povrata pla\u0107enog iznosa, ne snosi nikakve tro\u0161kove na povrat.<\/p>\n<p>Kupac je du\u017ean robu predati ili poslati na adresu tvrtke Lesis-creations, obrt za proizvodnju, trgovinu i usluge bez nepotrebnog odga\u0111anja, a u svakom slu\u010daju najkasnije u roku od 14 dana od dana kada je Kupac uputio svoju odluku o jednostranom raskidu ugovora.<\/p>\n<p><span class=\"Y2IQFc\" lang=\"hr\">Mo\u017eemo odbiti povrat dok ne primimo robu natrag ili dok ne dostavite dokaz da ste robu vratili, ovisno o tome \u0161to je ranije.<\/span><\/p>\n<p>Kod ugovora potpisanih na daljinu, sukladno Zakonu o za\u0161titi potro\u0161a\u010da kupac nema pravo na jednostrani raskid ugovora.<\/p>\n<p>Potro\u0161a\u010d nema pravo na jednostrani raskid ugovora ako je:<br \/>\u2013 Predmet ugovora roba koja je izra\u0111ena po specifikaciji potro\u0161a\u010da ili koja je jasno prilago\u0111ena potro\u0161a\u010du.<\/p>\n<p><span class=\"Y2IQFc\" lang=\"hr\">\u2013 Predmet ugovora isporuka zape\u010da\u0107ene robe koja nije prikladna za povrat zbog za\u0161tite zdravlja ili higijene ako je nakon isporuke otpe\u010da\u0107ena (kori\u0161tena pa nanovo vra\u0107ena u original pakiranje).<\/span><\/p>\n<p>Prodava\u010d ne odgovara za bilo kakvu \u0161tetu nastalu neispravnim kori\u0161tenjem proizvoda.<\/p>\n<p>&nbsp;<\/p>\n<p>PROMJENE OP\u0106IH UVJETA POSLOVANJA<br \/>U slu\u010daju promjena na\u0161ih uvjeta poslovanja obavijestit \u0107emo Vas o tome na ovoj stranici i a\u017eurirati datum izmjene politike privatnosti dolje kako slijedi.<\/p>\n<p>Ova politika privatnosti je zadnji put izmijenjena 19. travnja 2023.<\/p>\n<p>[\/et_pb_text][\/et_pb_column][\/et_pb_row][\/et_pb_section]<\/p>\n","protected":false},"excerpt":{"rendered":"<p>Op\u0107i uvjeti poslovanjaMolimo Vas da prije kori\u0161tenja internet stranice lesis-creations.com na bilo koji na\u010din, pozorno pro\u010ditate uvjete kori\u0161tenja. Usluge internetske trgovine vrijede za kupce sa prebivali\u0161tem na podru\u010dju Republike Hrvatske.Kori\u0161tenjem usluge internet trgovine i svih pridru\u017eenih stranica i servisa na domeni lesis-creations.com smatra se da su potro\u0161a\u010di u svakom trenutku upoznati s ovim Uvjetima prodaje [&hellip;]<\/p>\n","protected":false},"author":1,"featured_media":0,"parent":0,"menu_order":0,"comment_status":"closed","ping_status":"closed","template":"","meta":{"_et_pb_use_builder":"on","_et_pb_old_content":"","_et_gb_content_width":"","_uf_show_specific_survey":0,"_uf_disable_surveys":false,"footnotes":""},"class_list":["post-3","page","type-page","status-publish","hentry"],"yoast_head":"<!-- This site is optimized with the Yoast SEO plugin v27.5 - https:\/\/yoast.com\/product\/yoast-seo-wordpress\/ -->\n<title>Op\u0107i uvjeti poslovanja - Nakit od polimerne gline, ro\u0111endanski komplet, ukrasni jastuci<\/title>\n<meta name=\"description\" content=\"Stvaram jednostavne komade nakita od polimerne gline koje mo\u017eete nositi svaki dan i u posebnim prilikama po Va\u0161im \u017eeljama. Nakit\/nau\u0161nice\/narukvice\/ogrlice, dje\u010dji ro\u0111endanski kompleti\u0107i (bodi, majica, suknja), ukrasni jastuci, gumice (scruchie) za kosu, okviri za uspomenu, privjesak za klju\u010deve\" \/>\n<meta name=\"robots\" content=\"index, follow, max-snippet:-1, max-image-preview:large, max-video-preview:-1\" \/>\n<link rel=\"canonical\" href=\"https:\/\/lesis-creations.com\/en\/opci_uvjeti_poslovanja\/\" \/>\n<meta property=\"og:locale\" content=\"en_GB\" \/>\n<meta property=\"og:type\" content=\"article\" \/>\n<meta property=\"og:title\" content=\"Op\u0107i uvjeti poslovanja - Nakit od polimerne gline, ro\u0111endanski komplet, ukrasni jastuci\" \/>\n<meta property=\"og:description\" content=\"Stvaram jednostavne komade nakita od polimerne gline koje mo\u017eete nositi svaki dan i u posebnim prilikama po Va\u0161im \u017eeljama. Nakit\/nau\u0161nice\/narukvice\/ogrlice, dje\u010dji ro\u0111endanski kompleti\u0107i (bodi, majica, suknja), ukrasni jastuci, gumice (scruchie) za kosu, okviri za uspomenu, privjesak za klju\u010deve\" \/>\n<meta property=\"og:url\" content=\"https:\/\/lesis-creations.com\/en\/opci_uvjeti_poslovanja\/\" \/>\n<meta property=\"og:site_name\" content=\"Nakit od polimerne gline, ro\u0111endanski komplet, ukrasni jastuci\" \/>\n<meta property=\"article:publisher\" content=\"https:\/\/facebook.com\/NakitLesis\" \/>\n<meta property=\"article:modified_time\" content=\"2023-04-19T09:50:40+00:00\" \/>\n<meta property=\"og:image\" content=\"https:\/\/lesis-creations.com\/wp-content\/uploads\/2022\/09\/le-sis-creations-logo-1.jpg\" \/>\n\t<meta property=\"og:image:width\" content=\"500\" \/>\n\t<meta property=\"og:image:height\" content=\"500\" \/>\n\t<meta property=\"og:image:type\" content=\"image\/jpeg\" \/>\n<meta name=\"twitter:card\" content=\"summary_large_image\" \/>\n<script type=\"application\/ld+json\" class=\"yoast-schema-graph\">{\"@context\":\"https:\\\/\\\/schema.org\",\"@graph\":[{\"@type\":\"WebPage\",\"@id\":\"https:\\\/\\\/lesis-creations.com\\\/opci_uvjeti_poslovanja\\\/\",\"url\":\"https:\\\/\\\/lesis-creations.com\\\/opci_uvjeti_poslovanja\\\/\",\"name\":\"Op\u0107i uvjeti poslovanja - Nakit od polimerne gline, ro\u0111endanski komplet, ukrasni jastuci\",\"isPartOf\":{\"@id\":\"https:\\\/\\\/lesis-creations.com\\\/#website\"},\"datePublished\":\"2022-09-08T06:24:14+00:00\",\"dateModified\":\"2023-04-19T09:50:40+00:00\",\"description\":\"Stvaram jednostavne komade nakita od polimerne gline koje mo\u017eete nositi svaki dan i u posebnim prilikama po Va\u0161im \u017eeljama. Nakit\\\/nau\u0161nice\\\/narukvice\\\/ogrlice, dje\u010dji ro\u0111endanski kompleti\u0107i (bodi, majica, suknja), ukrasni jastuci, gumice (scruchie) za kosu, okviri za uspomenu, privjesak za klju\u010deve\",\"breadcrumb\":{\"@id\":\"https:\\\/\\\/lesis-creations.com\\\/opci_uvjeti_poslovanja\\\/#breadcrumb\"},\"inLanguage\":\"en-GB\",\"potentialAction\":[{\"@type\":\"ReadAction\",\"target\":[\"https:\\\/\\\/lesis-creations.com\\\/opci_uvjeti_poslovanja\\\/\"]}]},{\"@type\":\"BreadcrumbList\",\"@id\":\"https:\\\/\\\/lesis-creations.com\\\/opci_uvjeti_poslovanja\\\/#breadcrumb\",\"itemListElement\":[{\"@type\":\"ListItem\",\"position\":1,\"name\":\"Home\",\"item\":\"https:\\\/\\\/lesis-creations.com\\\/\"},{\"@type\":\"ListItem\",\"position\":2,\"name\":\"Op\u0107i uvjeti poslovanja\"}]},{\"@type\":\"WebSite\",\"@id\":\"https:\\\/\\\/lesis-creations.com\\\/#website\",\"url\":\"https:\\\/\\\/lesis-creations.com\\\/\",\"name\":\"Nakit od polimerne gline, ro\u0111endanski komplet, ukrasni jastuci\",\"description\":\"Nakit, nau\u0161nice, ogrlice, narukvice, ro\u0111endanski komplet, ukras\",\"publisher\":{\"@id\":\"https:\\\/\\\/lesis-creations.com\\\/#organization\"},\"alternateName\":\"Nakit\\\/nau\u0161nice\\\/narukvice\\\/ogrlice, dje\u010dji ro\u0111endanski kompleti\u0107i (bodi, majica, suknja), ukrasni jednorog jastuci, gumice (scruchie) za kosu, okviri za uspomenu\",\"potentialAction\":[{\"@type\":\"SearchAction\",\"target\":{\"@type\":\"EntryPoint\",\"urlTemplate\":\"https:\\\/\\\/lesis-creations.com\\\/?s={search_term_string}\"},\"query-input\":{\"@type\":\"PropertyValueSpecification\",\"valueRequired\":true,\"valueName\":\"search_term_string\"}}],\"inLanguage\":\"en-GB\"},{\"@type\":\"Organization\",\"@id\":\"https:\\\/\\\/lesis-creations.com\\\/#organization\",\"name\":\"Lesis-creations, obrt za proizvodnju, trgovinu i usluge\",\"alternateName\":\"Nakit\\\/nau\u0161nice\\\/narukvice\\\/ogrlice, dje\u010dji ro\u0111endanski kompleti\u0107i (bodi, majica, suknja), ukrasni jednorog jastuci, gumice (scruchie) za kosu, okviri za uspomenu\",\"url\":\"https:\\\/\\\/lesis-creations.com\\\/\",\"logo\":{\"@type\":\"ImageObject\",\"inLanguage\":\"en-GB\",\"@id\":\"https:\\\/\\\/lesis-creations.com\\\/#\\\/schema\\\/logo\\\/image\\\/\",\"url\":\"https:\\\/\\\/lesis-creations.com\\\/wp-content\\\/uploads\\\/2022\\\/09\\\/le-sis-creations-logo-1.jpg\",\"contentUrl\":\"https:\\\/\\\/lesis-creations.com\\\/wp-content\\\/uploads\\\/2022\\\/09\\\/le-sis-creations-logo-1.jpg\",\"width\":500,\"height\":500,\"caption\":\"Lesis-creations, obrt za proizvodnju, trgovinu i usluge\"},\"image\":{\"@id\":\"https:\\\/\\\/lesis-creations.com\\\/#\\\/schema\\\/logo\\\/image\\\/\"},\"sameAs\":[\"https:\\\/\\\/facebook.com\\\/NakitLesis\",\"https:\\\/\\\/instagram.com\\\/nakitlesis\"]}]}<\/script>\n<!-- \/ Yoast SEO plugin. -->","yoast_head_json":{"title":"Op\u0107i uvjeti poslovanja - Nakit od polimerne gline, ro\u0111endanski komplet, ukrasni jastuci","description":"Stvaram jednostavne komade nakita od polimerne gline koje mo\u017eete nositi svaki dan i u posebnim prilikama po Va\u0161im \u017eeljama. Nakit\/nau\u0161nice\/narukvice\/ogrlice, dje\u010dji ro\u0111endanski kompleti\u0107i (bodi, majica, suknja), ukrasni jastuci, gumice (scruchie) za kosu, okviri za uspomenu, privjesak za klju\u010deve","robots":{"index":"index","follow":"follow","max-snippet":"max-snippet:-1","max-image-preview":"max-image-preview:large","max-video-preview":"max-video-preview:-1"},"canonical":"https:\/\/lesis-creations.com\/en\/opci_uvjeti_poslovanja\/","og_locale":"en_GB","og_type":"article","og_title":"Op\u0107i uvjeti poslovanja - Nakit od polimerne gline, ro\u0111endanski komplet, ukrasni jastuci","og_description":"Stvaram jednostavne komade nakita od polimerne gline koje mo\u017eete nositi svaki dan i u posebnim prilikama po Va\u0161im \u017eeljama. Nakit\/nau\u0161nice\/narukvice\/ogrlice, dje\u010dji ro\u0111endanski kompleti\u0107i (bodi, majica, suknja), ukrasni jastuci, gumice (scruchie) za kosu, okviri za uspomenu, privjesak za klju\u010deve","og_url":"https:\/\/lesis-creations.com\/en\/opci_uvjeti_poslovanja\/","og_site_name":"Nakit od polimerne gline, ro\u0111endanski komplet, ukrasni jastuci","article_publisher":"https:\/\/facebook.com\/NakitLesis","article_modified_time":"2023-04-19T09:50:40+00:00","og_image":[{"width":500,"height":500,"url":"https:\/\/lesis-creations.com\/wp-content\/uploads\/2022\/09\/le-sis-creations-logo-1.jpg","type":"image\/jpeg"}],"twitter_card":"summary_large_image","schema":{"@context":"https:\/\/schema.org","@graph":[{"@type":"WebPage","@id":"https:\/\/lesis-creations.com\/opci_uvjeti_poslovanja\/","url":"https:\/\/lesis-creations.com\/opci_uvjeti_poslovanja\/","name":"Op\u0107i uvjeti poslovanja - Nakit od polimerne gline, ro\u0111endanski komplet, ukrasni jastuci","isPartOf":{"@id":"https:\/\/lesis-creations.com\/#website"},"datePublished":"2022-09-08T06:24:14+00:00","dateModified":"2023-04-19T09:50:40+00:00","description":"Stvaram jednostavne komade nakita od polimerne gline koje mo\u017eete nositi svaki dan i u posebnim prilikama po Va\u0161im \u017eeljama. Nakit\/nau\u0161nice\/narukvice\/ogrlice, dje\u010dji ro\u0111endanski kompleti\u0107i (bodi, majica, suknja), ukrasni jastuci, gumice (scruchie) za kosu, okviri za uspomenu, privjesak za klju\u010deve","breadcrumb":{"@id":"https:\/\/lesis-creations.com\/opci_uvjeti_poslovanja\/#breadcrumb"},"inLanguage":"en-GB","potentialAction":[{"@type":"ReadAction","target":["https:\/\/lesis-creations.com\/opci_uvjeti_poslovanja\/"]}]},{"@type":"BreadcrumbList","@id":"https:\/\/lesis-creations.com\/opci_uvjeti_poslovanja\/#breadcrumb","itemListElement":[{"@type":"ListItem","position":1,"name":"Home","item":"https:\/\/lesis-creations.com\/"},{"@type":"ListItem","position":2,"name":"Op\u0107i uvjeti poslovanja"}]},{"@type":"WebSite","@id":"https:\/\/lesis-creations.com\/#website","url":"https:\/\/lesis-creations.com\/","name":"Nakit od polimerne gline, ro\u0111endanski komplet, ukrasni jastuci","description":"Nakit, nau\u0161nice, ogrlice, narukvice, ro\u0111endanski komplet, ukras","publisher":{"@id":"https:\/\/lesis-creations.com\/#organization"},"alternateName":"Nakit\/nau\u0161nice\/narukvice\/ogrlice, dje\u010dji ro\u0111endanski kompleti\u0107i (bodi, majica, suknja), ukrasni jednorog jastuci, gumice (scruchie) za kosu, okviri za uspomenu","potentialAction":[{"@type":"SearchAction","target":{"@type":"EntryPoint","urlTemplate":"https:\/\/lesis-creations.com\/?s={search_term_string}"},"query-input":{"@type":"PropertyValueSpecification","valueRequired":true,"valueName":"search_term_string"}}],"inLanguage":"en-GB"},{"@type":"Organization","@id":"https:\/\/lesis-creations.com\/#organization","name":"Lesis-creations, obrt za proizvodnju, trgovinu i usluge","alternateName":"Nakit\/nau\u0161nice\/narukvice\/ogrlice, dje\u010dji ro\u0111endanski kompleti\u0107i (bodi, majica, suknja), ukrasni jednorog jastuci, gumice (scruchie) za kosu, okviri za uspomenu","url":"https:\/\/lesis-creations.com\/","logo":{"@type":"ImageObject","inLanguage":"en-GB","@id":"https:\/\/lesis-creations.com\/#\/schema\/logo\/image\/","url":"https:\/\/lesis-creations.com\/wp-content\/uploads\/2022\/09\/le-sis-creations-logo-1.jpg","contentUrl":"https:\/\/lesis-creations.com\/wp-content\/uploads\/2022\/09\/le-sis-creations-logo-1.jpg","width":500,"height":500,"caption":"Lesis-creations, obrt za proizvodnju, trgovinu i usluge"},"image":{"@id":"https:\/\/lesis-creations.com\/#\/schema\/logo\/image\/"},"sameAs":["https:\/\/facebook.com\/NakitLesis","https:\/\/instagram.com\/nakitlesis"]}]}},"_links":{"self":[{"href":"https:\/\/lesis-creations.com\/en\/wp-json\/wp\/v2\/pages\/3","targetHints":{"allow":["GET"]}}],"collection":[{"href":"https:\/\/lesis-creations.com\/en\/wp-json\/wp\/v2\/pages"}],"about":[{"href":"https:\/\/lesis-creations.com\/en\/wp-json\/wp\/v2\/types\/page"}],"author":[{"embeddable":true,"href":"https:\/\/lesis-creations.com\/en\/wp-json\/wp\/v2\/users\/1"}],"replies":[{"embeddable":true,"href":"https:\/\/lesis-creations.com\/en\/wp-json\/wp\/v2\/comments?post=3"}],"version-history":[{"count":0,"href":"https:\/\/lesis-creations.com\/en\/wp-json\/wp\/v2\/pages\/3\/revisions"}],"wp:attachment":[{"href":"https:\/\/lesis-creations.com\/en\/wp-json\/wp\/v2\/media?parent=3"}],"curies":[{"name":"wp","href":"https:\/\/api.w.org\/{rel}","templated":true}]}}