{"id":11,"date":"2022-09-08T08:46:23","date_gmt":"2022-09-08T06:46:23","guid":{"rendered":"https:\/\/lesis-creations.com\/?page_id=11"},"modified":"2023-04-03T12:54:21","modified_gmt":"2023-04-03T10:54:21","slug":"politika_kolacica","status":"publish","type":"page","link":"https:\/\/lesis-creations.com\/en\/politika_kolacica\/","title":{"rendered":"Cookie policy"},"content":{"rendered":"<p>[et_pb_section fb_built=&#8221;1&#8243; _builder_version=&#8221;4.20.2&#8243; _module_preset=&#8221;default&#8221; global_colors_info=&#8221;{}&#8221;][et_pb_row _builder_version=&#8221;4.20.2&#8243; _module_preset=&#8221;default&#8221; custom_padding=&#8221;7px||6px|||&#8221; global_colors_info=&#8221;{}&#8221;][et_pb_column type=&#8221;4_4&#8243; _builder_version=&#8221;4.20.2&#8243; _module_preset=&#8221;default&#8221; global_colors_info=&#8221;{}&#8221;][et_pb_text _builder_version=&#8221;4.20.2&#8243; _module_preset=&#8221;default&#8221; header_font=&#8221;Caudex||||||||&#8221; header_text_color=&#8221;#9b4a68&#8243; global_colors_info=&#8221;{}&#8221;]<\/p>\n<h1>Politika kola\u010di\u0107a<\/h1>\n<p>[\/et_pb_text][\/et_pb_column][\/et_pb_row][et_pb_row _builder_version=&#8221;4.20.2&#8243; _module_preset=&#8221;default&#8221; custom_padding=&#8221;41px|||||&#8221; global_colors_info=&#8221;{}&#8221;][et_pb_column type=&#8221;4_4&#8243; _builder_version=&#8221;4.20.2&#8243; _module_preset=&#8221;default&#8221; global_colors_info=&#8221;{}&#8221;][et_pb_text _builder_version=&#8221;4.20.2&#8243; _module_preset=&#8221;default&#8221; text_font=&#8221;Caudex||||||||&#8221; text_text_color=&#8221;#686868&#8243; text_font_size=&#8221;16px&#8221; header_2_font=&#8221;Caudex||||||||&#8221; header_2_text_color=&#8221;#686868&#8243; header_2_font_size=&#8221;18px&#8221; custom_padding=&#8221;||0px|||&#8221; hover_enabled=&#8221;0&#8243; global_colors_info=&#8221;{}&#8221; sticky_enabled=&#8221;0&#8243;]<\/p>\n<h2>O POLITICI KOLA\u010cI\u0106A<\/h2>\n<div>Ova Politika kola\u010di\u0107a obja\u0161njava \u0161to su kola\u010di\u0107i, kako ih koristimo, koje vrste kola\u010di\u0107a koristimo, koje podatke prikupljamo pomo\u0107u kola\u010di\u0107a i kako ih koristimo te kako mo\u017eete kontrolirati postavke kola\u010di\u0107a. Vi\u0161e informacija o tome kako koristimo, pohranjujemo i upotrebljavamo kola\u010di\u0107e mo\u017eete pro\u010ditati u na\u0161im Pravilima privatnosti.lalina.hrVa\u0161e trenutno stanje: Prihva\u0107en pristanak.\u00a0Upravljajte svojim pristankom.Upravljaj pristankom<\/div>\n<h2>\u0160TO SU KOLA\u010cI\u0106I?<\/h2>\n<div>Ova Pravila o kola\u010di\u0107ima obja\u0161njavaju \u0161to su kola\u010di\u0107i i kako ih koristimo, vrste kola\u010di\u0107a koje koristimo, tj. informacije koje prikupljamo pomo\u0107u kola\u010di\u0107a i kako se te informacije koriste te kako upravljati postavkama kola\u010di\u0107a.Kola\u010di\u0107i su male tekstualne datoteke koje se koriste za pohranjivanje malih dijelova informacija. Pohranjuju se na va\u0161em ure\u0111aju kada se web stranica u\u010dita u va\u0161 preglednik. Ovi kola\u010di\u0107i nam poma\u017eu da web-mjesto ispravno funkcionira, u\u010dinimo ga sigurnijim, pru\u017eimo bolje korisni\u010dko iskustvo i razumijemo kako web-mjesto funkcionira te analiziramo \u0161to radi i gdje treba pobolj\u0161ati.<\/div>\n<h2>KAKO KORISTIMO KOLA\u010cI\u0106E<\/h2>\n<div>Kao i ve\u0107ina internetskih usluga, na\u0161a web stranica koristi kola\u010di\u0107e prve i tre\u0107e strane u nekoliko svrha. Kola\u010di\u0107i prve strane uglavnom su nu\u017eni za ispravno funkcioniranje web stranice i ne prikupljaju va\u0161e osobne podatke.Kola\u010di\u0107i tre\u0107ih strana koji se koriste na na\u0161em web-mjestu uglavnom slu\u017ee za razumijevanje na\u010dina na koji web-mjesto radi, kako komunicirate s na\u0161im web-mjestom, za o\u010duvanje sigurnosti na\u0161ih usluga, za pru\u017eanje reklama koje su vam relevantne i sve u svemu za pru\u017eanje boljeg i pobolj\u0161anog korisnika iskustva i ubrzati va\u0161e budu\u0107e interakcije s na\u0161im web mjestom.<\/div>\n<h2>KOJE VRSTE KOLA\u010cI\u0106A KORISTIMO<\/h2>\n<div>Neophodni: Neophodni kola\u010di\u0107i su neophodni za rad na\u0161e web stranice i kori\u0161tenje njegovih zna\u010dajki i \/ ili usluga. Na primjer, omogu\u0107uju vam navigaciju po web stranici i mogu\u0107nost prijave. Kori\u0161tenjem ove Internet stranice automatski dajete privolu na uporabu neophodnih kola\u010di\u0107a bez kojih web stranica ne mo\u017ee funkcionirati. Neophodni kola\u010di\u010di su nu\u017eni za ispravno funkcioniranje internet stranice. Oni omogu\u0107avaju funkcioniranje internet stranice. Ovi kola\u010di\u0107i prvenstveno su kola\u010di\u0107i sesije i bri\u0161u se kada zatvorite stranicu.Analiti\u010dki: Analiti\u010dki kola\u010di\u0107i prikupljaju podatke koji se koriste u svrhu analize na\u010dina kori\u0161tenja internetskih stranica, npr. broj posjeta, izvor prometa, pra\u0107enje vremena zadr\u017eavanja na na\u0161im stranicama, odre\u0111ivanje redoslijeda kojim posjetitelj pristupa raznim dijelovima na\u0161e web stranice i sl.Marketin\u0161ki: Marketin\u0161ki kola\u010di\u0107i se koriste za pra\u0107enje posjetiteljevog pona\u0161anja na internetskoj stranici i prikupljaju podatke koji poma\u017eu prikazivati oglase koji su relevantni i zanimljivi za pojedinog korisnika, a time i vi\u0161e vrijedni za izdava\u010de i ogla\u0161ava\u010de tre\u0107ih strana.Funkcionalni: Funkcionalni kola\u010di\u0107i omogu\u0107uju na\u0161oj web stranici da pamti odabire i prilagodbe koje ste napravili tijekom posjeta i pru\u017eaju pobolj\u0161ane osobne zna\u010dajke. Na primjer, pam\u0107enje promjena jezi\u010dnih postavki ili preferencije valute. Tako\u0111er se mogu koristiti kako bi se omogu\u0107ilo tre\u0107im stranama kako bi pru\u017eili alate za dru\u0161tveno dijeljenje i zapamtili va\u0161e \u017eeljene usluge dijeljenja. Funkcionalni kola\u010di\u0107i omogu\u0107uju nam pobolj\u0161anje upotrebljivosti i u\u010dinkovitosti web stranica te pru\u017eanje razli\u010ditih zna\u010dajki poput dijeljena sadr\u017eaja na dru\u0161tvenim mre\u017eama i drugih funkcionalnosti tre\u0107ih strana.Kola\u010di\u0107i preferencija: ovi kola\u010di\u0107i pamtit \u0107e va\u0161e preferencije (poput va\u0161eg jezika ili lokacije) i ostale informacije koje nam ustupite kako bismo vam pomogli da si prilagodite svoje iskustvo i u\u010dinite ga relevantnijim i osobnijim.U nastavku je popis kola\u010di\u0107a koje koristimo na ovoj stranici.<\/div>\n<div><span><\/span><\/div>\n<div><span><p>Popis u nastavku opisuje kola\u010di\u0107e koji se koriste na na\u0161oj web stranici.<\/p><table class=\"cookielawinfo-row-cat-table cookielawinfo-winter\"><thead><tr><\/tr><\/thead><tbody><tr class=\"cookielawinfo-row\"><\/tr><tr class=\"cookielawinfo-row\"><\/tr><tr class=\"cookielawinfo-row\"><\/tr><tr class=\"cookielawinfo-row\"><\/tr><tr class=\"cookielawinfo-row\"><\/tr><tr class=\"cookielawinfo-row\"><\/tr><\/tbody><\/table><\/span><\/div>\n<h2>UPRAVLJANJE POSTAVKAMA KOLA\u010cI\u0106A<\/h2>\n<p>Svoje postavke kola\u010di\u0107a na ovoj internet stranici mo\u017eete promijeniti u bilo kojem trenutku na stranici Politika kola\u010di\u0107a. Mo\u017eete promijeniti ili potpuno povu\u0107i svoj pristanak za kori\u0161tenje kola\u010di\u0107a.<br \/>Imajte na umu da blokiranjem kola\u010di\u0107a i dalje mo\u017eete pregledavati ovu web stranicu, no neke njezine mogu\u0107nosti Vam mo\u017eda ne\u0107e biti dostupne.<\/p>\n<p>Na razli\u010ditim internet preglednicima se na razli\u010dit na\u010din pode\u0161avaju postavke kola\u010di\u0107a. Ako onemogu\u0107ite kola\u010di\u0107e, ne\u0107ete mo\u0107i koristiti neke od funkcionalnosti na stranici. Za informacije o postavkama kola\u010di\u0107a, odaberite Internet preglednik koji koristite.<\/p>\n<p>Postavke kola\u010di\u0107a mo\u017eete podesiti i na sljede\u0107im stranicama:<\/p>\n<p><a href=\"http:\/\/www.aboutads.info\/choices\/#completed\" target=\"_blank\" rel=\"noopener\">http:\/\/www.aboutads.info\/choices\/#completed<\/a><\/p>\n<p><a href=\"http:\/\/www.youronlinechoices.eu\/\" target=\"_blank\" rel=\"noopener\">http:\/\/www.youronlinechoices.eu\/<\/a><\/p>\n<p>[\/et_pb_text][\/et_pb_column][\/et_pb_row][\/et_pb_section]<\/p>\n","protected":false},"excerpt":{"rendered":"<p>Politika kola\u010di\u0107aO POLITICI KOLA\u010cI\u0106A Ova Politika kola\u010di\u0107a obja\u0161njava \u0161to su kola\u010di\u0107i, kako ih koristimo, koje vrste kola\u010di\u0107a koristimo, koje podatke prikupljamo pomo\u0107u kola\u010di\u0107a i kako ih koristimo te kako mo\u017eete kontrolirati postavke kola\u010di\u0107a. Vi\u0161e informacija o tome kako koristimo, pohranjujemo i upotrebljavamo kola\u010di\u0107e mo\u017eete pro\u010ditati u na\u0161im Pravilima privatnosti.lalina.hrVa\u0161e trenutno stanje: Prihva\u0107en pristanak.\u00a0Upravljajte svojim pristankom.Upravljaj [&hellip;]<\/p>\n","protected":false},"author":1,"featured_media":0,"parent":0,"menu_order":0,"comment_status":"closed","ping_status":"closed","template":"","meta":{"_et_pb_use_builder":"on","_et_pb_old_content":"","_et_gb_content_width":"","_uf_show_specific_survey":0,"_uf_disable_surveys":false,"footnotes":""},"class_list":["post-11","page","type-page","status-publish","hentry"],"yoast_head":"<!-- This site is optimized with the Yoast SEO plugin v27.5 - https:\/\/yoast.com\/product\/yoast-seo-wordpress\/ -->\n<title>Politika kola\u010di\u0107a - Nakit od polimerne gline, ro\u0111endanski komplet, ukrasni jastuci<\/title>\n<meta name=\"description\" content=\"Stvaram jednostavne komade nakita od polimerne gline koje mo\u017eete nositi svaki dan i u posebnim prilikama po Va\u0161im \u017eeljama. Nakit\/nau\u0161nice\/narukvice\/ogrlice, dje\u010dji ro\u0111endanski kompleti\u0107i (bodi, majica, suknja), ukrasni jastuci, gumice (scruchie) za kosu, okviri za uspomenu, privjesak za klju\u010deve\" \/>\n<meta name=\"robots\" content=\"index, follow, max-snippet:-1, max-image-preview:large, max-video-preview:-1\" \/>\n<link rel=\"canonical\" href=\"https:\/\/lesis-creations.com\/en\/politika_kolacica\/\" \/>\n<meta property=\"og:locale\" content=\"en_GB\" \/>\n<meta property=\"og:type\" content=\"article\" \/>\n<meta property=\"og:title\" content=\"Politika kola\u010di\u0107a - Nakit od polimerne gline, ro\u0111endanski komplet, ukrasni jastuci\" \/>\n<meta property=\"og:description\" content=\"Stvaram jednostavne komade nakita od polimerne gline koje mo\u017eete nositi svaki dan i u posebnim prilikama po Va\u0161im \u017eeljama. Nakit\/nau\u0161nice\/narukvice\/ogrlice, dje\u010dji ro\u0111endanski kompleti\u0107i (bodi, majica, suknja), ukrasni jastuci, gumice (scruchie) za kosu, okviri za uspomenu, privjesak za klju\u010deve\" \/>\n<meta property=\"og:url\" content=\"https:\/\/lesis-creations.com\/en\/politika_kolacica\/\" \/>\n<meta property=\"og:site_name\" content=\"Nakit od polimerne gline, ro\u0111endanski komplet, ukrasni jastuci\" \/>\n<meta property=\"article:publisher\" content=\"https:\/\/facebook.com\/NakitLesis\" \/>\n<meta property=\"article:modified_time\" content=\"2023-04-03T10:54:21+00:00\" \/>\n<meta property=\"og:image\" content=\"https:\/\/lesis-creations.com\/wp-content\/uploads\/2022\/09\/le-sis-creations-logo-1.jpg\" \/>\n\t<meta property=\"og:image:width\" content=\"500\" \/>\n\t<meta property=\"og:image:height\" content=\"500\" \/>\n\t<meta property=\"og:image:type\" content=\"image\/jpeg\" \/>\n<meta name=\"twitter:card\" content=\"summary_large_image\" \/>\n<script type=\"application\/ld+json\" class=\"yoast-schema-graph\">{\"@context\":\"https:\\\/\\\/schema.org\",\"@graph\":[{\"@type\":\"WebPage\",\"@id\":\"https:\\\/\\\/lesis-creations.com\\\/politika_kolacica\\\/\",\"url\":\"https:\\\/\\\/lesis-creations.com\\\/politika_kolacica\\\/\",\"name\":\"Politika kola\u010di\u0107a - Nakit od polimerne gline, ro\u0111endanski komplet, ukrasni jastuci\",\"isPartOf\":{\"@id\":\"https:\\\/\\\/lesis-creations.com\\\/#website\"},\"datePublished\":\"2022-09-08T06:46:23+00:00\",\"dateModified\":\"2023-04-03T10:54:21+00:00\",\"description\":\"Stvaram jednostavne komade nakita od polimerne gline koje mo\u017eete nositi svaki dan i u posebnim prilikama po Va\u0161im \u017eeljama. Nakit\\\/nau\u0161nice\\\/narukvice\\\/ogrlice, dje\u010dji ro\u0111endanski kompleti\u0107i (bodi, majica, suknja), ukrasni jastuci, gumice (scruchie) za kosu, okviri za uspomenu, privjesak za klju\u010deve\",\"breadcrumb\":{\"@id\":\"https:\\\/\\\/lesis-creations.com\\\/politika_kolacica\\\/#breadcrumb\"},\"inLanguage\":\"en-GB\",\"potentialAction\":[{\"@type\":\"ReadAction\",\"target\":[\"https:\\\/\\\/lesis-creations.com\\\/politika_kolacica\\\/\"]}]},{\"@type\":\"BreadcrumbList\",\"@id\":\"https:\\\/\\\/lesis-creations.com\\\/politika_kolacica\\\/#breadcrumb\",\"itemListElement\":[{\"@type\":\"ListItem\",\"position\":1,\"name\":\"Home\",\"item\":\"https:\\\/\\\/lesis-creations.com\\\/\"},{\"@type\":\"ListItem\",\"position\":2,\"name\":\"Politika kola\u010di\u0107a\"}]},{\"@type\":\"WebSite\",\"@id\":\"https:\\\/\\\/lesis-creations.com\\\/#website\",\"url\":\"https:\\\/\\\/lesis-creations.com\\\/\",\"name\":\"Nakit od polimerne gline, ro\u0111endanski komplet, ukrasni jastuci\",\"description\":\"Nakit, nau\u0161nice, ogrlice, narukvice, ro\u0111endanski komplet, ukras\",\"publisher\":{\"@id\":\"https:\\\/\\\/lesis-creations.com\\\/#organization\"},\"alternateName\":\"Nakit\\\/nau\u0161nice\\\/narukvice\\\/ogrlice, dje\u010dji ro\u0111endanski kompleti\u0107i (bodi, majica, suknja), ukrasni jednorog jastuci, gumice (scruchie) za kosu, okviri za uspomenu\",\"potentialAction\":[{\"@type\":\"SearchAction\",\"target\":{\"@type\":\"EntryPoint\",\"urlTemplate\":\"https:\\\/\\\/lesis-creations.com\\\/?s={search_term_string}\"},\"query-input\":{\"@type\":\"PropertyValueSpecification\",\"valueRequired\":true,\"valueName\":\"search_term_string\"}}],\"inLanguage\":\"en-GB\"},{\"@type\":\"Organization\",\"@id\":\"https:\\\/\\\/lesis-creations.com\\\/#organization\",\"name\":\"Lesis-creations, obrt za proizvodnju, trgovinu i usluge\",\"alternateName\":\"Nakit\\\/nau\u0161nice\\\/narukvice\\\/ogrlice, dje\u010dji ro\u0111endanski kompleti\u0107i (bodi, majica, suknja), ukrasni jednorog jastuci, gumice (scruchie) za kosu, okviri za uspomenu\",\"url\":\"https:\\\/\\\/lesis-creations.com\\\/\",\"logo\":{\"@type\":\"ImageObject\",\"inLanguage\":\"en-GB\",\"@id\":\"https:\\\/\\\/lesis-creations.com\\\/#\\\/schema\\\/logo\\\/image\\\/\",\"url\":\"https:\\\/\\\/lesis-creations.com\\\/wp-content\\\/uploads\\\/2022\\\/09\\\/le-sis-creations-logo-1.jpg\",\"contentUrl\":\"https:\\\/\\\/lesis-creations.com\\\/wp-content\\\/uploads\\\/2022\\\/09\\\/le-sis-creations-logo-1.jpg\",\"width\":500,\"height\":500,\"caption\":\"Lesis-creations, obrt za proizvodnju, trgovinu i usluge\"},\"image\":{\"@id\":\"https:\\\/\\\/lesis-creations.com\\\/#\\\/schema\\\/logo\\\/image\\\/\"},\"sameAs\":[\"https:\\\/\\\/facebook.com\\\/NakitLesis\",\"https:\\\/\\\/instagram.com\\\/nakitlesis\"]}]}<\/script>\n<!-- \/ Yoast SEO plugin. -->","yoast_head_json":{"title":"Politika kola\u010di\u0107a - Nakit od polimerne gline, ro\u0111endanski komplet, ukrasni jastuci","description":"Stvaram jednostavne komade nakita od polimerne gline koje mo\u017eete nositi svaki dan i u posebnim prilikama po Va\u0161im \u017eeljama. Nakit\/nau\u0161nice\/narukvice\/ogrlice, dje\u010dji ro\u0111endanski kompleti\u0107i (bodi, majica, suknja), ukrasni jastuci, gumice (scruchie) za kosu, okviri za uspomenu, privjesak za klju\u010deve","robots":{"index":"index","follow":"follow","max-snippet":"max-snippet:-1","max-image-preview":"max-image-preview:large","max-video-preview":"max-video-preview:-1"},"canonical":"https:\/\/lesis-creations.com\/en\/politika_kolacica\/","og_locale":"en_GB","og_type":"article","og_title":"Politika kola\u010di\u0107a - Nakit od polimerne gline, ro\u0111endanski komplet, ukrasni jastuci","og_description":"Stvaram jednostavne komade nakita od polimerne gline koje mo\u017eete nositi svaki dan i u posebnim prilikama po Va\u0161im \u017eeljama. Nakit\/nau\u0161nice\/narukvice\/ogrlice, dje\u010dji ro\u0111endanski kompleti\u0107i (bodi, majica, suknja), ukrasni jastuci, gumice (scruchie) za kosu, okviri za uspomenu, privjesak za klju\u010deve","og_url":"https:\/\/lesis-creations.com\/en\/politika_kolacica\/","og_site_name":"Nakit od polimerne gline, ro\u0111endanski komplet, ukrasni jastuci","article_publisher":"https:\/\/facebook.com\/NakitLesis","article_modified_time":"2023-04-03T10:54:21+00:00","og_image":[{"width":500,"height":500,"url":"https:\/\/lesis-creations.com\/wp-content\/uploads\/2022\/09\/le-sis-creations-logo-1.jpg","type":"image\/jpeg"}],"twitter_card":"summary_large_image","schema":{"@context":"https:\/\/schema.org","@graph":[{"@type":"WebPage","@id":"https:\/\/lesis-creations.com\/politika_kolacica\/","url":"https:\/\/lesis-creations.com\/politika_kolacica\/","name":"Politika kola\u010di\u0107a - Nakit od polimerne gline, ro\u0111endanski komplet, ukrasni jastuci","isPartOf":{"@id":"https:\/\/lesis-creations.com\/#website"},"datePublished":"2022-09-08T06:46:23+00:00","dateModified":"2023-04-03T10:54:21+00:00","description":"Stvaram jednostavne komade nakita od polimerne gline koje mo\u017eete nositi svaki dan i u posebnim prilikama po Va\u0161im \u017eeljama. Nakit\/nau\u0161nice\/narukvice\/ogrlice, dje\u010dji ro\u0111endanski kompleti\u0107i (bodi, majica, suknja), ukrasni jastuci, gumice (scruchie) za kosu, okviri za uspomenu, privjesak za klju\u010deve","breadcrumb":{"@id":"https:\/\/lesis-creations.com\/politika_kolacica\/#breadcrumb"},"inLanguage":"en-GB","potentialAction":[{"@type":"ReadAction","target":["https:\/\/lesis-creations.com\/politika_kolacica\/"]}]},{"@type":"BreadcrumbList","@id":"https:\/\/lesis-creations.com\/politika_kolacica\/#breadcrumb","itemListElement":[{"@type":"ListItem","position":1,"name":"Home","item":"https:\/\/lesis-creations.com\/"},{"@type":"ListItem","position":2,"name":"Politika kola\u010di\u0107a"}]},{"@type":"WebSite","@id":"https:\/\/lesis-creations.com\/#website","url":"https:\/\/lesis-creations.com\/","name":"Nakit od polimerne gline, ro\u0111endanski komplet, ukrasni jastuci","description":"Nakit, nau\u0161nice, ogrlice, narukvice, ro\u0111endanski komplet, ukras","publisher":{"@id":"https:\/\/lesis-creations.com\/#organization"},"alternateName":"Nakit\/nau\u0161nice\/narukvice\/ogrlice, dje\u010dji ro\u0111endanski kompleti\u0107i (bodi, majica, suknja), ukrasni jednorog jastuci, gumice (scruchie) za kosu, okviri za uspomenu","potentialAction":[{"@type":"SearchAction","target":{"@type":"EntryPoint","urlTemplate":"https:\/\/lesis-creations.com\/?s={search_term_string}"},"query-input":{"@type":"PropertyValueSpecification","valueRequired":true,"valueName":"search_term_string"}}],"inLanguage":"en-GB"},{"@type":"Organization","@id":"https:\/\/lesis-creations.com\/#organization","name":"Lesis-creations, obrt za proizvodnju, trgovinu i usluge","alternateName":"Nakit\/nau\u0161nice\/narukvice\/ogrlice, dje\u010dji ro\u0111endanski kompleti\u0107i (bodi, majica, suknja), ukrasni jednorog jastuci, gumice (scruchie) za kosu, okviri za uspomenu","url":"https:\/\/lesis-creations.com\/","logo":{"@type":"ImageObject","inLanguage":"en-GB","@id":"https:\/\/lesis-creations.com\/#\/schema\/logo\/image\/","url":"https:\/\/lesis-creations.com\/wp-content\/uploads\/2022\/09\/le-sis-creations-logo-1.jpg","contentUrl":"https:\/\/lesis-creations.com\/wp-content\/uploads\/2022\/09\/le-sis-creations-logo-1.jpg","width":500,"height":500,"caption":"Lesis-creations, obrt za proizvodnju, trgovinu i usluge"},"image":{"@id":"https:\/\/lesis-creations.com\/#\/schema\/logo\/image\/"},"sameAs":["https:\/\/facebook.com\/NakitLesis","https:\/\/instagram.com\/nakitlesis"]}]}},"_links":{"self":[{"href":"https:\/\/lesis-creations.com\/en\/wp-json\/wp\/v2\/pages\/11","targetHints":{"allow":["GET"]}}],"collection":[{"href":"https:\/\/lesis-creations.com\/en\/wp-json\/wp\/v2\/pages"}],"about":[{"href":"https:\/\/lesis-creations.com\/en\/wp-json\/wp\/v2\/types\/page"}],"author":[{"embeddable":true,"href":"https:\/\/lesis-creations.com\/en\/wp-json\/wp\/v2\/users\/1"}],"replies":[{"embeddable":true,"href":"https:\/\/lesis-creations.com\/en\/wp-json\/wp\/v2\/comments?post=11"}],"version-history":[{"count":0,"href":"https:\/\/lesis-creations.com\/en\/wp-json\/wp\/v2\/pages\/11\/revisions"}],"wp:attachment":[{"href":"https:\/\/lesis-creations.com\/en\/wp-json\/wp\/v2\/media?parent=11"}],"curies":[{"name":"wp","href":"https:\/\/api.w.org\/{rel}","templated":true}]}}