{"id":10996,"date":"2023-04-28T05:24:01","date_gmt":"2023-04-28T05:24:01","guid":{"rendered":"https:\/\/demo.shopkitwp.com\/hello-shopkit\/?page_id=126"},"modified":"2024-10-06T22:11:55","modified_gmt":"2024-10-06T20:11:55","slug":"contact","status":"publish","type":"page","link":"https:\/\/lesis-creations.com\/en\/contact\/","title":{"rendered":"Contact"},"content":{"rendered":"<style>\/*! elementor - v3.19.0 - 28-02-2024 *\/\n.elementor-heading-title{padding:0;margin:0;line-height:1}.elementor-widget-heading .elementor-heading-title[class*=elementor-size-]>a{color:inherit;font-size:inherit;line-height:inherit}.elementor-widget-heading .elementor-heading-title.elementor-size-small{font-size:15px}.elementor-widget-heading .elementor-heading-title.elementor-size-medium{font-size:19px}.elementor-widget-heading .elementor-heading-title.elementor-size-large{font-size:29px}.elementor-widget-heading .elementor-heading-title.elementor-size-xl{font-size:39px}.elementor-widget-heading .elementor-heading-title.elementor-size-xxl{font-size:59px}<\/style>\n<h2>Contact <\/h2>\n<h3>Contact And Get In Reach Us !<\/h3>\n<p>Vivamus ex, pellentesque, ratione! Consequat dolor, nihil convallis ligula. Cum maxime vivamus iaculis officia amet, inventore, possimus, illo, morbi repellat nostrud sodales cras facilis, facilisi maxime vivam.<\/p>\n<h2>Follow us on social media :<\/h2>\n<style>\/*! elementor - v3.19.0 - 28-02-2024 *\/\n.elementor-widget-social-icons.elementor-grid-0 .elementor-widget-container,.elementor-widget-social-icons.elementor-grid-mobile-0 .elementor-widget-container,.elementor-widget-social-icons.elementor-grid-tablet-0 .elementor-widget-container{line-height:1;font-size:0}.elementor-widget-social-icons:not(.elementor-grid-0):not(.elementor-grid-tablet-0):not(.elementor-grid-mobile-0) .elementor-grid{display:inline-grid}.elementor-widget-social-icons .elementor-grid{grid-column-gap:var(--grid-column-gap,5px);grid-row-gap:var(--grid-row-gap,5px);grid-template-columns:var(--grid-template-columns);justify-content:var(--justify-content,center);justify-items:var(--justify-content,center)}.elementor-icon.elementor-social-icon{font-size:var(--icon-size,25px);line-height:var(--icon-size,25px);width:calc(var(--icon-size, 25px) + 2 * var(--icon-padding, .5em));height:calc(var(--icon-size, 25px) + 2 * var(--icon-padding, .5em))}.elementor-social-icon{--e-social-icon-icon-color:#fff;display:inline-flex;background-color:#69727d;align-items:center;justify-content:center;text-align:center;cursor:pointer}.elementor-social-icon i{color:var(--e-social-icon-icon-color)}.elementor-social-icon svg{fill:var(--e-social-icon-icon-color)}.elementor-social-icon:last-child{margin:0}.elementor-social-icon:hover{opacity:.9;color:#fff}.elementor-social-icon-android{background-color:#a4c639}.elementor-social-icon-apple{background-color:#999}.elementor-social-icon-behance{background-color:#1769ff}.elementor-social-icon-bitbucket{background-color:#205081}.elementor-social-icon-codepen{background-color:#000}.elementor-social-icon-delicious{background-color:#39f}.elementor-social-icon-deviantart{background-color:#05cc47}.elementor-social-icon-digg{background-color:#005be2}.elementor-social-icon-dribbble{background-color:#ea4c89}.elementor-social-icon-elementor{background-color:#d30c5c}.elementor-social-icon-envelope{background-color:#ea4335}.elementor-social-icon-facebook,.elementor-social-icon-facebook-f{background-color:#3b5998}.elementor-social-icon-flickr{background-color:#0063dc}.elementor-social-icon-foursquare{background-color:#2d5be3}.elementor-social-icon-free-code-camp,.elementor-social-icon-freecodecamp{background-color:#006400}.elementor-social-icon-github{background-color:#333}.elementor-social-icon-gitlab{background-color:#e24329}.elementor-social-icon-globe{background-color:#69727d}.elementor-social-icon-google-plus,.elementor-social-icon-google-plus-g{background-color:#dd4b39}.elementor-social-icon-houzz{background-color:#7ac142}.elementor-social-icon-instagram{background-color:#262626}.elementor-social-icon-jsfiddle{background-color:#487aa2}.elementor-social-icon-link{background-color:#818a91}.elementor-social-icon-linkedin,.elementor-social-icon-linkedin-in{background-color:#0077b5}.elementor-social-icon-medium{background-color:#00ab6b}.elementor-social-icon-meetup{background-color:#ec1c40}.elementor-social-icon-mixcloud{background-color:#273a4b}.elementor-social-icon-odnoklassniki{background-color:#f4731c}.elementor-social-icon-pinterest{background-color:#bd081c}.elementor-social-icon-product-hunt{background-color:#da552f}.elementor-social-icon-reddit{background-color:#ff4500}.elementor-social-icon-rss{background-color:#f26522}.elementor-social-icon-shopping-cart{background-color:#4caf50}.elementor-social-icon-skype{background-color:#00aff0}.elementor-social-icon-slideshare{background-color:#0077b5}.elementor-social-icon-snapchat{background-color:#fffc00}.elementor-social-icon-soundcloud{background-color:#f80}.elementor-social-icon-spotify{background-color:#2ebd59}.elementor-social-icon-stack-overflow{background-color:#fe7a15}.elementor-social-icon-steam{background-color:#00adee}.elementor-social-icon-stumbleupon{background-color:#eb4924}.elementor-social-icon-telegram{background-color:#2ca5e0}.elementor-social-icon-thumb-tack{background-color:#1aa1d8}.elementor-social-icon-tripadvisor{background-color:#589442}.elementor-social-icon-tumblr{background-color:#35465c}.elementor-social-icon-twitch{background-color:#6441a5}.elementor-social-icon-twitter{background-color:#1da1f2}.elementor-social-icon-viber{background-color:#665cac}.elementor-social-icon-vimeo{background-color:#1ab7ea}.elementor-social-icon-vk{background-color:#45668e}.elementor-social-icon-weibo{background-color:#dd2430}.elementor-social-icon-weixin{background-color:#31a918}.elementor-social-icon-whatsapp{background-color:#25d366}.elementor-social-icon-wordpress{background-color:#21759b}.elementor-social-icon-xing{background-color:#026466}.elementor-social-icon-yelp{background-color:#af0606}.elementor-social-icon-youtube{background-color:#cd201f}.elementor-social-icon-500px{background-color:#0099e5}.elementor-shape-rounded .elementor-icon.elementor-social-icon{border-radius:10%}.elementor-shape-circle .elementor-icon.elementor-social-icon{border-radius:50%}<\/style>\n<p>\t\t\t\t\t<a target=\"_blank\" rel=\"noopener\"><br \/>\n\t\t\t\t\t\tFacebook<br \/>\n\t\t\t\t\t\t\t\t\t\t\t<\/a><br \/>\n\t\t\t\t\t<a target=\"_blank\" rel=\"noopener\"><br \/>\n\t\t\t\t\t\tTwitter<br \/>\n\t\t\t\t\t\t\t\t\t\t\t<\/a><br \/>\n\t\t\t\t\t<a target=\"_blank\" rel=\"noopener\"><br \/>\n\t\t\t\t\t\tYoutube<br \/>\n\t\t\t\t\t\t\t\t\t\t\t<\/a><br \/>\n\t\t\t\t\t<a target=\"_blank\" rel=\"noopener\"><br \/>\n\t\t\t\t\t\tInstagram<br \/>\n\t\t\t\t\t\t\t\t\t\t\t<\/a><br \/>\n\t\t\t\t\t<a target=\"_blank\" rel=\"noopener\"><br \/>\n\t\t\t\t\t\tWhatsapp<br \/>\n\t\t\t\t\t\t\t\t\t\t\t<\/a><br \/>\n\t\t\t\t\t<a target=\"_blank\" rel=\"noopener\"><br \/>\n\t\t\t\t\t\tBehance<br \/>\n\t\t\t\t\t\t\t\t\t\t\t<\/a><\/p>\n<style>\/*! elementor - v3.19.0 - 28-02-2024 *\/\n.elementor-widget-google_maps .elementor-widget-container{overflow:hidden}.elementor-widget-google_maps .elementor-custom-embed{line-height:0}.elementor-widget-google_maps iframe{height:300px}<\/style>\n<p>\t\t\t<iframe loading=\"lazy\"\n\t\t\t\t\tsrc=\"https:\/\/maps.google.com\/maps?q=London%20Eye%2C%20London%2C%20United%20Kingdom&#038;t=m&#038;z=10&#038;output=embed&#038;iwloc=near\"\n\t\t\t\t\ttitle=\"London Eye, London, United Kingdom\"\n\t\t\t\t\taria-label=\"London Eye, London, United Kingdom\"\n\t\t\t><\/iframe><\/p>\n<section>\n<p role=\"status\" aria-live=\"polite\" aria-atomic=\"true\">\n<ul><\/ul>\n<form action=\"\/shoppable\/hello-shoppable\/wp-admin\/admin-ajax.php#wpcf7-f73-o1\" method=\"post\" aria-label=\"Contact form\" novalidate=\"novalidate\" data-status=\"init\">\n<input type=\"hidden\" name=\"_wpcf7\" value=\"73\" \/><br \/>\n<input type=\"hidden\" name=\"_wpcf7_version\" value=\"5.9\" \/><br \/>\n<input type=\"hidden\" name=\"_wpcf7_locale\" value=\"en_US\" \/><br \/>\n<input type=\"hidden\" name=\"_wpcf7_unit_tag\" value=\"wpcf7-f73-o1\" \/><br \/>\n<input type=\"hidden\" name=\"_wpcf7_container_post\" value=\"0\" \/><br \/>\n<input type=\"hidden\" name=\"_wpcf7_posted_data_hash\" value=\"\" \/><\/p>\n<p><label> Your name<br \/>\n<input size=\"40\" autocomplete=\"name\" aria-required=\"true\" aria-invalid=\"false\" value=\"\" type=\"text\" name=\"your-name\" \/> <\/label>\n<\/p>\n<p><label> Your email<br \/>\n<input size=\"40\" autocomplete=\"email\" aria-required=\"true\" aria-invalid=\"false\" value=\"\" type=\"email\" name=\"your-email\" \/> <\/label>\n<\/p>\n<p><label> Subject<br \/>\n<input size=\"40\" aria-required=\"true\" aria-invalid=\"false\" value=\"\" type=\"text\" name=\"your-subject\" \/> <\/label>\n<\/p>\n<p><label> Your message (optional)<br \/>\n<textarea cols=\"40\" rows=\"10\" aria-invalid=\"false\" name=\"your-message\"><\/textarea> <\/label>\n<\/p>\n<p><input type=\"submit\" value=\"Submit\" \/>\n<\/p>\n<\/form>\n<\/section>\n<link rel=\"stylesheet\" href=\"https:\/\/demo.bosathemes.com\/shoppable\/hello-shoppable\/wp-content\/plugins\/elementor\/assets\/css\/widget-icon-box.min.css\">\n<h3>\n\t\t\t\t\t\tAddress<br \/>\n\t\t\t\t<\/h3>\n<p>\n\t\t\t\t\t\tVisit us at :\t\t\t\t\t<\/p>\n<link rel=\"stylesheet\" href=\"https:\/\/demo.bosathemes.com\/shoppable\/hello-shoppable\/wp-content\/plugins\/elementor\/assets\/css\/widget-icon-list.min.css\">\n<ul>\n<li>\n\t\t\t\t\t\t\t\t\t\t65th Street, Los Angeles,\n\t\t\t\t\t\t\t\t\t<\/li>\n<li>\n\t\t\t\t\t\t\t\t\t\t3rd Street, San Andreas,\n\t\t\t\t\t\t\t\t\t<\/li>\n<\/ul>\n<h3>\n\t\t\t\t\t\t24\/7 Service<br \/>\n\t\t\t\t<\/h3>\n<p>\n\t\t\t\t\t\tCall us on :\t\t\t\t\t<\/p>\n<ul>\n<li>\n\t\t\t\t\t\t\t\t\t\t\t<a href=\"#\"><br \/>\n\t\t\t\t\t\t\t\t\t\t\tTel : +81-245-54896<br \/>\n\t\t\t\t\t\t\t\t\t\t\t<\/a>\n\t\t\t\t\t\t\t\t\t<\/li>\n<li>\n\t\t\t\t\t\t\t\t\t\t\t<a href=\"#\"><br \/>\n\t\t\t\t\t\t\t\t\t\t\tMob : +81-125-87965<br \/>\n\t\t\t\t\t\t\t\t\t\t\t<\/a>\n\t\t\t\t\t\t\t\t\t<\/li>\n<\/ul>\n<h3>\n\t\t\t\t\t\tDrop A Line<br \/>\n\t\t\t\t<\/h3>\n<p>\n\t\t\t\t\t\tMail address :\t\t\t\t\t<\/p>\n<ul>\n<li>\n\t\t\t\t\t\t\t\t\t\t\t<a href=\"#\"><br \/>\n\t\t\t\t\t\t\t\t\t\t\tinfo@domain.com<br \/>\n\t\t\t\t\t\t\t\t\t\t\t<\/a>\n\t\t\t\t\t\t\t\t\t<\/li>\n<li>\n\t\t\t\t\t\t\t\t\t\t\t<a href=\"#\"><br \/>\n\t\t\t\t\t\t\t\t\t\t\tdomain@company.com<br \/>\n\t\t\t\t\t\t\t\t\t\t\t<\/a>\n\t\t\t\t\t\t\t\t\t<\/li>\n<\/ul>\n<h3>\n\t\t\t\t\t\tOffice Hours<br \/>\n\t\t\t\t<\/h3>\n<p>\n\t\t\t\t\t\tOpening Time :\t\t\t\t\t<\/p>\n<ul>\n<li>\n\t\t\t\t\t\t\t\t\t\tMon \u2013 Fri : 9am \u2013 6pm\n\t\t\t\t\t\t\t\t\t<\/li>\n<li>\n\t\t\t\t\t\t\t\t\t\tSunday (Closed)\n\t\t\t\t\t\t\t\t\t<\/li>\n<\/ul>\n","protected":false},"excerpt":{"rendered":"<p>Contact Contact And Get In Reach Us ! Vivamus ex, pellentesque, ratione! Consequat dolor, nihil convallis ligula. Cum maxime vivamus iaculis officia amet, inventore, possimus, illo, morbi repellat nostrud sodales cras facilis, facilisi maxime vivam. Follow us on social media : Facebook Twitter Youtube Instagram Whatsapp Behance Your name Your email Subject Your message (optional) [&hellip;]<\/p>\n","protected":false},"author":1,"featured_media":0,"parent":0,"menu_order":0,"comment_status":"closed","ping_status":"closed","template":"elementor_header_footer","meta":{"_et_pb_use_builder":"","_et_pb_old_content":"","_et_gb_content_width":"","_uf_show_specific_survey":0,"_uf_disable_surveys":false,"footnotes":""},"class_list":["post-10996","page","type-page","status-publish","hentry"],"yoast_head":"<!-- This site is optimized with the Yoast SEO plugin v27.4 - https:\/\/yoast.com\/product\/yoast-seo-wordpress\/ -->\n<title>Contact - Nakit od polimerne gline, ro\u0111endanski komplet, ukrasni jastuci<\/title>\n<meta name=\"description\" content=\"Stvaram jednostavne komade nakita od polimerne gline koje mo\u017eete nositi svaki dan i u posebnim prilikama po Va\u0161im \u017eeljama. Nakit\/nau\u0161nice\/narukvice\/ogrlice, dje\u010dji ro\u0111endanski kompleti\u0107i (bodi, majica, suknja), ukrasni jastuci, gumice (scruchie) za kosu, okviri za uspomenu, privjesak za klju\u010deve\" \/>\n<meta name=\"robots\" content=\"index, follow, max-snippet:-1, max-image-preview:large, max-video-preview:-1\" \/>\n<link rel=\"canonical\" href=\"https:\/\/lesis-creations.com\/en\/contact\/\" \/>\n<meta property=\"og:locale\" content=\"en_GB\" \/>\n<meta property=\"og:type\" content=\"article\" \/>\n<meta property=\"og:title\" content=\"Contact - Nakit od polimerne gline, ro\u0111endanski komplet, ukrasni jastuci\" \/>\n<meta property=\"og:description\" content=\"Stvaram jednostavne komade nakita od polimerne gline koje mo\u017eete nositi svaki dan i u posebnim prilikama po Va\u0161im \u017eeljama. Nakit\/nau\u0161nice\/narukvice\/ogrlice, dje\u010dji ro\u0111endanski kompleti\u0107i (bodi, majica, suknja), ukrasni jastuci, gumice (scruchie) za kosu, okviri za uspomenu, privjesak za klju\u010deve\" \/>\n<meta property=\"og:url\" content=\"https:\/\/lesis-creations.com\/en\/contact\/\" \/>\n<meta property=\"og:site_name\" content=\"Nakit od polimerne gline, ro\u0111endanski komplet, ukrasni jastuci\" \/>\n<meta property=\"article:publisher\" content=\"https:\/\/facebook.com\/NakitLesis\" \/>\n<meta property=\"article:modified_time\" content=\"2024-10-06T20:11:55+00:00\" \/>\n<meta property=\"og:image\" content=\"https:\/\/lesis-creations.com\/wp-content\/uploads\/2022\/09\/le-sis-creations-logo-1.jpg\" \/>\n\t<meta property=\"og:image:width\" content=\"500\" \/>\n\t<meta property=\"og:image:height\" content=\"500\" \/>\n\t<meta property=\"og:image:type\" content=\"image\/jpeg\" \/>\n<meta name=\"twitter:card\" content=\"summary_large_image\" \/>\n<script type=\"application\/ld+json\" class=\"yoast-schema-graph\">{\"@context\":\"https:\\\/\\\/schema.org\",\"@graph\":[{\"@type\":\"WebPage\",\"@id\":\"https:\\\/\\\/lesis-creations.com\\\/contact\\\/\",\"url\":\"https:\\\/\\\/lesis-creations.com\\\/contact\\\/\",\"name\":\"Contact - Nakit od polimerne gline, ro\u0111endanski komplet, ukrasni jastuci\",\"isPartOf\":{\"@id\":\"https:\\\/\\\/lesis-creations.com\\\/#website\"},\"datePublished\":\"2023-04-28T05:24:01+00:00\",\"dateModified\":\"2024-10-06T20:11:55+00:00\",\"description\":\"Stvaram jednostavne komade nakita od polimerne gline koje mo\u017eete nositi svaki dan i u posebnim prilikama po Va\u0161im \u017eeljama. Nakit\\\/nau\u0161nice\\\/narukvice\\\/ogrlice, dje\u010dji ro\u0111endanski kompleti\u0107i (bodi, majica, suknja), ukrasni jastuci, gumice (scruchie) za kosu, okviri za uspomenu, privjesak za klju\u010deve\",\"breadcrumb\":{\"@id\":\"https:\\\/\\\/lesis-creations.com\\\/contact\\\/#breadcrumb\"},\"inLanguage\":\"en-GB\",\"potentialAction\":[{\"@type\":\"ReadAction\",\"target\":[\"https:\\\/\\\/lesis-creations.com\\\/contact\\\/\"]}]},{\"@type\":\"BreadcrumbList\",\"@id\":\"https:\\\/\\\/lesis-creations.com\\\/contact\\\/#breadcrumb\",\"itemListElement\":[{\"@type\":\"ListItem\",\"position\":1,\"name\":\"Home\",\"item\":\"https:\\\/\\\/lesis-creations.com\\\/\"},{\"@type\":\"ListItem\",\"position\":2,\"name\":\"Contact\"}]},{\"@type\":\"WebSite\",\"@id\":\"https:\\\/\\\/lesis-creations.com\\\/#website\",\"url\":\"https:\\\/\\\/lesis-creations.com\\\/\",\"name\":\"Nakit od polimerne gline, ro\u0111endanski komplet, ukrasni jastuci\",\"description\":\"Nakit, nau\u0161nice, ogrlice, narukvice, ro\u0111endanski komplet, ukras\",\"publisher\":{\"@id\":\"https:\\\/\\\/lesis-creations.com\\\/#organization\"},\"alternateName\":\"Nakit\\\/nau\u0161nice\\\/narukvice\\\/ogrlice, dje\u010dji ro\u0111endanski kompleti\u0107i (bodi, majica, suknja), ukrasni jednorog jastuci, gumice (scruchie) za kosu, okviri za uspomenu\",\"potentialAction\":[{\"@type\":\"SearchAction\",\"target\":{\"@type\":\"EntryPoint\",\"urlTemplate\":\"https:\\\/\\\/lesis-creations.com\\\/?s={search_term_string}\"},\"query-input\":{\"@type\":\"PropertyValueSpecification\",\"valueRequired\":true,\"valueName\":\"search_term_string\"}}],\"inLanguage\":\"en-GB\"},{\"@type\":\"Organization\",\"@id\":\"https:\\\/\\\/lesis-creations.com\\\/#organization\",\"name\":\"Lesis-creations, obrt za proizvodnju, trgovinu i usluge\",\"alternateName\":\"Nakit\\\/nau\u0161nice\\\/narukvice\\\/ogrlice, dje\u010dji ro\u0111endanski kompleti\u0107i (bodi, majica, suknja), ukrasni jednorog jastuci, gumice (scruchie) za kosu, okviri za uspomenu\",\"url\":\"https:\\\/\\\/lesis-creations.com\\\/\",\"logo\":{\"@type\":\"ImageObject\",\"inLanguage\":\"en-GB\",\"@id\":\"https:\\\/\\\/lesis-creations.com\\\/#\\\/schema\\\/logo\\\/image\\\/\",\"url\":\"https:\\\/\\\/lesis-creations.com\\\/wp-content\\\/uploads\\\/2022\\\/09\\\/le-sis-creations-logo-1.jpg\",\"contentUrl\":\"https:\\\/\\\/lesis-creations.com\\\/wp-content\\\/uploads\\\/2022\\\/09\\\/le-sis-creations-logo-1.jpg\",\"width\":500,\"height\":500,\"caption\":\"Lesis-creations, obrt za proizvodnju, trgovinu i usluge\"},\"image\":{\"@id\":\"https:\\\/\\\/lesis-creations.com\\\/#\\\/schema\\\/logo\\\/image\\\/\"},\"sameAs\":[\"https:\\\/\\\/facebook.com\\\/NakitLesis\",\"https:\\\/\\\/instagram.com\\\/nakitlesis\"]}]}<\/script>\n<!-- \/ Yoast SEO plugin. -->","yoast_head_json":{"title":"Contact - Nakit od polimerne gline, ro\u0111endanski komplet, ukrasni jastuci","description":"Stvaram jednostavne komade nakita od polimerne gline koje mo\u017eete nositi svaki dan i u posebnim prilikama po Va\u0161im \u017eeljama. Nakit\/nau\u0161nice\/narukvice\/ogrlice, dje\u010dji ro\u0111endanski kompleti\u0107i (bodi, majica, suknja), ukrasni jastuci, gumice (scruchie) za kosu, okviri za uspomenu, privjesak za klju\u010deve","robots":{"index":"index","follow":"follow","max-snippet":"max-snippet:-1","max-image-preview":"max-image-preview:large","max-video-preview":"max-video-preview:-1"},"canonical":"https:\/\/lesis-creations.com\/en\/contact\/","og_locale":"en_GB","og_type":"article","og_title":"Contact - Nakit od polimerne gline, ro\u0111endanski komplet, ukrasni jastuci","og_description":"Stvaram jednostavne komade nakita od polimerne gline koje mo\u017eete nositi svaki dan i u posebnim prilikama po Va\u0161im \u017eeljama. Nakit\/nau\u0161nice\/narukvice\/ogrlice, dje\u010dji ro\u0111endanski kompleti\u0107i (bodi, majica, suknja), ukrasni jastuci, gumice (scruchie) za kosu, okviri za uspomenu, privjesak za klju\u010deve","og_url":"https:\/\/lesis-creations.com\/en\/contact\/","og_site_name":"Nakit od polimerne gline, ro\u0111endanski komplet, ukrasni jastuci","article_publisher":"https:\/\/facebook.com\/NakitLesis","article_modified_time":"2024-10-06T20:11:55+00:00","og_image":[{"width":500,"height":500,"url":"https:\/\/lesis-creations.com\/wp-content\/uploads\/2022\/09\/le-sis-creations-logo-1.jpg","type":"image\/jpeg"}],"twitter_card":"summary_large_image","schema":{"@context":"https:\/\/schema.org","@graph":[{"@type":"WebPage","@id":"https:\/\/lesis-creations.com\/contact\/","url":"https:\/\/lesis-creations.com\/contact\/","name":"Contact - Nakit od polimerne gline, ro\u0111endanski komplet, ukrasni jastuci","isPartOf":{"@id":"https:\/\/lesis-creations.com\/#website"},"datePublished":"2023-04-28T05:24:01+00:00","dateModified":"2024-10-06T20:11:55+00:00","description":"Stvaram jednostavne komade nakita od polimerne gline koje mo\u017eete nositi svaki dan i u posebnim prilikama po Va\u0161im \u017eeljama. Nakit\/nau\u0161nice\/narukvice\/ogrlice, dje\u010dji ro\u0111endanski kompleti\u0107i (bodi, majica, suknja), ukrasni jastuci, gumice (scruchie) za kosu, okviri za uspomenu, privjesak za klju\u010deve","breadcrumb":{"@id":"https:\/\/lesis-creations.com\/contact\/#breadcrumb"},"inLanguage":"en-GB","potentialAction":[{"@type":"ReadAction","target":["https:\/\/lesis-creations.com\/contact\/"]}]},{"@type":"BreadcrumbList","@id":"https:\/\/lesis-creations.com\/contact\/#breadcrumb","itemListElement":[{"@type":"ListItem","position":1,"name":"Home","item":"https:\/\/lesis-creations.com\/"},{"@type":"ListItem","position":2,"name":"Contact"}]},{"@type":"WebSite","@id":"https:\/\/lesis-creations.com\/#website","url":"https:\/\/lesis-creations.com\/","name":"Nakit od polimerne gline, ro\u0111endanski komplet, ukrasni jastuci","description":"Nakit, nau\u0161nice, ogrlice, narukvice, ro\u0111endanski komplet, ukras","publisher":{"@id":"https:\/\/lesis-creations.com\/#organization"},"alternateName":"Nakit\/nau\u0161nice\/narukvice\/ogrlice, dje\u010dji ro\u0111endanski kompleti\u0107i (bodi, majica, suknja), ukrasni jednorog jastuci, gumice (scruchie) za kosu, okviri za uspomenu","potentialAction":[{"@type":"SearchAction","target":{"@type":"EntryPoint","urlTemplate":"https:\/\/lesis-creations.com\/?s={search_term_string}"},"query-input":{"@type":"PropertyValueSpecification","valueRequired":true,"valueName":"search_term_string"}}],"inLanguage":"en-GB"},{"@type":"Organization","@id":"https:\/\/lesis-creations.com\/#organization","name":"Lesis-creations, obrt za proizvodnju, trgovinu i usluge","alternateName":"Nakit\/nau\u0161nice\/narukvice\/ogrlice, dje\u010dji ro\u0111endanski kompleti\u0107i (bodi, majica, suknja), ukrasni jednorog jastuci, gumice (scruchie) za kosu, okviri za uspomenu","url":"https:\/\/lesis-creations.com\/","logo":{"@type":"ImageObject","inLanguage":"en-GB","@id":"https:\/\/lesis-creations.com\/#\/schema\/logo\/image\/","url":"https:\/\/lesis-creations.com\/wp-content\/uploads\/2022\/09\/le-sis-creations-logo-1.jpg","contentUrl":"https:\/\/lesis-creations.com\/wp-content\/uploads\/2022\/09\/le-sis-creations-logo-1.jpg","width":500,"height":500,"caption":"Lesis-creations, obrt za proizvodnju, trgovinu i usluge"},"image":{"@id":"https:\/\/lesis-creations.com\/#\/schema\/logo\/image\/"},"sameAs":["https:\/\/facebook.com\/NakitLesis","https:\/\/instagram.com\/nakitlesis"]}]}},"_links":{"self":[{"href":"https:\/\/lesis-creations.com\/en\/wp-json\/wp\/v2\/pages\/10996","targetHints":{"allow":["GET"]}}],"collection":[{"href":"https:\/\/lesis-creations.com\/en\/wp-json\/wp\/v2\/pages"}],"about":[{"href":"https:\/\/lesis-creations.com\/en\/wp-json\/wp\/v2\/types\/page"}],"author":[{"embeddable":true,"href":"https:\/\/lesis-creations.com\/en\/wp-json\/wp\/v2\/users\/1"}],"replies":[{"embeddable":true,"href":"https:\/\/lesis-creations.com\/en\/wp-json\/wp\/v2\/comments?post=10996"}],"version-history":[{"count":1,"href":"https:\/\/lesis-creations.com\/en\/wp-json\/wp\/v2\/pages\/10996\/revisions"}],"predecessor-version":[{"id":10997,"href":"https:\/\/lesis-creations.com\/en\/wp-json\/wp\/v2\/pages\/10996\/revisions\/10997"}],"wp:attachment":[{"href":"https:\/\/lesis-creations.com\/en\/wp-json\/wp\/v2\/media?parent=10996"}],"curies":[{"name":"wp","href":"https:\/\/api.w.org\/{rel}","templated":true}]}}